{"id":6993,"date":"2025-01-17T10:24:13","date_gmt":"2025-01-17T10:24:13","guid":{"rendered":"https:\/\/dreamcatcher.ws\/portafoglio\/honayda\/"},"modified":"2025-01-30T14:32:23","modified_gmt":"2025-01-30T14:32:23","slug":"honayda","status":"publish","type":"page","link":"https:\/\/dreamcatcher.ws\/it\/portafoglio\/honayda\/","title":{"rendered":"Honayda"},"content":{"rendered":"\t\t<div data-elementor-type=\"wp-page\" data-elementor-id=\"6993\" class=\"elementor elementor-6993\" data-elementor-post-type=\"page\">\n\t\t\t\t<div class=\"elementor-element elementor-element-b173e1e hm-banner e-flex e-con-boxed e-con e-parent\" data-id=\"b173e1e\" data-element_type=\"container\" data-e-type=\"container\" data-settings=\"{&quot;background_background&quot;:&quot;classic&quot;}\">\n\t\t\t\t\t<div class=\"e-con-inner\">\n\t\t<div class=\"elementor-element elementor-element-e1bb7b3 e-con-full banner-content-wrap e-flex e-con e-child\" data-id=\"e1bb7b3\" data-element_type=\"container\" data-e-type=\"container\" data-settings=\"{&quot;background_background&quot;:&quot;video&quot;}\">\n\t\t\t\t<div class=\"elementor-element elementor-element-ba1c8bd elementor-widget elementor-widget-heading\" data-id=\"ba1c8bd\" data-element_type=\"widget\" data-e-type=\"widget\" data-widget_type=\"heading.default\">\n\t\t\t\t<div class=\"elementor-widget-container\">\n\t\t\t\t\t<p class=\"elementor-heading-title elementor-size-default\">HONAYDA<\/p>\t\t\t\t<\/div>\n\t\t\t\t<\/div>\n\t\t\t\t<div class=\"elementor-element elementor-element-11ff0a9 elementor-widget__width-initial elementor-widget elementor-widget-heading\" data-id=\"11ff0a9\" data-element_type=\"widget\" data-e-type=\"widget\" data-widget_type=\"heading.default\">\n\t\t\t\t<div class=\"elementor-widget-container\">\n\t\t\t\t\t<h1 class=\"elementor-heading-title elementor-size-default\">Fondata in Arabia Saudita nel 2016<br> da Honayda Serafi<\/h1>\t\t\t\t<\/div>\n\t\t\t\t<\/div>\n\t\t\t\t<div class=\"elementor-element elementor-element-a23e761 honayda-scroll-text elementor-hidden-mobile elementor-widget elementor-widget-text-editor\" data-id=\"a23e761\" data-element_type=\"widget\" data-e-type=\"widget\" id=\"scroll-down\" data-widget_type=\"text-editor.default\">\n\t\t\t\t<div class=\"elementor-widget-container\">\n\t\t\t\t\t\t\t\t\t<p><a href=\"#honayda\">Scorri per i dettagli<\/a><\/p>\n\t\t\t\t\t\t\t\t<\/div>\n\t\t\t\t<\/div>\n\t\t\t\t<\/div>\n\t\t\t\t\t<\/div>\n\t\t\t\t<\/div>\n\t\t<div class=\"elementor-element elementor-element-efd6452 e-flex e-con-boxed e-con e-parent\" data-id=\"efd6452\" data-element_type=\"container\" data-e-type=\"container\" id=\"honayda\">\n\t\t\t\t\t<div class=\"e-con-inner\">\n\t\t<div class=\"elementor-element elementor-element-34aa762 e-con-full e-flex e-con e-child\" data-id=\"34aa762\" data-element_type=\"container\" data-e-type=\"container\">\n\t\t\t\t<div class=\"elementor-element elementor-element-7197535 elementor-widget elementor-widget-image\" data-id=\"7197535\" data-element_type=\"widget\" data-e-type=\"widget\" data-widget_type=\"image.default\">\n\t\t\t\t<div class=\"elementor-widget-container\">\n\t\t\t\t\t\t\t\t\t\t\t\t\t\t\t<img loading=\"lazy\" decoding=\"async\" width=\"1324\" height=\"207\" src=\"https:\/\/dreamcatcher.ws\/wp-content\/uploads\/2025\/01\/Image-63.png\" class=\"attachment-full size-full wp-image-6980\" alt=\"\" srcset=\"https:\/\/dreamcatcher.ws\/wp-content\/uploads\/2025\/01\/Image-63.png 1324w, https:\/\/dreamcatcher.ws\/wp-content\/uploads\/2025\/01\/Image-63-300x47.png 300w, https:\/\/dreamcatcher.ws\/wp-content\/uploads\/2025\/01\/Image-63-1024x160.png 1024w, https:\/\/dreamcatcher.ws\/wp-content\/uploads\/2025\/01\/Image-63-768x120.png 768w\" sizes=\"auto, (max-width: 1324px) 100vw, 1324px\" \/>\t\t\t\t\t\t\t\t\t\t\t\t\t\t\t<\/div>\n\t\t\t\t<\/div>\n\t\t\t\t<div class=\"elementor-element elementor-element-3e6f4ef csd-content elementor-widget elementor-widget-text-editor\" data-id=\"3e6f4ef\" data-element_type=\"widget\" data-e-type=\"widget\" data-widget_type=\"text-editor.default\">\n\t\t\t\t<div class=\"elementor-widget-container\">\n\t\t\t\t\t\t\t\t\t<div>\n<div>Fondato in Arabia Saudita nel 2016 da Honayda Serafi, HONAYDA \u00e8 un marchio internazionale di pr\u00eat-\u00e0-porter di lusso che crea modelli senza tempo, contemporanei ed elegantemente confortevoli per le donne moderne.<\/div>\n<p><\/p>\n<div>HONAYDA ha la missione di dare potere alle donne attraverso ogni collezione, riflettendo la storia di una donna memorabile che ha segnato la storia in un certo momento attraverso ogni design.<\/div>\n<p><\/p>\n<div>Per questo motivo, la direttrice creativa Honayda inserisce un significato e un simbolismo in ogni suo disegno, celebrando le donne in tutta la loro diversit\u00e0.<\/div>\n<p><\/p>\n<div>Cerchiamo costantemente di offrire l&#8217;eccellenza creando prodotti con i pi\u00f9 alti standard di qualit\u00e0 e design eterni che durano nel tempo e diventano elementi essenziali nel guardaroba di una donna dinamica e sofisticata.<\/div>\n<p><\/p>\n<div>Un marchio consapevole, che non solo punta al design e all&#8217;innovazione ma anche a pratiche di produzione sostenibili, il nostro team ha deciso di riutilizzare i tessuti inutilizzati nelle prossime collezioni e nelle nuove linee di prodotti, con l&#8217;obiettivo di contribuire alla riduzione dei rifiuti provenienti dall&#8217;industria della moda.<\/div>\n<p><\/p>\n<div>Legata da un forte legame con l&#8217;arte e la cultura, la direttrice creativa Honayda Serafi, che \u00e8 riuscita a mantenere l&#8217;identit\u00e0 internazionale del marchio utilizzando in modo sottile le sue radici tradizionali, si adopera per mantenere vive le tradizioni, combinando attraverso i suoi modelli elementi della tradizione con l&#8217;artigianato moderno.<\/div>\n<\/div>\n\t\t\t\t\t\t\t\t<\/div>\n\t\t\t\t<\/div>\n\t\t\t\t<\/div>\n\t\t<div class=\"elementor-element elementor-element-e70b835 e-con-full e-flex e-con e-child\" data-id=\"e70b835\" data-element_type=\"container\" data-e-type=\"container\">\n\t\t\t\t<div class=\"elementor-element elementor-element-e65e2a7 elementor-widget elementor-widget-text-editor\" data-id=\"e65e2a7\" data-element_type=\"widget\" data-e-type=\"widget\" data-widget_type=\"text-editor.default\">\n\t\t\t\t<div class=\"elementor-widget-container\">\n\t\t\t\t\t\t\t\t\t<p>VISUALIZZA IL SITO<\/p>\n\t\t\t\t\t\t\t\t<\/div>\n\t\t\t\t<\/div>\n\t\t\t\t<div class=\"elementor-element elementor-element-cb27b19 shop-link elementor-widget elementor-widget-text-editor\" data-id=\"cb27b19\" data-element_type=\"widget\" data-e-type=\"widget\" data-widget_type=\"text-editor.default\">\n\t\t\t\t<div class=\"elementor-widget-container\">\n\t\t\t\t\t\t\t\t\t<p><a href=\"https:\/\/www.honayda.com\/\" target=\"_blank\" rel=\"noopener\">honayda.com<\/a><\/p>\n\t\t\t\t\t\t\t\t<\/div>\n\t\t\t\t<\/div>\n\t\t\t\t<div class=\"elementor-element elementor-element-a8ff310 shop-listing elementor-widget elementor-widget-text-editor\" data-id=\"a8ff310\" data-element_type=\"widget\" data-e-type=\"widget\" data-widget_type=\"text-editor.default\">\n\t\t\t\t<div class=\"elementor-widget-container\">\n\t\t\t\t\t\t\t\t\t<ul>\n<li><strong>Dare potere alle donne attraverso un&#8217;eleganza senza tempo<\/strong><\/li>\n<li>Femminilit\u00e0 moderna<\/li>\n<li>Patrimonio culturale<\/li>\n<li>Espressione artistica<\/li>\n<li>Artigianato sostenibile<\/li>\n<\/ul>\n\t\t\t\t\t\t\t\t<\/div>\n\t\t\t\t<\/div>\n\t\t\t\t<\/div>\n\t\t\t\t\t<\/div>\n\t\t\t\t<\/div>\n\t\t<div class=\"elementor-element elementor-element-b242ef9 e-flex e-con-boxed e-con e-parent\" data-id=\"b242ef9\" data-element_type=\"container\" data-e-type=\"container\" data-settings=\"{&quot;background_background&quot;:&quot;classic&quot;}\">\n\t\t\t\t\t<div class=\"e-con-inner\">\n\t\t\t\t<div class=\"elementor-element elementor-element-a10748f elementor-widget elementor-widget-image\" data-id=\"a10748f\" data-element_type=\"widget\" data-e-type=\"widget\" data-widget_type=\"image.default\">\n\t\t\t\t<div class=\"elementor-widget-container\">\n\t\t\t\t\t\t\t\t\t\t\t\t\t\t\t<img loading=\"lazy\" decoding=\"async\" width=\"2400\" height=\"1600\" src=\"https:\/\/dreamcatcher.ws\/wp-content\/uploads\/2025\/01\/fw23@2x.png\" class=\"attachment-full size-full wp-image-6995\" alt=\"\" srcset=\"https:\/\/dreamcatcher.ws\/wp-content\/uploads\/2025\/01\/fw23@2x.png 2400w, https:\/\/dreamcatcher.ws\/wp-content\/uploads\/2025\/01\/fw23@2x-300x200.png 300w, https:\/\/dreamcatcher.ws\/wp-content\/uploads\/2025\/01\/fw23@2x-1024x683.png 1024w, https:\/\/dreamcatcher.ws\/wp-content\/uploads\/2025\/01\/fw23@2x-768x512.png 768w, https:\/\/dreamcatcher.ws\/wp-content\/uploads\/2025\/01\/fw23@2x-1536x1024.png 1536w, https:\/\/dreamcatcher.ws\/wp-content\/uploads\/2025\/01\/fw23@2x-2048x1365.png 2048w\" sizes=\"auto, (max-width: 2400px) 100vw, 2400px\" \/>\t\t\t\t\t\t\t\t\t\t\t\t\t\t\t<\/div>\n\t\t\t\t<\/div>\n\t\t\t\t\t<\/div>\n\t\t\t\t<\/div>\n\t\t<div class=\"elementor-element elementor-element-f09c698 e-flex e-con-boxed e-con e-parent\" data-id=\"f09c698\" data-element_type=\"container\" data-e-type=\"container\">\n\t\t\t\t\t<div class=\"e-con-inner\">\n\t\t\t\t<div class=\"elementor-element elementor-element-7d50ee6 csd-text elementor-widget__width-initial elementor-widget elementor-widget-text-editor\" data-id=\"7d50ee6\" data-element_type=\"widget\" data-e-type=\"widget\" data-widget_type=\"text-editor.default\">\n\t\t\t\t<div class=\"elementor-widget-container\">\n\t\t\t\t\t\t\t\t\t<h2>Un marchio con una voce, HONAYDA utilizza l&#8217;arte come linguaggio internazionale a vantaggio della sua missione principale: dare potere alle donne.<\/h2>\n\t\t\t\t\t\t\t\t<\/div>\n\t\t\t\t<\/div>\n\t\t\t\t\t<\/div>\n\t\t\t\t<\/div>\n\t\t<div class=\"elementor-element elementor-element-e8441f7 e-flex e-con-boxed e-con e-parent\" data-id=\"e8441f7\" data-element_type=\"container\" data-e-type=\"container\">\n\t\t\t\t\t<div class=\"e-con-inner\">\n\t\t\t\t<div class=\"elementor-element elementor-element-ce2dd81 start-new-project elementor-widget elementor-widget-text-editor\" data-id=\"ce2dd81\" data-element_type=\"widget\" data-e-type=\"widget\" data-widget_type=\"text-editor.default\">\n\t\t\t\t<div class=\"elementor-widget-container\">\n\t\t\t\t\t\t\t\t\t<h2>Stai iniziando un nuovo progetto?<\/h2>\n\t\t\t\t\t\t\t\t<\/div>\n\t\t\t\t<\/div>\n\t\t\t\t<div class=\"elementor-element elementor-element-362ecce elementor-hidden-desktop elementor-hidden-laptop elementor-hidden-tablet elementor-hidden-mobile elementor-widget elementor-widget-global elementor-global-7014 elementor-global-5546 elementor-widget-button\" data-id=\"362ecce\" data-element_type=\"widget\" data-e-type=\"widget\" data-widget_type=\"button.default\">\n\t\t\t\t<div class=\"elementor-widget-container\">\n\t\t\t\t\t\t\t\t\t<div class=\"elementor-button-wrapper\">\n\t\t\t\t\t<a class=\"elementor-button elementor-button-link elementor-size-sm\" href=\"https:\/\/dreamcatcher.ws\/it\/contattaci\/\" id=\"df-btn\">\n\t\t\t\t\t\t<span class=\"elementor-button-content-wrapper\">\n\t\t\t\t\t\t\t\t\t<span class=\"elementor-button-text\">DITECI DI PI\u00d9<\/span>\n\t\t\t\t\t<\/span>\n\t\t\t\t\t<\/a>\n\t\t\t\t<\/div>\n\t\t\t\t\t\t\t\t<\/div>\n\t\t\t\t<\/div>\n\t\t\t\t\t<\/div>\n\t\t\t\t<\/div>\n\t\t\t\t<\/div>\n\t\t","protected":false},"excerpt":{"rendered":"<p>HONAYDA Fondata in Arabia Saudita nel 2016 da Honayda Serafi Scorri per i dettagli Fondato in Arabia Saudita nel 2016 da Honayda Serafi, HONAYDA \u00e8 un marchio internazionale di pr\u00eat-\u00e0-porter di lusso che crea modelli senza tempo, contemporanei ed elegantemente confortevoli per le donne moderne. HONAYDA ha la missione di dare potere alle donne attraverso [&hellip;]<\/p>\n","protected":false},"author":1,"featured_media":6930,"parent":6962,"menu_order":0,"comment_status":"closed","ping_status":"closed","template":"elementor_header_footer","meta":{"footnotes":""},"class_list":["post-6993","page","type-page","status-publish","has-post-thumbnail","hentry"],"yoast_head":"<!-- This site is optimized with the Yoast SEO plugin v27.3 - https:\/\/yoast.com\/product\/yoast-seo-wordpress\/ -->\n<title>Honayda - Dreamcatcher<\/title>\n<meta name=\"robots\" content=\"index, follow, max-snippet:-1, max-image-preview:large, max-video-preview:-1\" \/>\n<link rel=\"canonical\" href=\"https:\/\/dreamcatcher.ws\/it\/portafoglio\/honayda\/\" \/>\n<meta property=\"og:locale\" content=\"it_IT\" \/>\n<meta property=\"og:type\" content=\"article\" \/>\n<meta property=\"og:title\" content=\"Honayda - Dreamcatcher\" \/>\n<meta property=\"og:description\" content=\"HONAYDA Fondata in Arabia Saudita nel 2016 da Honayda Serafi Scorri per i dettagli Fondato in Arabia Saudita nel 2016 da Honayda Serafi, HONAYDA \u00e8 un marchio internazionale di pr\u00eat-\u00e0-porter di lusso che crea modelli senza tempo, contemporanei ed elegantemente confortevoli per le donne moderne. HONAYDA ha la missione di dare potere alle donne attraverso [&hellip;]\" \/>\n<meta property=\"og:url\" content=\"https:\/\/dreamcatcher.ws\/it\/portafoglio\/honayda\/\" \/>\n<meta property=\"og:site_name\" content=\"Dreamcatcher\" \/>\n<meta property=\"article:modified_time\" content=\"2025-01-30T14:32:23+00:00\" \/>\n<meta property=\"og:image\" content=\"https:\/\/dreamcatcher.ws\/wp-content\/uploads\/2025\/01\/site-thum.png\" \/>\n\t<meta property=\"og:image:width\" content=\"536\" \/>\n\t<meta property=\"og:image:height\" content=\"536\" \/>\n\t<meta property=\"og:image:type\" content=\"image\/png\" \/>\n<meta name=\"twitter:card\" content=\"summary_large_image\" \/>\n<meta name=\"twitter:label1\" content=\"Tempo di lettura stimato\" \/>\n\t<meta name=\"twitter:data1\" content=\"2 minuti\" \/>\n<script type=\"application\/ld+json\" class=\"yoast-schema-graph\">{\"@context\":\"https:\\\/\\\/schema.org\",\"@graph\":[{\"@type\":\"WebPage\",\"@id\":\"https:\\\/\\\/dreamcatcher.ws\\\/it\\\/portafoglio\\\/honayda\\\/\",\"url\":\"https:\\\/\\\/dreamcatcher.ws\\\/it\\\/portafoglio\\\/honayda\\\/\",\"name\":\"Honayda - Dreamcatcher\",\"isPartOf\":{\"@id\":\"https:\\\/\\\/dreamcatcher.ws\\\/#website\"},\"primaryImageOfPage\":{\"@id\":\"https:\\\/\\\/dreamcatcher.ws\\\/it\\\/portafoglio\\\/honayda\\\/#primaryimage\"},\"image\":{\"@id\":\"https:\\\/\\\/dreamcatcher.ws\\\/it\\\/portafoglio\\\/honayda\\\/#primaryimage\"},\"thumbnailUrl\":\"https:\\\/\\\/dreamcatcher.ws\\\/wp-content\\\/uploads\\\/2025\\\/01\\\/site-thum.png\",\"datePublished\":\"2025-01-17T10:24:13+00:00\",\"dateModified\":\"2025-01-30T14:32:23+00:00\",\"breadcrumb\":{\"@id\":\"https:\\\/\\\/dreamcatcher.ws\\\/it\\\/portafoglio\\\/honayda\\\/#breadcrumb\"},\"inLanguage\":\"it-IT\",\"potentialAction\":[{\"@type\":\"ReadAction\",\"target\":[\"https:\\\/\\\/dreamcatcher.ws\\\/it\\\/portafoglio\\\/honayda\\\/\"]}]},{\"@type\":\"ImageObject\",\"inLanguage\":\"it-IT\",\"@id\":\"https:\\\/\\\/dreamcatcher.ws\\\/it\\\/portafoglio\\\/honayda\\\/#primaryimage\",\"url\":\"https:\\\/\\\/dreamcatcher.ws\\\/wp-content\\\/uploads\\\/2025\\\/01\\\/site-thum.png\",\"contentUrl\":\"https:\\\/\\\/dreamcatcher.ws\\\/wp-content\\\/uploads\\\/2025\\\/01\\\/site-thum.png\",\"width\":536,\"height\":536},{\"@type\":\"BreadcrumbList\",\"@id\":\"https:\\\/\\\/dreamcatcher.ws\\\/it\\\/portafoglio\\\/honayda\\\/#breadcrumb\",\"itemListElement\":[{\"@type\":\"ListItem\",\"position\":1,\"name\":\"Home\",\"item\":\"https:\\\/\\\/dreamcatcher.ws\\\/\"},{\"@type\":\"ListItem\",\"position\":2,\"name\":\"Portafoglio\",\"item\":\"https:\\\/\\\/dreamcatcher.ws\\\/it\\\/portafoglio\\\/\"},{\"@type\":\"ListItem\",\"position\":3,\"name\":\"Honayda\"}]},{\"@type\":\"WebSite\",\"@id\":\"https:\\\/\\\/dreamcatcher.ws\\\/#website\",\"url\":\"https:\\\/\\\/dreamcatcher.ws\\\/\",\"name\":\"Dreamcatcher\",\"description\":\"\",\"publisher\":{\"@id\":\"https:\\\/\\\/dreamcatcher.ws\\\/#organization\"},\"potentialAction\":[{\"@type\":\"SearchAction\",\"target\":{\"@type\":\"EntryPoint\",\"urlTemplate\":\"https:\\\/\\\/dreamcatcher.ws\\\/?s={search_term_string}\"},\"query-input\":{\"@type\":\"PropertyValueSpecification\",\"valueRequired\":true,\"valueName\":\"search_term_string\"}}],\"inLanguage\":\"it-IT\"},{\"@type\":\"Organization\",\"@id\":\"https:\\\/\\\/dreamcatcher.ws\\\/#organization\",\"name\":\"Dreamcatcher\",\"url\":\"https:\\\/\\\/dreamcatcher.ws\\\/\",\"logo\":{\"@type\":\"ImageObject\",\"inLanguage\":\"it-IT\",\"@id\":\"https:\\\/\\\/dreamcatcher.ws\\\/#\\\/schema\\\/logo\\\/image\\\/\",\"url\":\"https:\\\/\\\/dreamcatcher.ws\\\/wp-content\\\/uploads\\\/2025\\\/01\\\/site-thum.png\",\"contentUrl\":\"https:\\\/\\\/dreamcatcher.ws\\\/wp-content\\\/uploads\\\/2025\\\/01\\\/site-thum.png\",\"width\":536,\"height\":536,\"caption\":\"Dreamcatcher\"},\"image\":{\"@id\":\"https:\\\/\\\/dreamcatcher.ws\\\/#\\\/schema\\\/logo\\\/image\\\/\"}}]}<\/script>\n<!-- \/ Yoast SEO plugin. -->","yoast_head_json":{"title":"Honayda - Dreamcatcher","robots":{"index":"index","follow":"follow","max-snippet":"max-snippet:-1","max-image-preview":"max-image-preview:large","max-video-preview":"max-video-preview:-1"},"canonical":"https:\/\/dreamcatcher.ws\/it\/portafoglio\/honayda\/","og_locale":"it_IT","og_type":"article","og_title":"Honayda - Dreamcatcher","og_description":"HONAYDA Fondata in Arabia Saudita nel 2016 da Honayda Serafi Scorri per i dettagli Fondato in Arabia Saudita nel 2016 da Honayda Serafi, HONAYDA \u00e8 un marchio internazionale di pr\u00eat-\u00e0-porter di lusso che crea modelli senza tempo, contemporanei ed elegantemente confortevoli per le donne moderne. HONAYDA ha la missione di dare potere alle donne attraverso [&hellip;]","og_url":"https:\/\/dreamcatcher.ws\/it\/portafoglio\/honayda\/","og_site_name":"Dreamcatcher","article_modified_time":"2025-01-30T14:32:23+00:00","og_image":[{"width":536,"height":536,"url":"https:\/\/dreamcatcher.ws\/wp-content\/uploads\/2025\/01\/site-thum.png","type":"image\/png"}],"twitter_card":"summary_large_image","twitter_misc":{"Tempo di lettura stimato":"2 minuti"},"schema":{"@context":"https:\/\/schema.org","@graph":[{"@type":"WebPage","@id":"https:\/\/dreamcatcher.ws\/it\/portafoglio\/honayda\/","url":"https:\/\/dreamcatcher.ws\/it\/portafoglio\/honayda\/","name":"Honayda - Dreamcatcher","isPartOf":{"@id":"https:\/\/dreamcatcher.ws\/#website"},"primaryImageOfPage":{"@id":"https:\/\/dreamcatcher.ws\/it\/portafoglio\/honayda\/#primaryimage"},"image":{"@id":"https:\/\/dreamcatcher.ws\/it\/portafoglio\/honayda\/#primaryimage"},"thumbnailUrl":"https:\/\/dreamcatcher.ws\/wp-content\/uploads\/2025\/01\/site-thum.png","datePublished":"2025-01-17T10:24:13+00:00","dateModified":"2025-01-30T14:32:23+00:00","breadcrumb":{"@id":"https:\/\/dreamcatcher.ws\/it\/portafoglio\/honayda\/#breadcrumb"},"inLanguage":"it-IT","potentialAction":[{"@type":"ReadAction","target":["https:\/\/dreamcatcher.ws\/it\/portafoglio\/honayda\/"]}]},{"@type":"ImageObject","inLanguage":"it-IT","@id":"https:\/\/dreamcatcher.ws\/it\/portafoglio\/honayda\/#primaryimage","url":"https:\/\/dreamcatcher.ws\/wp-content\/uploads\/2025\/01\/site-thum.png","contentUrl":"https:\/\/dreamcatcher.ws\/wp-content\/uploads\/2025\/01\/site-thum.png","width":536,"height":536},{"@type":"BreadcrumbList","@id":"https:\/\/dreamcatcher.ws\/it\/portafoglio\/honayda\/#breadcrumb","itemListElement":[{"@type":"ListItem","position":1,"name":"Home","item":"https:\/\/dreamcatcher.ws\/"},{"@type":"ListItem","position":2,"name":"Portafoglio","item":"https:\/\/dreamcatcher.ws\/it\/portafoglio\/"},{"@type":"ListItem","position":3,"name":"Honayda"}]},{"@type":"WebSite","@id":"https:\/\/dreamcatcher.ws\/#website","url":"https:\/\/dreamcatcher.ws\/","name":"Dreamcatcher","description":"","publisher":{"@id":"https:\/\/dreamcatcher.ws\/#organization"},"potentialAction":[{"@type":"SearchAction","target":{"@type":"EntryPoint","urlTemplate":"https:\/\/dreamcatcher.ws\/?s={search_term_string}"},"query-input":{"@type":"PropertyValueSpecification","valueRequired":true,"valueName":"search_term_string"}}],"inLanguage":"it-IT"},{"@type":"Organization","@id":"https:\/\/dreamcatcher.ws\/#organization","name":"Dreamcatcher","url":"https:\/\/dreamcatcher.ws\/","logo":{"@type":"ImageObject","inLanguage":"it-IT","@id":"https:\/\/dreamcatcher.ws\/#\/schema\/logo\/image\/","url":"https:\/\/dreamcatcher.ws\/wp-content\/uploads\/2025\/01\/site-thum.png","contentUrl":"https:\/\/dreamcatcher.ws\/wp-content\/uploads\/2025\/01\/site-thum.png","width":536,"height":536,"caption":"Dreamcatcher"},"image":{"@id":"https:\/\/dreamcatcher.ws\/#\/schema\/logo\/image\/"}}]}},"_links":{"self":[{"href":"https:\/\/dreamcatcher.ws\/it\/wp-json\/wp\/v2\/pages\/6993","targetHints":{"allow":["GET"]}}],"collection":[{"href":"https:\/\/dreamcatcher.ws\/it\/wp-json\/wp\/v2\/pages"}],"about":[{"href":"https:\/\/dreamcatcher.ws\/it\/wp-json\/wp\/v2\/types\/page"}],"author":[{"embeddable":true,"href":"https:\/\/dreamcatcher.ws\/it\/wp-json\/wp\/v2\/users\/1"}],"replies":[{"embeddable":true,"href":"https:\/\/dreamcatcher.ws\/it\/wp-json\/wp\/v2\/comments?post=6993"}],"version-history":[{"count":0,"href":"https:\/\/dreamcatcher.ws\/it\/wp-json\/wp\/v2\/pages\/6993\/revisions"}],"up":[{"embeddable":true,"href":"https:\/\/dreamcatcher.ws\/it\/wp-json\/wp\/v2\/pages\/6962"}],"wp:featuredmedia":[{"embeddable":true,"href":"https:\/\/dreamcatcher.ws\/it\/wp-json\/wp\/v2\/media\/6930"}],"wp:attachment":[{"href":"https:\/\/dreamcatcher.ws\/it\/wp-json\/wp\/v2\/media?parent=6993"}],"curies":[{"name":"wp","href":"https:\/\/api.w.org\/{rel}","templated":true}]}}