{"id":6933,"date":"2024-09-28T07:34:38","date_gmt":"2024-09-28T07:34:38","guid":{"rendered":"https:\/\/dreamcatcher.ws\/termini-di-utilizzo\/"},"modified":"2025-01-30T14:33:23","modified_gmt":"2025-01-30T14:33:23","slug":"termini-di-utilizzo","status":"publish","type":"page","link":"https:\/\/dreamcatcher.ws\/it\/termini-di-utilizzo\/","title":{"rendered":"Termini di utilizzo"},"content":{"rendered":"\t\t<div data-elementor-type=\"wp-page\" data-elementor-id=\"6933\" class=\"elementor elementor-6933 elementor-168\" data-elementor-post-type=\"page\">\n\t\t\t\t<div class=\"elementor-element elementor-element-e7d726c e-con-full cookies-content-section e-flex e-con e-parent\" data-id=\"e7d726c\" data-element_type=\"container\" data-e-type=\"container\">\n\t\t<div class=\"elementor-element elementor-element-6aeead5 cookies-content-wrap e-flex e-con-boxed e-con e-child\" data-id=\"6aeead5\" data-element_type=\"container\" data-e-type=\"container\">\n\t\t\t\t\t<div class=\"e-con-inner\">\n\t\t\t\t<div class=\"elementor-element elementor-element-4648f99 elementor-widget elementor-widget-heading\" data-id=\"4648f99\" data-element_type=\"widget\" data-e-type=\"widget\" data-widget_type=\"heading.default\">\n\t\t\t\t<div class=\"elementor-widget-container\">\n\t\t\t\t\t<h1 class=\"elementor-heading-title elementor-size-default\">Condizioni d'uso<\/h1>\t\t\t\t<\/div>\n\t\t\t\t<\/div>\n\t\t\t\t<div class=\"elementor-element elementor-element-1827646 the-content elementor-widget elementor-widget-text-editor\" data-id=\"1827646\" data-element_type=\"widget\" data-e-type=\"widget\" data-widget_type=\"text-editor.default\">\n\t\t\t\t<div class=\"elementor-widget-container\">\n\t\t\t\t\t\t\t\t\t<h2>Accettazione dei termini<\/h2>\n<p>Accedendo e utilizzando il sito web di DreamCatcher (&#8220;Sito&#8221;), accetti di rispettare le presenti Condizioni d&#8217;uso e tutte le leggi e i regolamenti applicabili. Se non sei d&#8217;accordo con questi termini, ti invitiamo ad astenerti dall&#8217;utilizzare il Sito. <\/p>\n<h2>Utilizzo del sito<\/h2>\n<p>Ti viene concessa una licenza limitata, non esclusiva e non trasferibile per l&#8217;accesso e l&#8217;utilizzo del Sito a scopo personale e informativo. L&#8217;utente accetta di non: <\/p>\n<ul>\n<li>Utilizzare il Sito per qualsiasi scopo illegale<\/li>\n<li>intraprendere qualsiasi attivit\u00e0 che possa danneggiare il Sito o il suo funzionamento<\/li>\n<li>tentare di ottenere un accesso non autorizzato a qualsiasi parte del Sito<\/li>\n<\/ul>\n<h2>Propriet\u00e0 intellettuale<\/h2>\n<p>Tutti i contenuti del Sito, compresi testi, grafici, loghi e immagini, sono di propriet\u00e0 di DreamCatcher o dei suoi fornitori di contenuti e sono protetti dalle leggi vigenti in materia di propriet\u00e0 intellettuale. L&#8217;uso non autorizzato di qualsiasi contenuto pu\u00f2 violare tali leggi. <\/p>\n<h2>Limitazione di responsabilit\u00e0<\/h2>\n<p>DreamCatcher non sar\u00e0 responsabile di alcun danno derivante dall&#8217;uso o dall&#8217;impossibilit\u00e0 di usare il Sito, compresi, a titolo esemplificativo, i danni diretti, indiretti, incidentali o consequenziali.<\/p>\n<h2>Legge applicabile<\/h2>\n<p>Le presenti Condizioni d&#8217;uso sono disciplinate dalle leggi del Regno dell&#8217;Arabia Saudita. Eventuali controversie derivanti da questi termini saranno risolte dai tribunali dell&#8217;Arabia Saudita. <\/p>\n\t\t\t\t\t\t\t\t<\/div>\n\t\t\t\t<\/div>\n\t\t\t\t\t<\/div>\n\t\t\t\t<\/div>\n\t\t\t\t<\/div>\n\t\t\t\t<\/div>\n\t\t","protected":false},"excerpt":{"rendered":"<p>Condizioni d&#8217;uso Accettazione dei termini Accedendo e utilizzando il sito web di DreamCatcher (&#8220;Sito&#8221;), accetti di rispettare le presenti Condizioni d&#8217;uso e tutte le leggi e i regolamenti applicabili. Se non sei d&#8217;accordo con questi termini, ti invitiamo ad astenerti dall&#8217;utilizzare il Sito. Utilizzo del sito Ti viene concessa una licenza limitata, non esclusiva e [&hellip;]<\/p>\n","protected":false},"author":1,"featured_media":6930,"parent":0,"menu_order":0,"comment_status":"closed","ping_status":"closed","template":"elementor_header_footer","meta":{"footnotes":""},"class_list":["post-6933","page","type-page","status-publish","has-post-thumbnail","hentry"],"yoast_head":"<!-- This site is optimized with the Yoast SEO plugin v27.3 - https:\/\/yoast.com\/product\/yoast-seo-wordpress\/ -->\n<title>Termini di utilizzo - Dreamcatcher<\/title>\n<meta name=\"robots\" content=\"index, follow, max-snippet:-1, max-image-preview:large, max-video-preview:-1\" \/>\n<link rel=\"canonical\" href=\"https:\/\/dreamcatcher.ws\/it\/termini-di-utilizzo\/\" \/>\n<meta property=\"og:locale\" content=\"it_IT\" \/>\n<meta property=\"og:type\" content=\"article\" \/>\n<meta property=\"og:title\" content=\"Termini di utilizzo - Dreamcatcher\" \/>\n<meta property=\"og:description\" content=\"Condizioni d&#8217;uso Accettazione dei termini Accedendo e utilizzando il sito web di DreamCatcher (&#8220;Sito&#8221;), accetti di rispettare le presenti Condizioni d&#8217;uso e tutte le leggi e i regolamenti applicabili. Se non sei d&#8217;accordo con questi termini, ti invitiamo ad astenerti dall&#8217;utilizzare il Sito. Utilizzo del sito Ti viene concessa una licenza limitata, non esclusiva e [&hellip;]\" \/>\n<meta property=\"og:url\" content=\"https:\/\/dreamcatcher.ws\/it\/termini-di-utilizzo\/\" \/>\n<meta property=\"og:site_name\" content=\"Dreamcatcher\" \/>\n<meta property=\"article:modified_time\" content=\"2025-01-30T14:33:23+00:00\" \/>\n<meta property=\"og:image\" content=\"https:\/\/dreamcatcher.ws\/wp-content\/uploads\/2025\/01\/site-thum.png\" \/>\n\t<meta property=\"og:image:width\" content=\"536\" \/>\n\t<meta property=\"og:image:height\" content=\"536\" \/>\n\t<meta property=\"og:image:type\" content=\"image\/png\" \/>\n<meta name=\"twitter:card\" content=\"summary_large_image\" \/>\n<meta name=\"twitter:label1\" content=\"Tempo di lettura stimato\" \/>\n\t<meta name=\"twitter:data1\" content=\"2 minuti\" \/>\n<script type=\"application\/ld+json\" class=\"yoast-schema-graph\">{\"@context\":\"https:\\\/\\\/schema.org\",\"@graph\":[{\"@type\":\"WebPage\",\"@id\":\"https:\\\/\\\/dreamcatcher.ws\\\/it\\\/termini-di-utilizzo\\\/\",\"url\":\"https:\\\/\\\/dreamcatcher.ws\\\/it\\\/termini-di-utilizzo\\\/\",\"name\":\"Termini di utilizzo - Dreamcatcher\",\"isPartOf\":{\"@id\":\"https:\\\/\\\/dreamcatcher.ws\\\/#website\"},\"primaryImageOfPage\":{\"@id\":\"https:\\\/\\\/dreamcatcher.ws\\\/it\\\/termini-di-utilizzo\\\/#primaryimage\"},\"image\":{\"@id\":\"https:\\\/\\\/dreamcatcher.ws\\\/it\\\/termini-di-utilizzo\\\/#primaryimage\"},\"thumbnailUrl\":\"https:\\\/\\\/dreamcatcher.ws\\\/wp-content\\\/uploads\\\/2025\\\/01\\\/site-thum.png\",\"datePublished\":\"2024-09-28T07:34:38+00:00\",\"dateModified\":\"2025-01-30T14:33:23+00:00\",\"breadcrumb\":{\"@id\":\"https:\\\/\\\/dreamcatcher.ws\\\/it\\\/termini-di-utilizzo\\\/#breadcrumb\"},\"inLanguage\":\"it-IT\",\"potentialAction\":[{\"@type\":\"ReadAction\",\"target\":[\"https:\\\/\\\/dreamcatcher.ws\\\/it\\\/termini-di-utilizzo\\\/\"]}]},{\"@type\":\"ImageObject\",\"inLanguage\":\"it-IT\",\"@id\":\"https:\\\/\\\/dreamcatcher.ws\\\/it\\\/termini-di-utilizzo\\\/#primaryimage\",\"url\":\"https:\\\/\\\/dreamcatcher.ws\\\/wp-content\\\/uploads\\\/2025\\\/01\\\/site-thum.png\",\"contentUrl\":\"https:\\\/\\\/dreamcatcher.ws\\\/wp-content\\\/uploads\\\/2025\\\/01\\\/site-thum.png\",\"width\":536,\"height\":536},{\"@type\":\"BreadcrumbList\",\"@id\":\"https:\\\/\\\/dreamcatcher.ws\\\/it\\\/termini-di-utilizzo\\\/#breadcrumb\",\"itemListElement\":[{\"@type\":\"ListItem\",\"position\":1,\"name\":\"Home\",\"item\":\"https:\\\/\\\/dreamcatcher.ws\\\/\"},{\"@type\":\"ListItem\",\"position\":2,\"name\":\"Termini di utilizzo\"}]},{\"@type\":\"WebSite\",\"@id\":\"https:\\\/\\\/dreamcatcher.ws\\\/#website\",\"url\":\"https:\\\/\\\/dreamcatcher.ws\\\/\",\"name\":\"Dreamcatcher\",\"description\":\"\",\"publisher\":{\"@id\":\"https:\\\/\\\/dreamcatcher.ws\\\/#organization\"},\"potentialAction\":[{\"@type\":\"SearchAction\",\"target\":{\"@type\":\"EntryPoint\",\"urlTemplate\":\"https:\\\/\\\/dreamcatcher.ws\\\/?s={search_term_string}\"},\"query-input\":{\"@type\":\"PropertyValueSpecification\",\"valueRequired\":true,\"valueName\":\"search_term_string\"}}],\"inLanguage\":\"it-IT\"},{\"@type\":\"Organization\",\"@id\":\"https:\\\/\\\/dreamcatcher.ws\\\/#organization\",\"name\":\"Dreamcatcher\",\"url\":\"https:\\\/\\\/dreamcatcher.ws\\\/\",\"logo\":{\"@type\":\"ImageObject\",\"inLanguage\":\"it-IT\",\"@id\":\"https:\\\/\\\/dreamcatcher.ws\\\/#\\\/schema\\\/logo\\\/image\\\/\",\"url\":\"https:\\\/\\\/dreamcatcher.ws\\\/wp-content\\\/uploads\\\/2025\\\/01\\\/site-thum.png\",\"contentUrl\":\"https:\\\/\\\/dreamcatcher.ws\\\/wp-content\\\/uploads\\\/2025\\\/01\\\/site-thum.png\",\"width\":536,\"height\":536,\"caption\":\"Dreamcatcher\"},\"image\":{\"@id\":\"https:\\\/\\\/dreamcatcher.ws\\\/#\\\/schema\\\/logo\\\/image\\\/\"}}]}<\/script>\n<!-- \/ Yoast SEO plugin. -->","yoast_head_json":{"title":"Termini di utilizzo - Dreamcatcher","robots":{"index":"index","follow":"follow","max-snippet":"max-snippet:-1","max-image-preview":"max-image-preview:large","max-video-preview":"max-video-preview:-1"},"canonical":"https:\/\/dreamcatcher.ws\/it\/termini-di-utilizzo\/","og_locale":"it_IT","og_type":"article","og_title":"Termini di utilizzo - Dreamcatcher","og_description":"Condizioni d&#8217;uso Accettazione dei termini Accedendo e utilizzando il sito web di DreamCatcher (&#8220;Sito&#8221;), accetti di rispettare le presenti Condizioni d&#8217;uso e tutte le leggi e i regolamenti applicabili. Se non sei d&#8217;accordo con questi termini, ti invitiamo ad astenerti dall&#8217;utilizzare il Sito. Utilizzo del sito Ti viene concessa una licenza limitata, non esclusiva e [&hellip;]","og_url":"https:\/\/dreamcatcher.ws\/it\/termini-di-utilizzo\/","og_site_name":"Dreamcatcher","article_modified_time":"2025-01-30T14:33:23+00:00","og_image":[{"width":536,"height":536,"url":"https:\/\/dreamcatcher.ws\/wp-content\/uploads\/2025\/01\/site-thum.png","type":"image\/png"}],"twitter_card":"summary_large_image","twitter_misc":{"Tempo di lettura stimato":"2 minuti"},"schema":{"@context":"https:\/\/schema.org","@graph":[{"@type":"WebPage","@id":"https:\/\/dreamcatcher.ws\/it\/termini-di-utilizzo\/","url":"https:\/\/dreamcatcher.ws\/it\/termini-di-utilizzo\/","name":"Termini di utilizzo - Dreamcatcher","isPartOf":{"@id":"https:\/\/dreamcatcher.ws\/#website"},"primaryImageOfPage":{"@id":"https:\/\/dreamcatcher.ws\/it\/termini-di-utilizzo\/#primaryimage"},"image":{"@id":"https:\/\/dreamcatcher.ws\/it\/termini-di-utilizzo\/#primaryimage"},"thumbnailUrl":"https:\/\/dreamcatcher.ws\/wp-content\/uploads\/2025\/01\/site-thum.png","datePublished":"2024-09-28T07:34:38+00:00","dateModified":"2025-01-30T14:33:23+00:00","breadcrumb":{"@id":"https:\/\/dreamcatcher.ws\/it\/termini-di-utilizzo\/#breadcrumb"},"inLanguage":"it-IT","potentialAction":[{"@type":"ReadAction","target":["https:\/\/dreamcatcher.ws\/it\/termini-di-utilizzo\/"]}]},{"@type":"ImageObject","inLanguage":"it-IT","@id":"https:\/\/dreamcatcher.ws\/it\/termini-di-utilizzo\/#primaryimage","url":"https:\/\/dreamcatcher.ws\/wp-content\/uploads\/2025\/01\/site-thum.png","contentUrl":"https:\/\/dreamcatcher.ws\/wp-content\/uploads\/2025\/01\/site-thum.png","width":536,"height":536},{"@type":"BreadcrumbList","@id":"https:\/\/dreamcatcher.ws\/it\/termini-di-utilizzo\/#breadcrumb","itemListElement":[{"@type":"ListItem","position":1,"name":"Home","item":"https:\/\/dreamcatcher.ws\/"},{"@type":"ListItem","position":2,"name":"Termini di utilizzo"}]},{"@type":"WebSite","@id":"https:\/\/dreamcatcher.ws\/#website","url":"https:\/\/dreamcatcher.ws\/","name":"Dreamcatcher","description":"","publisher":{"@id":"https:\/\/dreamcatcher.ws\/#organization"},"potentialAction":[{"@type":"SearchAction","target":{"@type":"EntryPoint","urlTemplate":"https:\/\/dreamcatcher.ws\/?s={search_term_string}"},"query-input":{"@type":"PropertyValueSpecification","valueRequired":true,"valueName":"search_term_string"}}],"inLanguage":"it-IT"},{"@type":"Organization","@id":"https:\/\/dreamcatcher.ws\/#organization","name":"Dreamcatcher","url":"https:\/\/dreamcatcher.ws\/","logo":{"@type":"ImageObject","inLanguage":"it-IT","@id":"https:\/\/dreamcatcher.ws\/#\/schema\/logo\/image\/","url":"https:\/\/dreamcatcher.ws\/wp-content\/uploads\/2025\/01\/site-thum.png","contentUrl":"https:\/\/dreamcatcher.ws\/wp-content\/uploads\/2025\/01\/site-thum.png","width":536,"height":536,"caption":"Dreamcatcher"},"image":{"@id":"https:\/\/dreamcatcher.ws\/#\/schema\/logo\/image\/"}}]}},"_links":{"self":[{"href":"https:\/\/dreamcatcher.ws\/it\/wp-json\/wp\/v2\/pages\/6933","targetHints":{"allow":["GET"]}}],"collection":[{"href":"https:\/\/dreamcatcher.ws\/it\/wp-json\/wp\/v2\/pages"}],"about":[{"href":"https:\/\/dreamcatcher.ws\/it\/wp-json\/wp\/v2\/types\/page"}],"author":[{"embeddable":true,"href":"https:\/\/dreamcatcher.ws\/it\/wp-json\/wp\/v2\/users\/1"}],"replies":[{"embeddable":true,"href":"https:\/\/dreamcatcher.ws\/it\/wp-json\/wp\/v2\/comments?post=6933"}],"version-history":[{"count":0,"href":"https:\/\/dreamcatcher.ws\/it\/wp-json\/wp\/v2\/pages\/6933\/revisions"}],"wp:featuredmedia":[{"embeddable":true,"href":"https:\/\/dreamcatcher.ws\/it\/wp-json\/wp\/v2\/media\/6930"}],"wp:attachment":[{"href":"https:\/\/dreamcatcher.ws\/it\/wp-json\/wp\/v2\/media?parent=6933"}],"curies":[{"name":"wp","href":"https:\/\/api.w.org\/{rel}","templated":true}]}}