{"id":6886,"date":"2024-09-28T07:34:38","date_gmt":"2024-09-28T07:34:38","guid":{"rendered":"https:\/\/dreamcatcher.ws\/conditions-dutilisation\/"},"modified":"2025-01-30T14:08:13","modified_gmt":"2025-01-30T14:08:13","slug":"conditions-dutilisation","status":"publish","type":"page","link":"https:\/\/dreamcatcher.ws\/fr\/conditions-dutilisation\/","title":{"rendered":"Conditions d&rsquo;utilisation"},"content":{"rendered":"\t\t<div data-elementor-type=\"wp-page\" data-elementor-id=\"6886\" class=\"elementor elementor-6886 elementor-168\" data-elementor-post-type=\"page\">\n\t\t\t\t<div class=\"elementor-element elementor-element-e7d726c e-con-full cookies-content-section e-flex e-con e-parent\" data-id=\"e7d726c\" data-element_type=\"container\" data-e-type=\"container\">\n\t\t<div class=\"elementor-element elementor-element-6aeead5 cookies-content-wrap e-flex e-con-boxed e-con e-child\" data-id=\"6aeead5\" data-element_type=\"container\" data-e-type=\"container\">\n\t\t\t\t\t<div class=\"e-con-inner\">\n\t\t\t\t<div class=\"elementor-element elementor-element-4648f99 elementor-widget elementor-widget-heading\" data-id=\"4648f99\" data-element_type=\"widget\" data-e-type=\"widget\" data-widget_type=\"heading.default\">\n\t\t\t\t<div class=\"elementor-widget-container\">\n\t\t\t\t\t<h1 class=\"elementor-heading-title elementor-size-default\">Conditions d'utilisation<\/h1>\t\t\t\t<\/div>\n\t\t\t\t<\/div>\n\t\t\t\t<div class=\"elementor-element elementor-element-1827646 the-content elementor-widget elementor-widget-text-editor\" data-id=\"1827646\" data-element_type=\"widget\" data-e-type=\"widget\" data-widget_type=\"text-editor.default\">\n\t\t\t\t<div class=\"elementor-widget-container\">\n\t\t\t\t\t\t\t\t\t<h2>Acceptation des conditions<\/h2>\n<p>En acc\u00e9dant au site web de DreamCatcher (\u00ab\u00a0Site\u00a0\u00bb) et en l&rsquo;utilisant, vous acceptez de vous conformer aux pr\u00e9sentes conditions d&rsquo;utilisation et \u00e0 toutes les lois et r\u00e9glementations applicables. Si vous n&rsquo;acceptez pas ces conditions, veuillez vous abstenir d&rsquo;utiliser le site. <\/p>\n<h2>Utilisation du site<\/h2>\n<p>Vous disposez d&rsquo;une licence limit\u00e9e, non exclusive et non transf\u00e9rable pour acc\u00e9der au site et l&rsquo;utiliser \u00e0 des fins personnelles et d&rsquo;information. Vous vous engagez \u00e0 ne pas : <\/p>\n<ul>\n<li>utiliser le site \u00e0 des fins ill\u00e9gales<\/li>\n<li>s&rsquo;engager dans une activit\u00e9 qui pourrait nuire au site ou \u00e0 son fonctionnement<\/li>\n<li>tenter d&rsquo;obtenir un acc\u00e8s non autoris\u00e9 \u00e0 toute partie du site<\/li>\n<\/ul>\n<h2>Propri\u00e9t\u00e9 intellectuelle<\/h2>\n<p>Tout le contenu du site, y compris les textes, les graphiques, les logos et les images, est la propri\u00e9t\u00e9 de DreamCatcher ou de ses fournisseurs de contenu et est prot\u00e9g\u00e9 par les lois applicables en mati\u00e8re de propri\u00e9t\u00e9 intellectuelle. L&rsquo;utilisation non autoris\u00e9e de tout contenu peut constituer une violation de ces lois. <\/p>\n<h2>Limitation de la responsabilit\u00e9<\/h2>\n<p>DreamCatcher ne sera pas responsable des dommages r\u00e9sultant de l&rsquo;utilisation ou de l&rsquo;impossibilit\u00e9 d&rsquo;utiliser le site, y compris, mais sans s&rsquo;y limiter, les dommages directs, indirects, accessoires ou cons\u00e9cutifs.<\/p>\n<h2>Droit applicable<\/h2>\n<p>Les pr\u00e9sentes conditions d&rsquo;utilisation sont r\u00e9gies par les lois du Royaume d&rsquo;Arabie saoudite. Tout litige d\u00e9coulant de ces conditions sera r\u00e9gl\u00e9 par les tribunaux d&rsquo;Arabie saoudite. <\/p>\n\t\t\t\t\t\t\t\t<\/div>\n\t\t\t\t<\/div>\n\t\t\t\t\t<\/div>\n\t\t\t\t<\/div>\n\t\t\t\t<\/div>\n\t\t\t\t<\/div>\n\t\t","protected":false},"excerpt":{"rendered":"<p>Conditions d&rsquo;utilisation Acceptation des conditions En acc\u00e9dant au site web de DreamCatcher (\u00ab\u00a0Site\u00a0\u00bb) et en l&rsquo;utilisant, vous acceptez de vous conformer aux pr\u00e9sentes conditions d&rsquo;utilisation et \u00e0 toutes les lois et r\u00e9glementations applicables. Si vous n&rsquo;acceptez pas ces conditions, veuillez vous abstenir d&rsquo;utiliser le site. Utilisation du site Vous disposez d&rsquo;une licence limit\u00e9e, non exclusive [&hellip;]<\/p>\n","protected":false},"author":1,"featured_media":6770,"parent":0,"menu_order":0,"comment_status":"closed","ping_status":"closed","template":"elementor_header_footer","meta":{"footnotes":""},"class_list":["post-6886","page","type-page","status-publish","has-post-thumbnail","hentry"],"yoast_head":"<!-- This site is optimized with the Yoast SEO plugin v27.3 - https:\/\/yoast.com\/product\/yoast-seo-wordpress\/ -->\n<title>Conditions d&#039;utilisation - Dreamcatcher<\/title>\n<meta name=\"robots\" content=\"index, follow, max-snippet:-1, max-image-preview:large, max-video-preview:-1\" \/>\n<link rel=\"canonical\" href=\"https:\/\/dreamcatcher.ws\/fr\/conditions-dutilisation\/\" \/>\n<meta property=\"og:locale\" content=\"fr_FR\" \/>\n<meta property=\"og:type\" content=\"article\" \/>\n<meta property=\"og:title\" content=\"Conditions d&#039;utilisation - Dreamcatcher\" \/>\n<meta property=\"og:description\" content=\"Conditions d&rsquo;utilisation Acceptation des conditions En acc\u00e9dant au site web de DreamCatcher (\u00ab\u00a0Site\u00a0\u00bb) et en l&rsquo;utilisant, vous acceptez de vous conformer aux pr\u00e9sentes conditions d&rsquo;utilisation et \u00e0 toutes les lois et r\u00e9glementations applicables. Si vous n&rsquo;acceptez pas ces conditions, veuillez vous abstenir d&rsquo;utiliser le site. Utilisation du site Vous disposez d&rsquo;une licence limit\u00e9e, non exclusive [&hellip;]\" \/>\n<meta property=\"og:url\" content=\"https:\/\/dreamcatcher.ws\/fr\/conditions-dutilisation\/\" \/>\n<meta property=\"og:site_name\" content=\"Dreamcatcher\" \/>\n<meta property=\"article:modified_time\" content=\"2025-01-30T14:08:13+00:00\" \/>\n<meta property=\"og:image\" content=\"https:\/\/dreamcatcher.ws\/wp-content\/uploads\/2025\/01\/site-thum.png\" \/>\n\t<meta property=\"og:image:width\" content=\"536\" \/>\n\t<meta property=\"og:image:height\" content=\"536\" \/>\n\t<meta property=\"og:image:type\" content=\"image\/png\" \/>\n<meta name=\"twitter:card\" content=\"summary_large_image\" \/>\n<meta name=\"twitter:label1\" content=\"Dur\u00e9e de lecture estim\u00e9e\" \/>\n\t<meta name=\"twitter:data1\" content=\"2 minutes\" \/>\n<script type=\"application\/ld+json\" class=\"yoast-schema-graph\">{\"@context\":\"https:\\\/\\\/schema.org\",\"@graph\":[{\"@type\":\"WebPage\",\"@id\":\"https:\\\/\\\/dreamcatcher.ws\\\/fr\\\/conditions-dutilisation\\\/\",\"url\":\"https:\\\/\\\/dreamcatcher.ws\\\/fr\\\/conditions-dutilisation\\\/\",\"name\":\"Conditions d'utilisation - Dreamcatcher\",\"isPartOf\":{\"@id\":\"https:\\\/\\\/dreamcatcher.ws\\\/#website\"},\"primaryImageOfPage\":{\"@id\":\"https:\\\/\\\/dreamcatcher.ws\\\/fr\\\/conditions-dutilisation\\\/#primaryimage\"},\"image\":{\"@id\":\"https:\\\/\\\/dreamcatcher.ws\\\/fr\\\/conditions-dutilisation\\\/#primaryimage\"},\"thumbnailUrl\":\"https:\\\/\\\/dreamcatcher.ws\\\/wp-content\\\/uploads\\\/2025\\\/01\\\/site-thum.png\",\"datePublished\":\"2024-09-28T07:34:38+00:00\",\"dateModified\":\"2025-01-30T14:08:13+00:00\",\"breadcrumb\":{\"@id\":\"https:\\\/\\\/dreamcatcher.ws\\\/fr\\\/conditions-dutilisation\\\/#breadcrumb\"},\"inLanguage\":\"fr-FR\",\"potentialAction\":[{\"@type\":\"ReadAction\",\"target\":[\"https:\\\/\\\/dreamcatcher.ws\\\/fr\\\/conditions-dutilisation\\\/\"]}]},{\"@type\":\"ImageObject\",\"inLanguage\":\"fr-FR\",\"@id\":\"https:\\\/\\\/dreamcatcher.ws\\\/fr\\\/conditions-dutilisation\\\/#primaryimage\",\"url\":\"https:\\\/\\\/dreamcatcher.ws\\\/wp-content\\\/uploads\\\/2025\\\/01\\\/site-thum.png\",\"contentUrl\":\"https:\\\/\\\/dreamcatcher.ws\\\/wp-content\\\/uploads\\\/2025\\\/01\\\/site-thum.png\",\"width\":536,\"height\":536},{\"@type\":\"BreadcrumbList\",\"@id\":\"https:\\\/\\\/dreamcatcher.ws\\\/fr\\\/conditions-dutilisation\\\/#breadcrumb\",\"itemListElement\":[{\"@type\":\"ListItem\",\"position\":1,\"name\":\"Home\",\"item\":\"https:\\\/\\\/dreamcatcher.ws\\\/\"},{\"@type\":\"ListItem\",\"position\":2,\"name\":\"Conditions d&#8217;utilisation\"}]},{\"@type\":\"WebSite\",\"@id\":\"https:\\\/\\\/dreamcatcher.ws\\\/#website\",\"url\":\"https:\\\/\\\/dreamcatcher.ws\\\/\",\"name\":\"Dreamcatcher\",\"description\":\"\",\"publisher\":{\"@id\":\"https:\\\/\\\/dreamcatcher.ws\\\/#organization\"},\"potentialAction\":[{\"@type\":\"SearchAction\",\"target\":{\"@type\":\"EntryPoint\",\"urlTemplate\":\"https:\\\/\\\/dreamcatcher.ws\\\/?s={search_term_string}\"},\"query-input\":{\"@type\":\"PropertyValueSpecification\",\"valueRequired\":true,\"valueName\":\"search_term_string\"}}],\"inLanguage\":\"fr-FR\"},{\"@type\":\"Organization\",\"@id\":\"https:\\\/\\\/dreamcatcher.ws\\\/#organization\",\"name\":\"Dreamcatcher\",\"url\":\"https:\\\/\\\/dreamcatcher.ws\\\/\",\"logo\":{\"@type\":\"ImageObject\",\"inLanguage\":\"fr-FR\",\"@id\":\"https:\\\/\\\/dreamcatcher.ws\\\/#\\\/schema\\\/logo\\\/image\\\/\",\"url\":\"https:\\\/\\\/dreamcatcher.ws\\\/wp-content\\\/uploads\\\/2025\\\/01\\\/site-thum.png\",\"contentUrl\":\"https:\\\/\\\/dreamcatcher.ws\\\/wp-content\\\/uploads\\\/2025\\\/01\\\/site-thum.png\",\"width\":536,\"height\":536,\"caption\":\"Dreamcatcher\"},\"image\":{\"@id\":\"https:\\\/\\\/dreamcatcher.ws\\\/#\\\/schema\\\/logo\\\/image\\\/\"}}]}<\/script>\n<!-- \/ Yoast SEO plugin. -->","yoast_head_json":{"title":"Conditions d'utilisation - Dreamcatcher","robots":{"index":"index","follow":"follow","max-snippet":"max-snippet:-1","max-image-preview":"max-image-preview:large","max-video-preview":"max-video-preview:-1"},"canonical":"https:\/\/dreamcatcher.ws\/fr\/conditions-dutilisation\/","og_locale":"fr_FR","og_type":"article","og_title":"Conditions d'utilisation - Dreamcatcher","og_description":"Conditions d&rsquo;utilisation Acceptation des conditions En acc\u00e9dant au site web de DreamCatcher (\u00ab\u00a0Site\u00a0\u00bb) et en l&rsquo;utilisant, vous acceptez de vous conformer aux pr\u00e9sentes conditions d&rsquo;utilisation et \u00e0 toutes les lois et r\u00e9glementations applicables. Si vous n&rsquo;acceptez pas ces conditions, veuillez vous abstenir d&rsquo;utiliser le site. Utilisation du site Vous disposez d&rsquo;une licence limit\u00e9e, non exclusive [&hellip;]","og_url":"https:\/\/dreamcatcher.ws\/fr\/conditions-dutilisation\/","og_site_name":"Dreamcatcher","article_modified_time":"2025-01-30T14:08:13+00:00","og_image":[{"width":536,"height":536,"url":"https:\/\/dreamcatcher.ws\/wp-content\/uploads\/2025\/01\/site-thum.png","type":"image\/png"}],"twitter_card":"summary_large_image","twitter_misc":{"Dur\u00e9e de lecture estim\u00e9e":"2 minutes"},"schema":{"@context":"https:\/\/schema.org","@graph":[{"@type":"WebPage","@id":"https:\/\/dreamcatcher.ws\/fr\/conditions-dutilisation\/","url":"https:\/\/dreamcatcher.ws\/fr\/conditions-dutilisation\/","name":"Conditions d'utilisation - Dreamcatcher","isPartOf":{"@id":"https:\/\/dreamcatcher.ws\/#website"},"primaryImageOfPage":{"@id":"https:\/\/dreamcatcher.ws\/fr\/conditions-dutilisation\/#primaryimage"},"image":{"@id":"https:\/\/dreamcatcher.ws\/fr\/conditions-dutilisation\/#primaryimage"},"thumbnailUrl":"https:\/\/dreamcatcher.ws\/wp-content\/uploads\/2025\/01\/site-thum.png","datePublished":"2024-09-28T07:34:38+00:00","dateModified":"2025-01-30T14:08:13+00:00","breadcrumb":{"@id":"https:\/\/dreamcatcher.ws\/fr\/conditions-dutilisation\/#breadcrumb"},"inLanguage":"fr-FR","potentialAction":[{"@type":"ReadAction","target":["https:\/\/dreamcatcher.ws\/fr\/conditions-dutilisation\/"]}]},{"@type":"ImageObject","inLanguage":"fr-FR","@id":"https:\/\/dreamcatcher.ws\/fr\/conditions-dutilisation\/#primaryimage","url":"https:\/\/dreamcatcher.ws\/wp-content\/uploads\/2025\/01\/site-thum.png","contentUrl":"https:\/\/dreamcatcher.ws\/wp-content\/uploads\/2025\/01\/site-thum.png","width":536,"height":536},{"@type":"BreadcrumbList","@id":"https:\/\/dreamcatcher.ws\/fr\/conditions-dutilisation\/#breadcrumb","itemListElement":[{"@type":"ListItem","position":1,"name":"Home","item":"https:\/\/dreamcatcher.ws\/"},{"@type":"ListItem","position":2,"name":"Conditions d&#8217;utilisation"}]},{"@type":"WebSite","@id":"https:\/\/dreamcatcher.ws\/#website","url":"https:\/\/dreamcatcher.ws\/","name":"Dreamcatcher","description":"","publisher":{"@id":"https:\/\/dreamcatcher.ws\/#organization"},"potentialAction":[{"@type":"SearchAction","target":{"@type":"EntryPoint","urlTemplate":"https:\/\/dreamcatcher.ws\/?s={search_term_string}"},"query-input":{"@type":"PropertyValueSpecification","valueRequired":true,"valueName":"search_term_string"}}],"inLanguage":"fr-FR"},{"@type":"Organization","@id":"https:\/\/dreamcatcher.ws\/#organization","name":"Dreamcatcher","url":"https:\/\/dreamcatcher.ws\/","logo":{"@type":"ImageObject","inLanguage":"fr-FR","@id":"https:\/\/dreamcatcher.ws\/#\/schema\/logo\/image\/","url":"https:\/\/dreamcatcher.ws\/wp-content\/uploads\/2025\/01\/site-thum.png","contentUrl":"https:\/\/dreamcatcher.ws\/wp-content\/uploads\/2025\/01\/site-thum.png","width":536,"height":536,"caption":"Dreamcatcher"},"image":{"@id":"https:\/\/dreamcatcher.ws\/#\/schema\/logo\/image\/"}}]}},"_links":{"self":[{"href":"https:\/\/dreamcatcher.ws\/fr\/wp-json\/wp\/v2\/pages\/6886","targetHints":{"allow":["GET"]}}],"collection":[{"href":"https:\/\/dreamcatcher.ws\/fr\/wp-json\/wp\/v2\/pages"}],"about":[{"href":"https:\/\/dreamcatcher.ws\/fr\/wp-json\/wp\/v2\/types\/page"}],"author":[{"embeddable":true,"href":"https:\/\/dreamcatcher.ws\/fr\/wp-json\/wp\/v2\/users\/1"}],"replies":[{"embeddable":true,"href":"https:\/\/dreamcatcher.ws\/fr\/wp-json\/wp\/v2\/comments?post=6886"}],"version-history":[{"count":0,"href":"https:\/\/dreamcatcher.ws\/fr\/wp-json\/wp\/v2\/pages\/6886\/revisions"}],"wp:featuredmedia":[{"embeddable":true,"href":"https:\/\/dreamcatcher.ws\/fr\/wp-json\/wp\/v2\/media\/6770"}],"wp:attachment":[{"href":"https:\/\/dreamcatcher.ws\/fr\/wp-json\/wp\/v2\/media?parent=6886"}],"curies":[{"name":"wp","href":"https:\/\/api.w.org\/{rel}","templated":true}]}}