{"id":6851,"date":"2024-10-03T08:29:10","date_gmt":"2024-10-03T08:29:10","guid":{"rendered":"https:\/\/dreamcatcher.ws\/consigne-scelle-livre\/"},"modified":"2025-02-14T11:59:32","modified_gmt":"2025-02-14T11:59:32","slug":"consigne-scelle-livre","status":"publish","type":"page","link":"https:\/\/dreamcatcher.ws\/fr\/le-portefeuille\/consigne-scelle-livre\/","title":{"rendered":"Consign\u00e9 Scell\u00e9 Livr\u00e9"},"content":{"rendered":"\t\t<div data-elementor-type=\"wp-page\" data-elementor-id=\"6851\" class=\"elementor elementor-6851 elementor-2281\" data-elementor-post-type=\"page\">\n\t\t\t\t<div class=\"elementor-element elementor-element-5e4efd8 hm-banner e-flex e-con-boxed e-con e-parent\" data-id=\"5e4efd8\" data-element_type=\"container\" data-e-type=\"container\" data-settings=\"{&quot;background_background&quot;:&quot;classic&quot;}\">\n\t\t\t\t\t<div class=\"e-con-inner\">\n\t\t<div class=\"elementor-element elementor-element-f27b889 e-con-full banner-content-wrap e-flex e-con e-child\" data-id=\"f27b889\" data-element_type=\"container\" data-e-type=\"container\" data-settings=\"{&quot;background_background&quot;:&quot;video&quot;}\">\n\t\t\t\t<div class=\"elementor-element elementor-element-479e38a elementor-widget elementor-widget-heading\" data-id=\"479e38a\" data-element_type=\"widget\" data-e-type=\"widget\" data-widget_type=\"heading.default\">\n\t\t\t\t<div class=\"elementor-widget-container\">\n\t\t\t\t\t<p class=\"elementor-heading-title elementor-size-default\">CONSIGN\u00c9 SCELL\u00c9 LIVR\u00c9<\/p>\t\t\t\t<\/div>\n\t\t\t\t<\/div>\n\t\t\t\t<div class=\"elementor-element elementor-element-749471b elementor-widget__width-initial elementor-widget elementor-widget-heading\" data-id=\"749471b\" data-element_type=\"widget\" data-e-type=\"widget\" data-widget_type=\"heading.default\">\n\t\t\t\t<div class=\"elementor-widget-container\">\n\t\t\t\t\t<h1 class=\"elementor-heading-title elementor-size-default\">Mode d'occasion, neuve et vintage\n<\/h1>\t\t\t\t<\/div>\n\t\t\t\t<\/div>\n\t\t\t\t<div class=\"elementor-element elementor-element-b2cb5a2 elementor-widget elementor-widget-text-editor\" data-id=\"b2cb5a2\" data-element_type=\"widget\" data-e-type=\"widget\" id=\"scroll-down\" data-widget_type=\"text-editor.default\">\n\t\t\t\t<div class=\"elementor-widget-container\">\n\t\t\t\t\t\t\t\t\t<p><a href=\"#CSD\">D\u00e9filez pour plus de d\u00e9tails<\/a><\/p>\n\t\t\t\t\t\t\t\t<\/div>\n\t\t\t\t<\/div>\n\t\t\t\t<\/div>\n\t\t\t\t\t<\/div>\n\t\t\t\t<\/div>\n\t\t<div class=\"elementor-element elementor-element-0e51dde hm-banner elementor-hidden-desktop elementor-hidden-laptop elementor-hidden-tablet elementor-hidden-mobile e-flex e-con-boxed e-con e-parent\" data-id=\"0e51dde\" data-element_type=\"container\" data-e-type=\"container\" data-settings=\"{&quot;background_background&quot;:&quot;classic&quot;}\">\n\t\t\t\t\t<div class=\"e-con-inner\">\n\t\t<div class=\"elementor-element elementor-element-eafb985 e-con-full banner-content-wrap e-flex e-con e-child\" data-id=\"eafb985\" data-element_type=\"container\" data-e-type=\"container\" data-settings=\"{&quot;background_background&quot;:&quot;classic&quot;}\">\n\t\t\t\t<div class=\"elementor-element elementor-element-da2c3e0 elementor-widget elementor-widget-heading\" data-id=\"da2c3e0\" data-element_type=\"widget\" data-e-type=\"widget\" data-widget_type=\"heading.default\">\n\t\t\t\t<div class=\"elementor-widget-container\">\n\t\t\t\t\t<p class=\"elementor-heading-title elementor-size-default\">CONSIGN\u00c9 SCELL\u00c9 LIVR\u00c9<\/p>\t\t\t\t<\/div>\n\t\t\t\t<\/div>\n\t\t\t\t<div class=\"elementor-element elementor-element-a57e308 elementor-widget__width-initial elementor-widget elementor-widget-heading\" data-id=\"a57e308\" data-element_type=\"widget\" data-e-type=\"widget\" data-widget_type=\"heading.default\">\n\t\t\t\t<div class=\"elementor-widget-container\">\n\t\t\t\t\t<h1 class=\"elementor-heading-title elementor-size-default\">Occasion, Nouveau et Vintage Designer\n\n<\/h1>\t\t\t\t<\/div>\n\t\t\t\t<\/div>\n\t\t\t\t<div class=\"elementor-element elementor-element-2e1bf22 elementor-widget elementor-widget-text-editor\" data-id=\"2e1bf22\" data-element_type=\"widget\" data-e-type=\"widget\" id=\"scroll-down\" data-widget_type=\"text-editor.default\">\n\t\t\t\t<div class=\"elementor-widget-container\">\n\t\t\t\t\t\t\t\t\t<p><a href=\"#wo-were-sec\" data-wplink-edit=\"true\">D\u00e9filez pour plus de d\u00e9tails<\/a><\/p>\n\t\t\t\t\t\t\t\t<\/div>\n\t\t\t\t<\/div>\n\t\t\t\t<\/div>\n\t\t\t\t\t<\/div>\n\t\t\t\t<\/div>\n\t\t<div class=\"elementor-element elementor-element-38bf057 e-flex e-con-boxed e-con e-parent\" data-id=\"38bf057\" data-element_type=\"container\" data-e-type=\"container\" id=\"CSD\">\n\t\t\t\t\t<div class=\"e-con-inner\">\n\t\t<div class=\"elementor-element elementor-element-f50f0e9 e-con-full e-flex e-con e-child\" data-id=\"f50f0e9\" data-element_type=\"container\" data-e-type=\"container\">\n\t\t\t\t<div class=\"elementor-element elementor-element-e746e61 elementor-widget elementor-widget-image\" data-id=\"e746e61\" data-element_type=\"widget\" data-e-type=\"widget\" data-widget_type=\"image.default\">\n\t\t\t\t<div class=\"elementor-widget-container\">\n\t\t\t\t\t\t\t\t\t\t\t\t\t\t\t<img loading=\"lazy\" decoding=\"async\" width=\"185\" height=\"59\" src=\"https:\/\/dreamcatcher.ws\/wp-content\/uploads\/2025\/01\/csd-logo-2.jpg\" class=\"attachment-full size-full wp-image-6855\" alt=\"\" \/>\t\t\t\t\t\t\t\t\t\t\t\t\t\t\t<\/div>\n\t\t\t\t<\/div>\n\t\t\t\t<div class=\"elementor-element elementor-element-7299417 csd-content elementor-widget elementor-widget-text-editor\" data-id=\"7299417\" data-element_type=\"widget\" data-e-type=\"widget\" data-widget_type=\"text-editor.default\">\n\t\t\t\t<div class=\"elementor-widget-container\">\n\t\t\t\t\t\t\t\t\t<p>Consigned Sealed Delivered (CSD) est une plateforme de consignation de luxe bas\u00e9e \u00e0 Londres qui a pour objectif de r\u00e9volutionner l&rsquo;industrie de la mode par le biais de la durabilit\u00e9 et de la circularit\u00e9. Lanc\u00e9e en mars 2021, CSD propose une s\u00e9lection de v\u00eatements, de chaussures, de sacs et d&rsquo;accessoires de luxe d&rsquo;occasion provenant de grandes maisons de couture telles que Chanel, Gucci et Herm\u00e8s. <\/p>\n<p>En prolongeant le cycle de vie des articles de luxe, CSD s&rsquo;attaque aux probl\u00e8mes de surproduction et de surconsommation, en promouvant des pratiques respectueuses de l&rsquo;environnement dans le secteur de la mode. La soci\u00e9t\u00e9 utilise une approche globale de la vente, int\u00e9grant le commerce \u00e9lectronique, les magasins de d\u00e9tail et les relations commerciales au niveau de l&rsquo;entreprise afin d&rsquo;offrir une exp\u00e9rience transparente et personnalis\u00e9e tant aux acheteurs qu&rsquo;aux consignateurs. CSD offre aux consignateurs un moyen simple de gagner de l&rsquo;argent en vendant leurs articles de luxe usag\u00e9s, en s&rsquo;occupant de tout, de l&rsquo;authentification au marketing et \u00e0 la vente.  <\/p>\n<p>CSD se distingue par son processus de s\u00e9lection m\u00e9ticuleux, son choix vari\u00e9 de cat\u00e9gories et de gammes de prix, et ses pages de produits d\u00e9taill\u00e9es, offrant aux acheteurs un niveau de d\u00e9tail et de confiance in\u00e9gal\u00e9 lorsqu&rsquo;ils ach\u00e8tent de la mode de luxe. Avec une pr\u00e9sence internationale croissante dans le domaine du commerce \u00e9lectronique, CSD s&rsquo;engage \u00e0 red\u00e9finir le luxe moderne comme un m\u00e9lange de style, de durabilit\u00e9 et de responsabilit\u00e9 sociale. <\/p>\n\t\t\t\t\t\t\t\t<\/div>\n\t\t\t\t<\/div>\n\t\t\t\t<\/div>\n\t\t<div class=\"elementor-element elementor-element-86049d8 e-con-full right-col-portf e-flex e-con e-child\" data-id=\"86049d8\" data-element_type=\"container\" data-e-type=\"container\">\n\t\t\t\t<div class=\"elementor-element elementor-element-947b85a elementor-widget elementor-widget-text-editor\" data-id=\"947b85a\" data-element_type=\"widget\" data-e-type=\"widget\" data-widget_type=\"text-editor.default\">\n\t\t\t\t<div class=\"elementor-widget-container\">\n\t\t\t\t\t\t\t\t\t<p>VOIR LE SITE<\/p>\n\t\t\t\t\t\t\t\t<\/div>\n\t\t\t\t<\/div>\n\t\t\t\t<div class=\"elementor-element elementor-element-382e0c8 shop-link elementor-widget elementor-widget-text-editor\" data-id=\"382e0c8\" data-element_type=\"widget\" data-e-type=\"widget\" data-widget_type=\"text-editor.default\">\n\t\t\t\t<div class=\"elementor-widget-container\">\n\t\t\t\t\t\t\t\t\t<p><a href=\"https:\/\/csd.shop\/\" target=\"_blank\" rel=\"nofollow noindex noopener\">csd.shop<\/a><\/p>\n\t\t\t\t\t\t\t\t<\/div>\n\t\t\t\t<\/div>\n\t\t\t\t<div class=\"elementor-element elementor-element-578359c shop-listing elementor-widget elementor-widget-text-editor\" data-id=\"578359c\" data-element_type=\"widget\" data-e-type=\"widget\" data-widget_type=\"text-editor.default\">\n\t\t\t\t<div class=\"elementor-widget-container\">\n\t\t\t\t\t\t\t\t\t<ul>\n<li><strong>R\u00e9volutionner le cycle de vie du luxe<\/strong><\/li>\n<li>Mode durable<\/li>\n<li>Le luxe en images<\/li>\n<li>Omni-Channel sans faille<\/li>\n<li>Des produits d&rsquo;une qualit\u00e9 exceptionnelle<\/li>\n<\/ul>\n\t\t\t\t\t\t\t\t<\/div>\n\t\t\t\t<\/div>\n\t\t\t\t<\/div>\n\t\t\t\t\t<\/div>\n\t\t\t\t<\/div>\n\t\t<div class=\"elementor-element elementor-element-0b8fa6b e-flex e-con-boxed e-con e-parent\" data-id=\"0b8fa6b\" data-element_type=\"container\" data-e-type=\"container\" data-settings=\"{&quot;background_background&quot;:&quot;classic&quot;}\">\n\t\t\t\t\t<div class=\"e-con-inner\">\n\t\t\t\t<div class=\"elementor-element elementor-element-b6ed844 elementor-widget elementor-widget-image\" data-id=\"b6ed844\" data-element_type=\"widget\" data-e-type=\"widget\" data-widget_type=\"image.default\">\n\t\t\t\t<div class=\"elementor-widget-container\">\n\t\t\t\t\t\t\t\t\t\t\t\t\t\t\t<img loading=\"lazy\" decoding=\"async\" width=\"1200\" height=\"800\" src=\"https:\/\/dreamcatcher.ws\/wp-content\/uploads\/2025\/01\/new-CSD-img.png\" class=\"attachment-full size-full wp-image-6859\" alt=\"\" srcset=\"https:\/\/dreamcatcher.ws\/wp-content\/uploads\/2025\/01\/new-CSD-img.png 1200w, https:\/\/dreamcatcher.ws\/wp-content\/uploads\/2025\/01\/new-CSD-img-300x200.png 300w, https:\/\/dreamcatcher.ws\/wp-content\/uploads\/2025\/01\/new-CSD-img-1024x683.png 1024w, https:\/\/dreamcatcher.ws\/wp-content\/uploads\/2025\/01\/new-CSD-img-768x512.png 768w\" sizes=\"auto, (max-width: 1200px) 100vw, 1200px\" \/>\t\t\t\t\t\t\t\t\t\t\t\t\t\t\t<\/div>\n\t\t\t\t<\/div>\n\t\t\t\t\t<\/div>\n\t\t\t\t<\/div>\n\t\t<div class=\"elementor-element elementor-element-8b9cef0 e-flex e-con-boxed e-con e-parent\" data-id=\"8b9cef0\" data-element_type=\"container\" data-e-type=\"container\">\n\t\t\t\t\t<div class=\"e-con-inner\">\n\t\t\t\t<div class=\"elementor-element elementor-element-cbd5e1a csd-text elementor-widget__width-initial elementor-widget elementor-widget-text-editor\" data-id=\"cbd5e1a\" data-element_type=\"widget\" data-e-type=\"widget\" data-widget_type=\"text-editor.default\">\n\t\t\t\t<div class=\"elementor-widget-container\">\n\t\t\t\t\t\t\t\t\t<h2>Plateforme red\u00e9finissant la consignation de luxe, CSD allie durabilit\u00e9, service sans faille et curation in\u00e9gal\u00e9e pour \u00e9lever l&rsquo;exp\u00e9rience d&rsquo;achat et de vente.<\/h2>\n\t\t\t\t\t\t\t\t<\/div>\n\t\t\t\t<\/div>\n\t\t\t\t\t<\/div>\n\t\t\t\t<\/div>\n\t\t<div class=\"elementor-element elementor-element-ce3c41c e-flex e-con-boxed e-con e-parent\" data-id=\"ce3c41c\" data-element_type=\"container\" data-e-type=\"container\">\n\t\t\t\t\t<div class=\"e-con-inner\">\n\t\t\t\t<div class=\"elementor-element elementor-element-c2ea1b3 start-new-project elementor-widget elementor-widget-text-editor\" data-id=\"c2ea1b3\" data-element_type=\"widget\" data-e-type=\"widget\" data-widget_type=\"text-editor.default\">\n\t\t\t\t<div class=\"elementor-widget-container\">\n\t\t\t\t\t\t\t\t\t<h2>Vous d\u00e9marrez un nouveau projet ?<\/h2>\n\t\t\t\t\t\t\t\t<\/div>\n\t\t\t\t<\/div>\n\t\t\t\t<div class=\"elementor-element elementor-element-d869a90 elementor-widget elementor-widget-button\" data-id=\"d869a90\" data-element_type=\"widget\" data-e-type=\"widget\" data-widget_type=\"button.default\">\n\t\t\t\t<div class=\"elementor-widget-container\">\n\t\t\t\t\t\t\t\t\t<div class=\"elementor-button-wrapper\">\n\t\t\t\t\t<a class=\"elementor-button elementor-button-link elementor-size-sm\" href=\"https:\/\/dreamcatcher.ws\/fr\/contactez-nous\/\" id=\"df-btn\">\n\t\t\t\t\t\t<span class=\"elementor-button-content-wrapper\">\n\t\t\t\t\t\t\t\t\t<span class=\"elementor-button-text\">DITES-NOUS EN PLUS<\/span>\n\t\t\t\t\t<\/span>\n\t\t\t\t\t<\/a>\n\t\t\t\t<\/div>\n\t\t\t\t\t\t\t\t<\/div>\n\t\t\t\t<\/div>\n\t\t\t\t\t<\/div>\n\t\t\t\t<\/div>\n\t\t\t\t<\/div>\n\t\t","protected":false},"excerpt":{"rendered":"<p>CONSIGN\u00c9 SCELL\u00c9 LIVR\u00c9 Mode d&rsquo;occasion, neuve et vintage D\u00e9filez pour plus de d\u00e9tails CONSIGN\u00c9 SCELL\u00c9 LIVR\u00c9 Occasion, Nouveau et Vintage Designer D\u00e9filez pour plus de d\u00e9tails Consigned Sealed Delivered (CSD) est une plateforme de consignation de luxe bas\u00e9e \u00e0 Londres qui a pour objectif de r\u00e9volutionner l&rsquo;industrie de la mode par le biais de la [&hellip;]<\/p>\n","protected":false},"author":1,"featured_media":6770,"parent":6868,"menu_order":0,"comment_status":"closed","ping_status":"closed","template":"elementor_header_footer","meta":{"footnotes":""},"class_list":["post-6851","page","type-page","status-publish","has-post-thumbnail","hentry"],"yoast_head":"<!-- This site is optimized with the Yoast SEO plugin v27.3 - https:\/\/yoast.com\/product\/yoast-seo-wordpress\/ -->\n<title>Consign\u00e9 Scell\u00e9 Livr\u00e9 - Dreamcatcher<\/title>\n<meta name=\"robots\" content=\"index, follow, max-snippet:-1, max-image-preview:large, max-video-preview:-1\" \/>\n<link rel=\"canonical\" href=\"https:\/\/dreamcatcher.ws\/fr\/le-portefeuille\/consigne-scelle-livre\/\" \/>\n<meta property=\"og:locale\" content=\"fr_FR\" \/>\n<meta property=\"og:type\" content=\"article\" \/>\n<meta property=\"og:title\" content=\"Consign\u00e9 Scell\u00e9 Livr\u00e9 - Dreamcatcher\" \/>\n<meta property=\"og:description\" content=\"CONSIGN\u00c9 SCELL\u00c9 LIVR\u00c9 Mode d&rsquo;occasion, neuve et vintage D\u00e9filez pour plus de d\u00e9tails CONSIGN\u00c9 SCELL\u00c9 LIVR\u00c9 Occasion, Nouveau et Vintage Designer D\u00e9filez pour plus de d\u00e9tails Consigned Sealed Delivered (CSD) est une plateforme de consignation de luxe bas\u00e9e \u00e0 Londres qui a pour objectif de r\u00e9volutionner l&rsquo;industrie de la mode par le biais de la [&hellip;]\" \/>\n<meta property=\"og:url\" content=\"https:\/\/dreamcatcher.ws\/fr\/le-portefeuille\/consigne-scelle-livre\/\" \/>\n<meta property=\"og:site_name\" content=\"Dreamcatcher\" \/>\n<meta property=\"article:modified_time\" content=\"2025-02-14T11:59:32+00:00\" \/>\n<meta property=\"og:image\" content=\"https:\/\/dreamcatcher.ws\/wp-content\/uploads\/2025\/01\/site-thum.png\" \/>\n\t<meta property=\"og:image:width\" content=\"536\" \/>\n\t<meta property=\"og:image:height\" content=\"536\" \/>\n\t<meta property=\"og:image:type\" content=\"image\/png\" \/>\n<meta name=\"twitter:card\" content=\"summary_large_image\" \/>\n<meta name=\"twitter:label1\" content=\"Dur\u00e9e de lecture estim\u00e9e\" \/>\n\t<meta name=\"twitter:data1\" content=\"3 minutes\" \/>\n<script type=\"application\/ld+json\" class=\"yoast-schema-graph\">{\"@context\":\"https:\\\/\\\/schema.org\",\"@graph\":[{\"@type\":\"WebPage\",\"@id\":\"https:\\\/\\\/dreamcatcher.ws\\\/fr\\\/le-portefeuille\\\/consigne-scelle-livre\\\/\",\"url\":\"https:\\\/\\\/dreamcatcher.ws\\\/fr\\\/le-portefeuille\\\/consigne-scelle-livre\\\/\",\"name\":\"Consign\u00e9 Scell\u00e9 Livr\u00e9 - Dreamcatcher\",\"isPartOf\":{\"@id\":\"https:\\\/\\\/dreamcatcher.ws\\\/#website\"},\"primaryImageOfPage\":{\"@id\":\"https:\\\/\\\/dreamcatcher.ws\\\/fr\\\/le-portefeuille\\\/consigne-scelle-livre\\\/#primaryimage\"},\"image\":{\"@id\":\"https:\\\/\\\/dreamcatcher.ws\\\/fr\\\/le-portefeuille\\\/consigne-scelle-livre\\\/#primaryimage\"},\"thumbnailUrl\":\"https:\\\/\\\/dreamcatcher.ws\\\/wp-content\\\/uploads\\\/2025\\\/01\\\/site-thum.png\",\"datePublished\":\"2024-10-03T08:29:10+00:00\",\"dateModified\":\"2025-02-14T11:59:32+00:00\",\"breadcrumb\":{\"@id\":\"https:\\\/\\\/dreamcatcher.ws\\\/fr\\\/le-portefeuille\\\/consigne-scelle-livre\\\/#breadcrumb\"},\"inLanguage\":\"fr-FR\",\"potentialAction\":[{\"@type\":\"ReadAction\",\"target\":[\"https:\\\/\\\/dreamcatcher.ws\\\/fr\\\/le-portefeuille\\\/consigne-scelle-livre\\\/\"]}]},{\"@type\":\"ImageObject\",\"inLanguage\":\"fr-FR\",\"@id\":\"https:\\\/\\\/dreamcatcher.ws\\\/fr\\\/le-portefeuille\\\/consigne-scelle-livre\\\/#primaryimage\",\"url\":\"https:\\\/\\\/dreamcatcher.ws\\\/wp-content\\\/uploads\\\/2025\\\/01\\\/site-thum.png\",\"contentUrl\":\"https:\\\/\\\/dreamcatcher.ws\\\/wp-content\\\/uploads\\\/2025\\\/01\\\/site-thum.png\",\"width\":536,\"height\":536},{\"@type\":\"BreadcrumbList\",\"@id\":\"https:\\\/\\\/dreamcatcher.ws\\\/fr\\\/le-portefeuille\\\/consigne-scelle-livre\\\/#breadcrumb\",\"itemListElement\":[{\"@type\":\"ListItem\",\"position\":1,\"name\":\"Home\",\"item\":\"https:\\\/\\\/dreamcatcher.ws\\\/\"},{\"@type\":\"ListItem\",\"position\":2,\"name\":\"Le portefeuille\",\"item\":\"https:\\\/\\\/dreamcatcher.ws\\\/fr\\\/le-portefeuille\\\/\"},{\"@type\":\"ListItem\",\"position\":3,\"name\":\"Consign\u00e9 Scell\u00e9 Livr\u00e9\"}]},{\"@type\":\"WebSite\",\"@id\":\"https:\\\/\\\/dreamcatcher.ws\\\/#website\",\"url\":\"https:\\\/\\\/dreamcatcher.ws\\\/\",\"name\":\"Dreamcatcher\",\"description\":\"\",\"publisher\":{\"@id\":\"https:\\\/\\\/dreamcatcher.ws\\\/#organization\"},\"potentialAction\":[{\"@type\":\"SearchAction\",\"target\":{\"@type\":\"EntryPoint\",\"urlTemplate\":\"https:\\\/\\\/dreamcatcher.ws\\\/?s={search_term_string}\"},\"query-input\":{\"@type\":\"PropertyValueSpecification\",\"valueRequired\":true,\"valueName\":\"search_term_string\"}}],\"inLanguage\":\"fr-FR\"},{\"@type\":\"Organization\",\"@id\":\"https:\\\/\\\/dreamcatcher.ws\\\/#organization\",\"name\":\"Dreamcatcher\",\"url\":\"https:\\\/\\\/dreamcatcher.ws\\\/\",\"logo\":{\"@type\":\"ImageObject\",\"inLanguage\":\"fr-FR\",\"@id\":\"https:\\\/\\\/dreamcatcher.ws\\\/#\\\/schema\\\/logo\\\/image\\\/\",\"url\":\"https:\\\/\\\/dreamcatcher.ws\\\/wp-content\\\/uploads\\\/2025\\\/01\\\/site-thum.png\",\"contentUrl\":\"https:\\\/\\\/dreamcatcher.ws\\\/wp-content\\\/uploads\\\/2025\\\/01\\\/site-thum.png\",\"width\":536,\"height\":536,\"caption\":\"Dreamcatcher\"},\"image\":{\"@id\":\"https:\\\/\\\/dreamcatcher.ws\\\/#\\\/schema\\\/logo\\\/image\\\/\"}}]}<\/script>\n<!-- \/ Yoast SEO plugin. -->","yoast_head_json":{"title":"Consign\u00e9 Scell\u00e9 Livr\u00e9 - Dreamcatcher","robots":{"index":"index","follow":"follow","max-snippet":"max-snippet:-1","max-image-preview":"max-image-preview:large","max-video-preview":"max-video-preview:-1"},"canonical":"https:\/\/dreamcatcher.ws\/fr\/le-portefeuille\/consigne-scelle-livre\/","og_locale":"fr_FR","og_type":"article","og_title":"Consign\u00e9 Scell\u00e9 Livr\u00e9 - Dreamcatcher","og_description":"CONSIGN\u00c9 SCELL\u00c9 LIVR\u00c9 Mode d&rsquo;occasion, neuve et vintage D\u00e9filez pour plus de d\u00e9tails CONSIGN\u00c9 SCELL\u00c9 LIVR\u00c9 Occasion, Nouveau et Vintage Designer D\u00e9filez pour plus de d\u00e9tails Consigned Sealed Delivered (CSD) est une plateforme de consignation de luxe bas\u00e9e \u00e0 Londres qui a pour objectif de r\u00e9volutionner l&rsquo;industrie de la mode par le biais de la [&hellip;]","og_url":"https:\/\/dreamcatcher.ws\/fr\/le-portefeuille\/consigne-scelle-livre\/","og_site_name":"Dreamcatcher","article_modified_time":"2025-02-14T11:59:32+00:00","og_image":[{"width":536,"height":536,"url":"https:\/\/dreamcatcher.ws\/wp-content\/uploads\/2025\/01\/site-thum.png","type":"image\/png"}],"twitter_card":"summary_large_image","twitter_misc":{"Dur\u00e9e de lecture estim\u00e9e":"3 minutes"},"schema":{"@context":"https:\/\/schema.org","@graph":[{"@type":"WebPage","@id":"https:\/\/dreamcatcher.ws\/fr\/le-portefeuille\/consigne-scelle-livre\/","url":"https:\/\/dreamcatcher.ws\/fr\/le-portefeuille\/consigne-scelle-livre\/","name":"Consign\u00e9 Scell\u00e9 Livr\u00e9 - Dreamcatcher","isPartOf":{"@id":"https:\/\/dreamcatcher.ws\/#website"},"primaryImageOfPage":{"@id":"https:\/\/dreamcatcher.ws\/fr\/le-portefeuille\/consigne-scelle-livre\/#primaryimage"},"image":{"@id":"https:\/\/dreamcatcher.ws\/fr\/le-portefeuille\/consigne-scelle-livre\/#primaryimage"},"thumbnailUrl":"https:\/\/dreamcatcher.ws\/wp-content\/uploads\/2025\/01\/site-thum.png","datePublished":"2024-10-03T08:29:10+00:00","dateModified":"2025-02-14T11:59:32+00:00","breadcrumb":{"@id":"https:\/\/dreamcatcher.ws\/fr\/le-portefeuille\/consigne-scelle-livre\/#breadcrumb"},"inLanguage":"fr-FR","potentialAction":[{"@type":"ReadAction","target":["https:\/\/dreamcatcher.ws\/fr\/le-portefeuille\/consigne-scelle-livre\/"]}]},{"@type":"ImageObject","inLanguage":"fr-FR","@id":"https:\/\/dreamcatcher.ws\/fr\/le-portefeuille\/consigne-scelle-livre\/#primaryimage","url":"https:\/\/dreamcatcher.ws\/wp-content\/uploads\/2025\/01\/site-thum.png","contentUrl":"https:\/\/dreamcatcher.ws\/wp-content\/uploads\/2025\/01\/site-thum.png","width":536,"height":536},{"@type":"BreadcrumbList","@id":"https:\/\/dreamcatcher.ws\/fr\/le-portefeuille\/consigne-scelle-livre\/#breadcrumb","itemListElement":[{"@type":"ListItem","position":1,"name":"Home","item":"https:\/\/dreamcatcher.ws\/"},{"@type":"ListItem","position":2,"name":"Le portefeuille","item":"https:\/\/dreamcatcher.ws\/fr\/le-portefeuille\/"},{"@type":"ListItem","position":3,"name":"Consign\u00e9 Scell\u00e9 Livr\u00e9"}]},{"@type":"WebSite","@id":"https:\/\/dreamcatcher.ws\/#website","url":"https:\/\/dreamcatcher.ws\/","name":"Dreamcatcher","description":"","publisher":{"@id":"https:\/\/dreamcatcher.ws\/#organization"},"potentialAction":[{"@type":"SearchAction","target":{"@type":"EntryPoint","urlTemplate":"https:\/\/dreamcatcher.ws\/?s={search_term_string}"},"query-input":{"@type":"PropertyValueSpecification","valueRequired":true,"valueName":"search_term_string"}}],"inLanguage":"fr-FR"},{"@type":"Organization","@id":"https:\/\/dreamcatcher.ws\/#organization","name":"Dreamcatcher","url":"https:\/\/dreamcatcher.ws\/","logo":{"@type":"ImageObject","inLanguage":"fr-FR","@id":"https:\/\/dreamcatcher.ws\/#\/schema\/logo\/image\/","url":"https:\/\/dreamcatcher.ws\/wp-content\/uploads\/2025\/01\/site-thum.png","contentUrl":"https:\/\/dreamcatcher.ws\/wp-content\/uploads\/2025\/01\/site-thum.png","width":536,"height":536,"caption":"Dreamcatcher"},"image":{"@id":"https:\/\/dreamcatcher.ws\/#\/schema\/logo\/image\/"}}]}},"_links":{"self":[{"href":"https:\/\/dreamcatcher.ws\/fr\/wp-json\/wp\/v2\/pages\/6851","targetHints":{"allow":["GET"]}}],"collection":[{"href":"https:\/\/dreamcatcher.ws\/fr\/wp-json\/wp\/v2\/pages"}],"about":[{"href":"https:\/\/dreamcatcher.ws\/fr\/wp-json\/wp\/v2\/types\/page"}],"author":[{"embeddable":true,"href":"https:\/\/dreamcatcher.ws\/fr\/wp-json\/wp\/v2\/users\/1"}],"replies":[{"embeddable":true,"href":"https:\/\/dreamcatcher.ws\/fr\/wp-json\/wp\/v2\/comments?post=6851"}],"version-history":[{"count":3,"href":"https:\/\/dreamcatcher.ws\/fr\/wp-json\/wp\/v2\/pages\/6851\/revisions"}],"predecessor-version":[{"id":7994,"href":"https:\/\/dreamcatcher.ws\/fr\/wp-json\/wp\/v2\/pages\/6851\/revisions\/7994"}],"up":[{"embeddable":true,"href":"https:\/\/dreamcatcher.ws\/fr\/wp-json\/wp\/v2\/pages\/6868"}],"wp:featuredmedia":[{"embeddable":true,"href":"https:\/\/dreamcatcher.ws\/fr\/wp-json\/wp\/v2\/media\/6770"}],"wp:attachment":[{"href":"https:\/\/dreamcatcher.ws\/fr\/wp-json\/wp\/v2\/media?parent=6851"}],"curies":[{"name":"wp","href":"https:\/\/api.w.org\/{rel}","templated":true}]}}