{"id":6842,"date":"2025-01-17T10:54:59","date_gmt":"2025-01-17T10:54:59","guid":{"rendered":"https:\/\/dreamcatcher.ws\/melodie\/"},"modified":"2025-12-08T15:35:42","modified_gmt":"2025-12-08T15:35:42","slug":"melodie","status":"publish","type":"page","link":"https:\/\/dreamcatcher.ws\/fr\/le-portefeuille\/melodie\/","title":{"rendered":"M\u00e9lodie"},"content":{"rendered":"\t\t<div data-elementor-type=\"wp-page\" data-elementor-id=\"6842\" class=\"elementor elementor-6842 elementor-4784\" data-elementor-post-type=\"page\">\n\t\t\t\t<div class=\"elementor-element elementor-element-61bc2f4 hm-banner e-flex e-con-boxed e-con e-parent\" data-id=\"61bc2f4\" data-element_type=\"container\" data-e-type=\"container\" data-settings=\"{&quot;background_background&quot;:&quot;classic&quot;}\">\n\t\t\t\t\t<div class=\"e-con-inner\">\n\t\t<div class=\"elementor-element elementor-element-95e7c35 e-con-full banner-content-wrap e-flex e-con e-child\" data-id=\"95e7c35\" data-element_type=\"container\" data-e-type=\"container\" data-settings=\"{&quot;background_background&quot;:&quot;video&quot;}\">\n\t\t\t\t<div class=\"elementor-element elementor-element-5ab3455 elementor-widget elementor-widget-heading\" data-id=\"5ab3455\" data-element_type=\"widget\" data-e-type=\"widget\" data-widget_type=\"heading.default\">\n\t\t\t\t<div class=\"elementor-widget-container\">\n\t\t\t\t\t<p class=\"elementor-heading-title elementor-size-default\">M\u00e9lodie<\/p>\t\t\t\t<\/div>\n\t\t\t\t<\/div>\n\t\t\t\t<div class=\"elementor-element elementor-element-5f71e12 elementor-widget__width-initial elementor-widget elementor-widget-heading\" data-id=\"5f71e12\" data-element_type=\"widget\" data-e-type=\"widget\" data-widget_type=\"heading.default\">\n\t\t\t\t<div class=\"elementor-widget-container\">\n\t\t\t\t\t<h1 class=\"elementor-heading-title elementor-size-default\">R\u00e9volutionner le divertissement et la culture<\/h1>\t\t\t\t<\/div>\n\t\t\t\t<\/div>\n\t\t\t\t<div class=\"elementor-element elementor-element-dc7cabb elementor-hidden-mobile elementor-widget elementor-widget-text-editor\" data-id=\"dc7cabb\" data-element_type=\"widget\" data-e-type=\"widget\" id=\"scroll-down\" data-widget_type=\"text-editor.default\">\n\t\t\t\t<div class=\"elementor-widget-container\">\n\t\t\t\t\t\t\t\t\t<p><a href=\"#melody\">D\u00e9filez pour plus de d\u00e9tails<\/a><\/p>\n\t\t\t\t\t\t\t\t<\/div>\n\t\t\t\t<\/div>\n\t\t\t\t<\/div>\n\t\t\t\t\t<\/div>\n\t\t\t\t<\/div>\n\t\t<div class=\"elementor-element elementor-element-fb5b301 e-flex e-con-boxed e-con e-parent\" data-id=\"fb5b301\" data-element_type=\"container\" data-e-type=\"container\" id=\"melody\">\n\t\t\t\t\t<div class=\"e-con-inner\">\n\t\t<div class=\"elementor-element elementor-element-e2abe06 e-con-full e-flex e-con e-child\" data-id=\"e2abe06\" data-element_type=\"container\" data-e-type=\"container\">\n\t\t\t\t<div class=\"elementor-element elementor-element-d138979 elementor-widget elementor-widget-image\" data-id=\"d138979\" data-element_type=\"widget\" data-e-type=\"widget\" data-widget_type=\"image.default\">\n\t\t\t\t<div class=\"elementor-widget-container\">\n\t\t\t\t\t\t\t\t\t\t\t\t\t\t\t<img loading=\"lazy\" decoding=\"async\" width=\"139\" height=\"110\" src=\"https:\/\/dreamcatcher.ws\/wp-content\/uploads\/2025\/01\/Layer-1.png\" class=\"attachment-full size-full wp-image-6904\" alt=\"\" \/>\t\t\t\t\t\t\t\t\t\t\t\t\t\t\t<\/div>\n\t\t\t\t<\/div>\n\t\t\t\t<div class=\"elementor-element elementor-element-764c168 csd-content elementor-widget elementor-widget-text-editor\" data-id=\"764c168\" data-element_type=\"widget\" data-e-type=\"widget\" data-widget_type=\"text-editor.default\">\n\t\t\t\t<div class=\"elementor-widget-container\">\n\t\t\t\t\t\t\t\t\t<div>\n<div>Melody Entertainment, pionni\u00e8re dans le paysage des m\u00e9dias et du divertissement au Moyen-Orient au cours des ann\u00e9es 2000 et au d\u00e9but des ann\u00e9es 2010, se relance sous la direction visionnaire de Gamal Marwan et de DreamCatcher. Connue pour avoir r\u00e9volutionn\u00e9 la sc\u00e8ne m\u00e9diatique de la r\u00e9gion avec des campagnes publicitaires prim\u00e9es, des r\u00e9seaux de t\u00e9l\u00e9vision et de radio embl\u00e9matiques et des productions r\u00e9volutionnaires, Melody entre \u00e0 pr\u00e9sent dans une nouvelle \u00e8re en Arabie saoudite. En mettant l&rsquo;accent sur les exp\u00e9riences culturelles, Melody Entertainment cr\u00e9era des \u00e9v\u00e9nements et des initiatives de classe mondiale qui c\u00e9l\u00e8brent l&rsquo;art, la cr\u00e9ativit\u00e9 et les relations humaines, tout en continuant \u00e0 attirer le public par le biais de projets m\u00e9diatiques novateurs.  <\/div>\n<p><\/p>\n<div>Dans le cadre de la vision de DreamCatcher en mati\u00e8re d&rsquo;investissements transformateurs, Melody vise \u00e0 jouer un r\u00f4le central dans la renaissance culturelle de l&rsquo;Arabie saoudite. En introduisant des concepts novateurs et en favorisant des collaborations uniques, Melody offrira des exp\u00e9riences inoubliables qui inspireront et renforceront la communaut\u00e9 cr\u00e9ative grandissante du Royaume. Gr\u00e2ce \u00e0 sa pr\u00e9sence renouvel\u00e9e, Melody Entertainment cherche \u00e0 red\u00e9finir la mani\u00e8re dont la culture est partag\u00e9e, c\u00e9l\u00e9br\u00e9e et valoris\u00e9e dans la r\u00e9gion.  <\/div>\n<\/div>\n\t\t\t\t\t\t\t\t<\/div>\n\t\t\t\t<\/div>\n\t\t\t\t<\/div>\n\t\t<div class=\"elementor-element elementor-element-f9028cb e-con-full e-flex e-con e-child\" data-id=\"f9028cb\" data-element_type=\"container\" data-e-type=\"container\">\n\t\t\t\t<div class=\"elementor-element elementor-element-1878012 elementor-widget elementor-widget-text-editor\" data-id=\"1878012\" data-element_type=\"widget\" data-e-type=\"widget\" data-widget_type=\"text-editor.default\">\n\t\t\t\t<div class=\"elementor-widget-container\">\n\t\t\t\t\t\t\t\t\t<p>VOIR LE SITE<\/p>\n\t\t\t\t\t\t\t\t<\/div>\n\t\t\t\t<\/div>\n\t\t\t\t<div class=\"elementor-element elementor-element-1bca75f shop-link elementor-widget elementor-widget-text-editor\" data-id=\"1bca75f\" data-element_type=\"widget\" data-e-type=\"widget\" data-widget_type=\"text-editor.default\">\n\t\t\t\t<div class=\"elementor-widget-container\">\n\t\t\t\t\t\t\t\t\t<p><a href=\"https:\/\/melody.net\" target=\"_blank\" rel=\"noopener\">melody.net<\/a><\/p>\n\t\t\t\t\t\t\t\t<\/div>\n\t\t\t\t<\/div>\n\t\t\t\t<div class=\"elementor-element elementor-element-68586ed shop-listing elementor-widget elementor-widget-text-editor\" data-id=\"68586ed\" data-element_type=\"widget\" data-e-type=\"widget\" data-widget_type=\"text-editor.default\">\n\t\t\t\t<div class=\"elementor-widget-container\">\n\t\t\t\t\t\t\t\t\t<ul>\n<li><strong>La rencontre de la cr\u00e9ativit\u00e9 et de la culture<\/strong><\/li>\n<li>Exp\u00e9riences transformatrices<\/li>\n<li>Pr\u00e9sence iconique<\/li>\n<li>Un h\u00e9ritage reconnu<\/li>\n<li>Une ambition de pionnier<\/li>\n<\/ul>\n\t\t\t\t\t\t\t\t<\/div>\n\t\t\t\t<\/div>\n\t\t\t\t<\/div>\n\t\t\t\t\t<\/div>\n\t\t\t\t<\/div>\n\t\t<div class=\"elementor-element elementor-element-95944f5 e-flex e-con-boxed e-con e-parent\" data-id=\"95944f5\" data-element_type=\"container\" data-e-type=\"container\" data-settings=\"{&quot;background_background&quot;:&quot;classic&quot;}\">\n\t\t\t\t\t<div class=\"e-con-inner\">\n\t\t\t\t<div class=\"elementor-element elementor-element-7eee317 elementor-widget elementor-widget-image\" data-id=\"7eee317\" data-element_type=\"widget\" data-e-type=\"widget\" data-widget_type=\"image.default\">\n\t\t\t\t<div class=\"elementor-widget-container\">\n\t\t\t\t\t\t\t\t\t\t\t\t\t\t\t<img loading=\"lazy\" decoding=\"async\" width=\"1200\" height=\"800\" src=\"https:\/\/dreamcatcher.ws\/wp-content\/uploads\/2025\/01\/Untitled-3.jpg\" class=\"attachment-full size-full wp-image-6847\" alt=\"\" srcset=\"https:\/\/dreamcatcher.ws\/wp-content\/uploads\/2025\/01\/Untitled-3.jpg 1200w, https:\/\/dreamcatcher.ws\/wp-content\/uploads\/2025\/01\/Untitled-3-300x200.jpg 300w, https:\/\/dreamcatcher.ws\/wp-content\/uploads\/2025\/01\/Untitled-3-1024x683.jpg 1024w, https:\/\/dreamcatcher.ws\/wp-content\/uploads\/2025\/01\/Untitled-3-768x512.jpg 768w\" sizes=\"auto, (max-width: 1200px) 100vw, 1200px\" \/>\t\t\t\t\t\t\t\t\t\t\t\t\t\t\t<\/div>\n\t\t\t\t<\/div>\n\t\t\t\t\t<\/div>\n\t\t\t\t<\/div>\n\t\t<div class=\"elementor-element elementor-element-db0dc49 e-flex e-con-boxed e-con e-parent\" data-id=\"db0dc49\" data-element_type=\"container\" data-e-type=\"container\">\n\t\t\t\t\t<div class=\"e-con-inner\">\n\t\t\t\t<div class=\"elementor-element elementor-element-42247bb csd-text elementor-widget__width-initial elementor-widget elementor-widget-text-editor\" data-id=\"42247bb\" data-element_type=\"widget\" data-e-type=\"widget\" data-widget_type=\"text-editor.default\">\n\t\t\t\t<div class=\"elementor-widget-container\">\n\t\t\t\t\t\t\t\t\t<h2>Plateforme ancr\u00e9e dans l&rsquo;innovation, Melody Entertainment s&rsquo;appuie sur son h\u00e9ritage embl\u00e9matique pour cr\u00e9er des exp\u00e9riences culturelles audacieuses et inspirer une nouvelle \u00e8re de cr\u00e9ativit\u00e9.<\/h2>\n\t\t\t\t\t\t\t\t<\/div>\n\t\t\t\t<\/div>\n\t\t\t\t\t<\/div>\n\t\t\t\t<\/div>\n\t\t<div class=\"elementor-element elementor-element-85a80a1 e-flex e-con-boxed e-con e-parent\" data-id=\"85a80a1\" data-element_type=\"container\" data-e-type=\"container\">\n\t\t\t\t\t<div class=\"e-con-inner\">\n\t\t\t\t<div class=\"elementor-element elementor-element-1fe7aea start-new-project elementor-widget elementor-widget-text-editor\" data-id=\"1fe7aea\" data-element_type=\"widget\" data-e-type=\"widget\" data-widget_type=\"text-editor.default\">\n\t\t\t\t<div class=\"elementor-widget-container\">\n\t\t\t\t\t\t\t\t\t<h2>Vous d\u00e9marrez un nouveau projet ?<\/h2>\n\t\t\t\t\t\t\t\t<\/div>\n\t\t\t\t<\/div>\n\t\t\t\t<div class=\"elementor-element elementor-element-45b1847 elementor-widget elementor-widget-button\" data-id=\"45b1847\" data-element_type=\"widget\" data-e-type=\"widget\" data-widget_type=\"button.default\">\n\t\t\t\t<div class=\"elementor-widget-container\">\n\t\t\t\t\t\t\t\t\t<div class=\"elementor-button-wrapper\">\n\t\t\t\t\t<a class=\"elementor-button elementor-button-link elementor-size-sm\" href=\"https:\/\/dreamcatcher.ws\/fr\/contactez-nous\/\" id=\"df-btn\">\n\t\t\t\t\t\t<span class=\"elementor-button-content-wrapper\">\n\t\t\t\t\t\t\t\t\t<span class=\"elementor-button-text\">DITES-NOUS EN PLUS<\/span>\n\t\t\t\t\t<\/span>\n\t\t\t\t\t<\/a>\n\t\t\t\t<\/div>\n\t\t\t\t\t\t\t\t<\/div>\n\t\t\t\t<\/div>\n\t\t\t\t\t<\/div>\n\t\t\t\t<\/div>\n\t\t\t\t<\/div>\n\t\t","protected":false},"excerpt":{"rendered":"<p>M\u00e9lodie R\u00e9volutionner le divertissement et la culture D\u00e9filez pour plus de d\u00e9tails Melody Entertainment, pionni\u00e8re dans le paysage des m\u00e9dias et du divertissement au Moyen-Orient au cours des ann\u00e9es 2000 et au d\u00e9but des ann\u00e9es 2010, se relance sous la direction visionnaire de Gamal Marwan et de DreamCatcher. Connue pour avoir r\u00e9volutionn\u00e9 la sc\u00e8ne m\u00e9diatique [&hellip;]<\/p>\n","protected":false},"author":1,"featured_media":6770,"parent":6868,"menu_order":0,"comment_status":"closed","ping_status":"closed","template":"elementor_header_footer","meta":{"footnotes":""},"class_list":["post-6842","page","type-page","status-publish","has-post-thumbnail","hentry"],"yoast_head":"<!-- This site is optimized with the Yoast SEO plugin v27.3 - https:\/\/yoast.com\/product\/yoast-seo-wordpress\/ -->\n<title>M\u00e9lodie - Dreamcatcher<\/title>\n<meta name=\"robots\" content=\"index, follow, max-snippet:-1, max-image-preview:large, max-video-preview:-1\" \/>\n<link rel=\"canonical\" href=\"https:\/\/dreamcatcher.ws\/fr\/le-portefeuille\/melodie\/\" \/>\n<meta property=\"og:locale\" content=\"fr_FR\" \/>\n<meta property=\"og:type\" content=\"article\" \/>\n<meta property=\"og:title\" content=\"M\u00e9lodie - Dreamcatcher\" \/>\n<meta property=\"og:description\" content=\"M\u00e9lodie R\u00e9volutionner le divertissement et la culture D\u00e9filez pour plus de d\u00e9tails Melody Entertainment, pionni\u00e8re dans le paysage des m\u00e9dias et du divertissement au Moyen-Orient au cours des ann\u00e9es 2000 et au d\u00e9but des ann\u00e9es 2010, se relance sous la direction visionnaire de Gamal Marwan et de DreamCatcher. Connue pour avoir r\u00e9volutionn\u00e9 la sc\u00e8ne m\u00e9diatique [&hellip;]\" \/>\n<meta property=\"og:url\" content=\"https:\/\/dreamcatcher.ws\/fr\/le-portefeuille\/melodie\/\" \/>\n<meta property=\"og:site_name\" content=\"Dreamcatcher\" \/>\n<meta property=\"article:modified_time\" content=\"2025-12-08T15:35:42+00:00\" \/>\n<meta property=\"og:image\" content=\"https:\/\/dreamcatcher.ws\/wp-content\/uploads\/2025\/01\/site-thum.png\" \/>\n\t<meta property=\"og:image:width\" content=\"536\" \/>\n\t<meta property=\"og:image:height\" content=\"536\" \/>\n\t<meta property=\"og:image:type\" content=\"image\/png\" \/>\n<meta name=\"twitter:card\" content=\"summary_large_image\" \/>\n<meta name=\"twitter:label1\" content=\"Dur\u00e9e de lecture estim\u00e9e\" \/>\n\t<meta name=\"twitter:data1\" content=\"2 minutes\" \/>\n<script type=\"application\/ld+json\" class=\"yoast-schema-graph\">{\"@context\":\"https:\\\/\\\/schema.org\",\"@graph\":[{\"@type\":\"WebPage\",\"@id\":\"https:\\\/\\\/dreamcatcher.ws\\\/fr\\\/le-portefeuille\\\/melodie\\\/\",\"url\":\"https:\\\/\\\/dreamcatcher.ws\\\/fr\\\/le-portefeuille\\\/melodie\\\/\",\"name\":\"M\u00e9lodie - Dreamcatcher\",\"isPartOf\":{\"@id\":\"https:\\\/\\\/dreamcatcher.ws\\\/#website\"},\"primaryImageOfPage\":{\"@id\":\"https:\\\/\\\/dreamcatcher.ws\\\/fr\\\/le-portefeuille\\\/melodie\\\/#primaryimage\"},\"image\":{\"@id\":\"https:\\\/\\\/dreamcatcher.ws\\\/fr\\\/le-portefeuille\\\/melodie\\\/#primaryimage\"},\"thumbnailUrl\":\"https:\\\/\\\/dreamcatcher.ws\\\/wp-content\\\/uploads\\\/2025\\\/01\\\/site-thum.png\",\"datePublished\":\"2025-01-17T10:54:59+00:00\",\"dateModified\":\"2025-12-08T15:35:42+00:00\",\"breadcrumb\":{\"@id\":\"https:\\\/\\\/dreamcatcher.ws\\\/fr\\\/le-portefeuille\\\/melodie\\\/#breadcrumb\"},\"inLanguage\":\"fr-FR\",\"potentialAction\":[{\"@type\":\"ReadAction\",\"target\":[\"https:\\\/\\\/dreamcatcher.ws\\\/fr\\\/le-portefeuille\\\/melodie\\\/\"]}]},{\"@type\":\"ImageObject\",\"inLanguage\":\"fr-FR\",\"@id\":\"https:\\\/\\\/dreamcatcher.ws\\\/fr\\\/le-portefeuille\\\/melodie\\\/#primaryimage\",\"url\":\"https:\\\/\\\/dreamcatcher.ws\\\/wp-content\\\/uploads\\\/2025\\\/01\\\/site-thum.png\",\"contentUrl\":\"https:\\\/\\\/dreamcatcher.ws\\\/wp-content\\\/uploads\\\/2025\\\/01\\\/site-thum.png\",\"width\":536,\"height\":536},{\"@type\":\"BreadcrumbList\",\"@id\":\"https:\\\/\\\/dreamcatcher.ws\\\/fr\\\/le-portefeuille\\\/melodie\\\/#breadcrumb\",\"itemListElement\":[{\"@type\":\"ListItem\",\"position\":1,\"name\":\"Home\",\"item\":\"https:\\\/\\\/dreamcatcher.ws\\\/\"},{\"@type\":\"ListItem\",\"position\":2,\"name\":\"Le portefeuille\",\"item\":\"https:\\\/\\\/dreamcatcher.ws\\\/fr\\\/le-portefeuille\\\/\"},{\"@type\":\"ListItem\",\"position\":3,\"name\":\"M\u00e9lodie\"}]},{\"@type\":\"WebSite\",\"@id\":\"https:\\\/\\\/dreamcatcher.ws\\\/#website\",\"url\":\"https:\\\/\\\/dreamcatcher.ws\\\/\",\"name\":\"Dreamcatcher\",\"description\":\"\",\"publisher\":{\"@id\":\"https:\\\/\\\/dreamcatcher.ws\\\/#organization\"},\"potentialAction\":[{\"@type\":\"SearchAction\",\"target\":{\"@type\":\"EntryPoint\",\"urlTemplate\":\"https:\\\/\\\/dreamcatcher.ws\\\/?s={search_term_string}\"},\"query-input\":{\"@type\":\"PropertyValueSpecification\",\"valueRequired\":true,\"valueName\":\"search_term_string\"}}],\"inLanguage\":\"fr-FR\"},{\"@type\":\"Organization\",\"@id\":\"https:\\\/\\\/dreamcatcher.ws\\\/#organization\",\"name\":\"Dreamcatcher\",\"url\":\"https:\\\/\\\/dreamcatcher.ws\\\/\",\"logo\":{\"@type\":\"ImageObject\",\"inLanguage\":\"fr-FR\",\"@id\":\"https:\\\/\\\/dreamcatcher.ws\\\/#\\\/schema\\\/logo\\\/image\\\/\",\"url\":\"https:\\\/\\\/dreamcatcher.ws\\\/wp-content\\\/uploads\\\/2025\\\/01\\\/site-thum.png\",\"contentUrl\":\"https:\\\/\\\/dreamcatcher.ws\\\/wp-content\\\/uploads\\\/2025\\\/01\\\/site-thum.png\",\"width\":536,\"height\":536,\"caption\":\"Dreamcatcher\"},\"image\":{\"@id\":\"https:\\\/\\\/dreamcatcher.ws\\\/#\\\/schema\\\/logo\\\/image\\\/\"}}]}<\/script>\n<!-- \/ Yoast SEO plugin. -->","yoast_head_json":{"title":"M\u00e9lodie - Dreamcatcher","robots":{"index":"index","follow":"follow","max-snippet":"max-snippet:-1","max-image-preview":"max-image-preview:large","max-video-preview":"max-video-preview:-1"},"canonical":"https:\/\/dreamcatcher.ws\/fr\/le-portefeuille\/melodie\/","og_locale":"fr_FR","og_type":"article","og_title":"M\u00e9lodie - Dreamcatcher","og_description":"M\u00e9lodie R\u00e9volutionner le divertissement et la culture D\u00e9filez pour plus de d\u00e9tails Melody Entertainment, pionni\u00e8re dans le paysage des m\u00e9dias et du divertissement au Moyen-Orient au cours des ann\u00e9es 2000 et au d\u00e9but des ann\u00e9es 2010, se relance sous la direction visionnaire de Gamal Marwan et de DreamCatcher. Connue pour avoir r\u00e9volutionn\u00e9 la sc\u00e8ne m\u00e9diatique [&hellip;]","og_url":"https:\/\/dreamcatcher.ws\/fr\/le-portefeuille\/melodie\/","og_site_name":"Dreamcatcher","article_modified_time":"2025-12-08T15:35:42+00:00","og_image":[{"width":536,"height":536,"url":"https:\/\/dreamcatcher.ws\/wp-content\/uploads\/2025\/01\/site-thum.png","type":"image\/png"}],"twitter_card":"summary_large_image","twitter_misc":{"Dur\u00e9e de lecture estim\u00e9e":"2 minutes"},"schema":{"@context":"https:\/\/schema.org","@graph":[{"@type":"WebPage","@id":"https:\/\/dreamcatcher.ws\/fr\/le-portefeuille\/melodie\/","url":"https:\/\/dreamcatcher.ws\/fr\/le-portefeuille\/melodie\/","name":"M\u00e9lodie - Dreamcatcher","isPartOf":{"@id":"https:\/\/dreamcatcher.ws\/#website"},"primaryImageOfPage":{"@id":"https:\/\/dreamcatcher.ws\/fr\/le-portefeuille\/melodie\/#primaryimage"},"image":{"@id":"https:\/\/dreamcatcher.ws\/fr\/le-portefeuille\/melodie\/#primaryimage"},"thumbnailUrl":"https:\/\/dreamcatcher.ws\/wp-content\/uploads\/2025\/01\/site-thum.png","datePublished":"2025-01-17T10:54:59+00:00","dateModified":"2025-12-08T15:35:42+00:00","breadcrumb":{"@id":"https:\/\/dreamcatcher.ws\/fr\/le-portefeuille\/melodie\/#breadcrumb"},"inLanguage":"fr-FR","potentialAction":[{"@type":"ReadAction","target":["https:\/\/dreamcatcher.ws\/fr\/le-portefeuille\/melodie\/"]}]},{"@type":"ImageObject","inLanguage":"fr-FR","@id":"https:\/\/dreamcatcher.ws\/fr\/le-portefeuille\/melodie\/#primaryimage","url":"https:\/\/dreamcatcher.ws\/wp-content\/uploads\/2025\/01\/site-thum.png","contentUrl":"https:\/\/dreamcatcher.ws\/wp-content\/uploads\/2025\/01\/site-thum.png","width":536,"height":536},{"@type":"BreadcrumbList","@id":"https:\/\/dreamcatcher.ws\/fr\/le-portefeuille\/melodie\/#breadcrumb","itemListElement":[{"@type":"ListItem","position":1,"name":"Home","item":"https:\/\/dreamcatcher.ws\/"},{"@type":"ListItem","position":2,"name":"Le portefeuille","item":"https:\/\/dreamcatcher.ws\/fr\/le-portefeuille\/"},{"@type":"ListItem","position":3,"name":"M\u00e9lodie"}]},{"@type":"WebSite","@id":"https:\/\/dreamcatcher.ws\/#website","url":"https:\/\/dreamcatcher.ws\/","name":"Dreamcatcher","description":"","publisher":{"@id":"https:\/\/dreamcatcher.ws\/#organization"},"potentialAction":[{"@type":"SearchAction","target":{"@type":"EntryPoint","urlTemplate":"https:\/\/dreamcatcher.ws\/?s={search_term_string}"},"query-input":{"@type":"PropertyValueSpecification","valueRequired":true,"valueName":"search_term_string"}}],"inLanguage":"fr-FR"},{"@type":"Organization","@id":"https:\/\/dreamcatcher.ws\/#organization","name":"Dreamcatcher","url":"https:\/\/dreamcatcher.ws\/","logo":{"@type":"ImageObject","inLanguage":"fr-FR","@id":"https:\/\/dreamcatcher.ws\/#\/schema\/logo\/image\/","url":"https:\/\/dreamcatcher.ws\/wp-content\/uploads\/2025\/01\/site-thum.png","contentUrl":"https:\/\/dreamcatcher.ws\/wp-content\/uploads\/2025\/01\/site-thum.png","width":536,"height":536,"caption":"Dreamcatcher"},"image":{"@id":"https:\/\/dreamcatcher.ws\/#\/schema\/logo\/image\/"}}]}},"_links":{"self":[{"href":"https:\/\/dreamcatcher.ws\/fr\/wp-json\/wp\/v2\/pages\/6842","targetHints":{"allow":["GET"]}}],"collection":[{"href":"https:\/\/dreamcatcher.ws\/fr\/wp-json\/wp\/v2\/pages"}],"about":[{"href":"https:\/\/dreamcatcher.ws\/fr\/wp-json\/wp\/v2\/types\/page"}],"author":[{"embeddable":true,"href":"https:\/\/dreamcatcher.ws\/fr\/wp-json\/wp\/v2\/users\/1"}],"replies":[{"embeddable":true,"href":"https:\/\/dreamcatcher.ws\/fr\/wp-json\/wp\/v2\/comments?post=6842"}],"version-history":[{"count":1,"href":"https:\/\/dreamcatcher.ws\/fr\/wp-json\/wp\/v2\/pages\/6842\/revisions"}],"predecessor-version":[{"id":8278,"href":"https:\/\/dreamcatcher.ws\/fr\/wp-json\/wp\/v2\/pages\/6842\/revisions\/8278"}],"up":[{"embeddable":true,"href":"https:\/\/dreamcatcher.ws\/fr\/wp-json\/wp\/v2\/pages\/6868"}],"wp:featuredmedia":[{"embeddable":true,"href":"https:\/\/dreamcatcher.ws\/fr\/wp-json\/wp\/v2\/media\/6770"}],"wp:attachment":[{"href":"https:\/\/dreamcatcher.ws\/fr\/wp-json\/wp\/v2\/media?parent=6842"}],"curies":[{"name":"wp","href":"https:\/\/api.w.org\/{rel}","templated":true}]}}