{"id":6781,"date":"2025-01-09T12:53:31","date_gmt":"2025-01-09T12:53:31","guid":{"rendered":"https:\/\/dreamcatcher.ws\/carrieres\/"},"modified":"2025-01-30T14:07:44","modified_gmt":"2025-01-30T14:07:44","slug":"carrieres","status":"publish","type":"page","link":"https:\/\/dreamcatcher.ws\/fr\/carrieres\/","title":{"rendered":"Carri\u00e8res"},"content":{"rendered":"\t\t<div data-elementor-type=\"wp-page\" data-elementor-id=\"6781\" class=\"elementor elementor-6781 elementor-3897\" data-elementor-post-type=\"page\">\n\t\t\t\t<div class=\"elementor-element elementor-element-cc35365 wo-were-sec  e-flex e-con-boxed e-con e-parent\" data-id=\"cc35365\" data-element_type=\"container\" data-e-type=\"container\">\n\t\t\t\t\t<div class=\"e-con-inner\">\n\t\t<div class=\"elementor-element elementor-element-c6b8899 who-we-are-container e-flex e-con-boxed e-con e-child\" data-id=\"c6b8899\" data-element_type=\"container\" data-e-type=\"container\">\n\t\t\t\t\t<div class=\"e-con-inner\">\n\t\t<div class=\"elementor-element elementor-element-1fdc882 e-flex e-con-boxed e-con e-child\" data-id=\"1fdc882\" data-element_type=\"container\" data-e-type=\"container\">\n\t\t\t\t\t<div class=\"e-con-inner\">\n\t\t\t\t<div class=\"elementor-element elementor-element-fe625e4 elementor-widget elementor-widget-heading\" data-id=\"fe625e4\" data-element_type=\"widget\" data-e-type=\"widget\" data-widget_type=\"heading.default\">\n\t\t\t\t<div class=\"elementor-widget-container\">\n\t\t\t\t\t<p class=\"elementor-heading-title elementor-size-default\">CARRI\u00c8RES<\/p>\t\t\t\t<\/div>\n\t\t\t\t<\/div>\n\t\t\t\t<div class=\"elementor-element elementor-element-254d4d8 elementor-widget__width-initial elementor-widget-mobile__width-inherit elementor-widget elementor-widget-heading\" data-id=\"254d4d8\" data-element_type=\"widget\" data-e-type=\"widget\" data-widget_type=\"heading.default\">\n\t\t\t\t<div class=\"elementor-widget-container\">\n\t\t\t\t\t<h1 class=\"elementor-heading-title elementor-size-default\">Offres d'emploi actuelles \u00c0 RIYADH, ARABIE SAOUDITE SIEGE R\u00c9GIONAL<\/h1>\t\t\t\t<\/div>\n\t\t\t\t<\/div>\n\t\t<div class=\"elementor-element elementor-element-282299e e-con-full e-flex e-con e-child\" data-id=\"282299e\" data-element_type=\"container\" data-e-type=\"container\">\n\t\t\t\t<div class=\"elementor-element elementor-element-e0f579d founder-wrap we-invest-content elementor-widget__width-initial elementor-widget elementor-widget-text-editor\" data-id=\"e0f579d\" data-element_type=\"widget\" data-e-type=\"widget\" data-widget_type=\"text-editor.default\">\n\t\t\t\t<div class=\"elementor-widget-container\">\n\t\t\t\t\t\t\t\t\t<p>DREAMCATCHER est un employeur qui souscrit au principe de l&rsquo;\u00e9galit\u00e9 des chances. Les personnes \u00e0 la recherche d&rsquo;un emploi sont prises en consid\u00e9ration sans distinction de race, de couleur, de religion, d&rsquo;origine nationale, d&rsquo;\u00e2ge, de sexe, d&rsquo;\u00e9tat civil, d&rsquo;ascendance, de handicap physique ou mental, de statut d&rsquo;ancien combattant, d&rsquo;orientation sexuelle ou de toute autre cat\u00e9gorie prot\u00e9g\u00e9e par la loi applicable. <\/p>\n\t\t\t\t\t\t\t\t<\/div>\n\t\t\t\t<\/div>\n\t\t\t\t<\/div>\n\t\t\t\t\t<\/div>\n\t\t\t\t<\/div>\n\t\t\t\t\t<\/div>\n\t\t\t\t<\/div>\n\t\t\t\t\t<\/div>\n\t\t\t\t<\/div>\n\t\t<div class=\"elementor-element elementor-element-83db28c e-flex e-con-boxed e-con e-parent\" data-id=\"83db28c\" data-element_type=\"container\" data-e-type=\"container\">\n\t\t\t\t\t<div class=\"e-con-inner\">\n\t\t\t\t<div class=\"elementor-element elementor-element-97db1ee elementor-widget elementor-widget-heading\" data-id=\"97db1ee\" data-element_type=\"widget\" data-e-type=\"widget\" data-widget_type=\"heading.default\">\n\t\t\t\t<div class=\"elementor-widget-container\">\n\t\t\t\t\t<h2 class=\"elementor-heading-title elementor-size-default\">Offres d'emploi actuelles<\/h2>\t\t\t\t<\/div>\n\t\t\t\t<\/div>\n\t\t\t\t<div class=\"elementor-element elementor-element-fc345e2 dept-tag elementor-hidden-desktop elementor-hidden-laptop elementor-hidden-tablet elementor-hidden-mobile elementor-widget elementor-widget-heading\" data-id=\"fc345e2\" data-element_type=\"widget\" data-e-type=\"widget\" data-widget_type=\"heading.default\">\n\t\t\t\t<div class=\"elementor-widget-container\">\n\t\t\t\t\t<h3 class=\"elementor-heading-title elementor-size-default\">D\u00c9PARTEMENT<\/h3>\t\t\t\t<\/div>\n\t\t\t\t<\/div>\n\t\t\t\t<div class=\"elementor-element elementor-element-149e3d3 elementor-widget elementor-widget-shortcode\" data-id=\"149e3d3\" data-element_type=\"widget\" data-e-type=\"widget\" data-widget_type=\"shortcode.default\">\n\t\t\t\t<div class=\"elementor-widget-container\">\n\t\t\t\t\t\t\t<div class=\"elementor-shortcode\"><form id=\"career-filter-form\" method=\"GET\"><select id=\"career-category-filter\" name=\"category_filter\"><option value=\"\">All Departments<\/option><option value=\"42\">M\u00e9dical<\/option><option value=\"32\">Non classifi\u00e9(e)<\/option><option value=\"44\">Op\u00e9rations mondiales<\/option><\/select><\/form><div id=\"career-posts-container\"><div class=\"career-category-section\"><h3>Non classifi\u00e9(e)<\/h3><div class=\"career-post\"><p class=\"job-post-title\"><a href=\"https:\/\/dreamcatcher.ws\/fr\/career\/associe-commercial-interne-pour-les-solutions-globales-de-gestion-de-patrimoine\/\">Responsable des ressources humaines, des op\u00e9rations et des relations gouvernementales<\/a><\/p><div class=\"post-name\">  Riyad - Arabie Saoudite<\/div><\/div><div class=\"career-post\"><p class=\"job-post-title\"><a href=\"https:\/\/dreamcatcher.ws\/fr\/career\/assistante-executive-du-directeur-general\/\">Assistante ex\u00e9cutive du directeur g\u00e9n\u00e9ral<\/a><\/p><div class=\"post-name\">Riyad, Royaume d&#039;Arabie Saoudite<\/div><\/div><\/div><div class=\"career-category-section\"><h3>Medical<\/h3><div class=\"career-post\"><p class=\"job-post-title\"><a href=\"https:\/\/dreamcatcher.ws\/fr\/career\/juridique-et-conformite-confidentialite-des-donnees-responsable\/\">Juridique et conformit\u00e9 &#8211; Confidentialit\u00e9 des donn\u00e9es &#8211; Responsable<\/a><\/p><div class=\"post-name\">Riyad - Arabie Saoudite<\/div><\/div><\/div><div class=\"career-category-section\"><h3>M\u00e9dical<\/h3><div class=\"career-post\"><p class=\"job-post-title\"><a href=\"https:\/\/dreamcatcher.ws\/fr\/career\/stagiaire-en-capital-investissement\/\">Infirmi\u00e8re en esth\u00e9tique et laser<\/a><\/p><div class=\"post-name\">Le Caire - \u00c9gypte<\/div><\/div><div class=\"career-post\"><p class=\"job-post-title\"><a href=\"https:\/\/dreamcatcher.ws\/fr\/career\/directeur-administratif-clinique-de-medecine-convergente\/\">Directeur administratif &#8211; Clinique de m\u00e9decine convergente<\/a><\/p><div class=\"post-name\">Riyad, Royaume d&#039;Arabie Saoudite<\/div><\/div><div class=\"career-post\"><p class=\"job-post-title\"><a href=\"https:\/\/dreamcatcher.ws\/fr\/career\/medecin-specialise-en-medecine-generale-et-en-sante-des-femmes\/\">M\u00e9decin sp\u00e9cialis\u00e9 en m\u00e9decine g\u00e9n\u00e9rale et en sant\u00e9 des femmes<\/a><\/p><div class=\"post-name\">Riyad, Royaume d&#039;Arabie Saoudite<\/div><\/div><\/div><div class=\"career-category-section\"><h3>Op\u00e9rations mondiales<\/h3><div class=\"career-post\"><p class=\"job-post-title\"><a href=\"https:\/\/dreamcatcher.ws\/fr\/career\/consultant-en-strategie\/\">Consultant en strat\u00e9gie<\/a><\/p><div class=\"post-name\">Riyad, Royaume d&#039;Arabie Saoudite<\/div><\/div><\/div><\/div>\n    <script type=\"text\/javascript\">\n        document.addEventListener(\"DOMContentLoaded\", function() {\n            \/\/ Handle filter selection change\n            document.getElementById(\"career-category-filter\").addEventListener(\"change\", function() {\n                var selectedCategory = this.value;\n                fetchCareerPosts(selectedCategory);\n            });\n\n            \/\/ Function to fetch posts via AJAX based on selected category\n            function fetchCareerPosts(selectedCategory = \"\") {\n                var data = { action: \"filter_career_posts\", category_id: selectedCategory };\n                jQuery.ajax({\n                    url: \"https:\/\/dreamcatcher.ws\/wp-admin\/admin-ajax.php\",\n                    method: \"GET\",\n                    data: data,\n                    success: function(response) {\n                        document.getElementById(\"career-posts-container\").innerHTML = response;\n                    },\n                    error: function(xhr, status, error) {\n                        console.log(\"AJAX error: \" + status + \": \" + error);\n                    }\n                });\n            }\n        });\n    <\/script><\/div>\n\t\t\t\t\t\t<\/div>\n\t\t\t\t<\/div>\n\t\t\t\t\t<\/div>\n\t\t\t\t<\/div>\n\t\t\t\t<\/div>\n\t\t","protected":false},"excerpt":{"rendered":"<p>CARRI\u00c8RES Offres d&#8217;emploi actuelles \u00c0 RIYADH, ARABIE SAOUDITE SIEGE R\u00c9GIONAL DREAMCATCHER est un employeur qui souscrit au principe de l&rsquo;\u00e9galit\u00e9 des chances. Les personnes \u00e0 la recherche d&rsquo;un emploi sont prises en consid\u00e9ration sans distinction de race, de couleur, de religion, d&rsquo;origine nationale, d&rsquo;\u00e2ge, de sexe, d&rsquo;\u00e9tat civil, d&rsquo;ascendance, de handicap physique ou mental, de [&hellip;]<\/p>\n","protected":false},"author":1,"featured_media":6770,"parent":0,"menu_order":0,"comment_status":"closed","ping_status":"closed","template":"elementor_header_footer","meta":{"footnotes":""},"class_list":["post-6781","page","type-page","status-publish","has-post-thumbnail","hentry"],"yoast_head":"<!-- This site is optimized with the Yoast SEO plugin v27.3 - https:\/\/yoast.com\/product\/yoast-seo-wordpress\/ -->\n<title>Carri\u00e8res - Dreamcatcher<\/title>\n<meta name=\"robots\" content=\"index, follow, max-snippet:-1, max-image-preview:large, max-video-preview:-1\" \/>\n<link rel=\"canonical\" href=\"https:\/\/dreamcatcher.ws\/fr\/carrieres\/\" \/>\n<meta property=\"og:locale\" content=\"fr_FR\" \/>\n<meta property=\"og:type\" content=\"article\" \/>\n<meta property=\"og:title\" content=\"Carri\u00e8res - Dreamcatcher\" \/>\n<meta property=\"og:description\" content=\"CARRI\u00c8RES Offres d&#8217;emploi actuelles \u00c0 RIYADH, ARABIE SAOUDITE SIEGE R\u00c9GIONAL DREAMCATCHER est un employeur qui souscrit au principe de l&rsquo;\u00e9galit\u00e9 des chances. Les personnes \u00e0 la recherche d&rsquo;un emploi sont prises en consid\u00e9ration sans distinction de race, de couleur, de religion, d&rsquo;origine nationale, d&rsquo;\u00e2ge, de sexe, d&rsquo;\u00e9tat civil, d&rsquo;ascendance, de handicap physique ou mental, de [&hellip;]\" \/>\n<meta property=\"og:url\" content=\"https:\/\/dreamcatcher.ws\/fr\/carrieres\/\" \/>\n<meta property=\"og:site_name\" content=\"Dreamcatcher\" \/>\n<meta property=\"article:modified_time\" content=\"2025-01-30T14:07:44+00:00\" \/>\n<meta property=\"og:image\" content=\"https:\/\/dreamcatcher.ws\/wp-content\/uploads\/2025\/01\/site-thum.png\" \/>\n\t<meta property=\"og:image:width\" content=\"536\" \/>\n\t<meta property=\"og:image:height\" content=\"536\" \/>\n\t<meta property=\"og:image:type\" content=\"image\/png\" \/>\n<meta name=\"twitter:card\" content=\"summary_large_image\" \/>\n<meta name=\"twitter:label1\" content=\"Dur\u00e9e de lecture estim\u00e9e\" \/>\n\t<meta name=\"twitter:data1\" content=\"1 minute\" \/>\n<script type=\"application\/ld+json\" class=\"yoast-schema-graph\">{\"@context\":\"https:\\\/\\\/schema.org\",\"@graph\":[{\"@type\":\"WebPage\",\"@id\":\"https:\\\/\\\/dreamcatcher.ws\\\/fr\\\/carrieres\\\/\",\"url\":\"https:\\\/\\\/dreamcatcher.ws\\\/fr\\\/carrieres\\\/\",\"name\":\"Carri\u00e8res - Dreamcatcher\",\"isPartOf\":{\"@id\":\"https:\\\/\\\/dreamcatcher.ws\\\/#website\"},\"primaryImageOfPage\":{\"@id\":\"https:\\\/\\\/dreamcatcher.ws\\\/fr\\\/carrieres\\\/#primaryimage\"},\"image\":{\"@id\":\"https:\\\/\\\/dreamcatcher.ws\\\/fr\\\/carrieres\\\/#primaryimage\"},\"thumbnailUrl\":\"https:\\\/\\\/dreamcatcher.ws\\\/wp-content\\\/uploads\\\/2025\\\/01\\\/site-thum.png\",\"datePublished\":\"2025-01-09T12:53:31+00:00\",\"dateModified\":\"2025-01-30T14:07:44+00:00\",\"breadcrumb\":{\"@id\":\"https:\\\/\\\/dreamcatcher.ws\\\/fr\\\/carrieres\\\/#breadcrumb\"},\"inLanguage\":\"fr-FR\",\"potentialAction\":[{\"@type\":\"ReadAction\",\"target\":[\"https:\\\/\\\/dreamcatcher.ws\\\/fr\\\/carrieres\\\/\"]}]},{\"@type\":\"ImageObject\",\"inLanguage\":\"fr-FR\",\"@id\":\"https:\\\/\\\/dreamcatcher.ws\\\/fr\\\/carrieres\\\/#primaryimage\",\"url\":\"https:\\\/\\\/dreamcatcher.ws\\\/wp-content\\\/uploads\\\/2025\\\/01\\\/site-thum.png\",\"contentUrl\":\"https:\\\/\\\/dreamcatcher.ws\\\/wp-content\\\/uploads\\\/2025\\\/01\\\/site-thum.png\",\"width\":536,\"height\":536},{\"@type\":\"BreadcrumbList\",\"@id\":\"https:\\\/\\\/dreamcatcher.ws\\\/fr\\\/carrieres\\\/#breadcrumb\",\"itemListElement\":[{\"@type\":\"ListItem\",\"position\":1,\"name\":\"Home\",\"item\":\"https:\\\/\\\/dreamcatcher.ws\\\/\"},{\"@type\":\"ListItem\",\"position\":2,\"name\":\"Carri\u00e8res\"}]},{\"@type\":\"WebSite\",\"@id\":\"https:\\\/\\\/dreamcatcher.ws\\\/#website\",\"url\":\"https:\\\/\\\/dreamcatcher.ws\\\/\",\"name\":\"Dreamcatcher\",\"description\":\"\",\"publisher\":{\"@id\":\"https:\\\/\\\/dreamcatcher.ws\\\/#organization\"},\"potentialAction\":[{\"@type\":\"SearchAction\",\"target\":{\"@type\":\"EntryPoint\",\"urlTemplate\":\"https:\\\/\\\/dreamcatcher.ws\\\/?s={search_term_string}\"},\"query-input\":{\"@type\":\"PropertyValueSpecification\",\"valueRequired\":true,\"valueName\":\"search_term_string\"}}],\"inLanguage\":\"fr-FR\"},{\"@type\":\"Organization\",\"@id\":\"https:\\\/\\\/dreamcatcher.ws\\\/#organization\",\"name\":\"Dreamcatcher\",\"url\":\"https:\\\/\\\/dreamcatcher.ws\\\/\",\"logo\":{\"@type\":\"ImageObject\",\"inLanguage\":\"fr-FR\",\"@id\":\"https:\\\/\\\/dreamcatcher.ws\\\/#\\\/schema\\\/logo\\\/image\\\/\",\"url\":\"https:\\\/\\\/dreamcatcher.ws\\\/wp-content\\\/uploads\\\/2025\\\/01\\\/site-thum.png\",\"contentUrl\":\"https:\\\/\\\/dreamcatcher.ws\\\/wp-content\\\/uploads\\\/2025\\\/01\\\/site-thum.png\",\"width\":536,\"height\":536,\"caption\":\"Dreamcatcher\"},\"image\":{\"@id\":\"https:\\\/\\\/dreamcatcher.ws\\\/#\\\/schema\\\/logo\\\/image\\\/\"}}]}<\/script>\n<!-- \/ Yoast SEO plugin. -->","yoast_head_json":{"title":"Carri\u00e8res - Dreamcatcher","robots":{"index":"index","follow":"follow","max-snippet":"max-snippet:-1","max-image-preview":"max-image-preview:large","max-video-preview":"max-video-preview:-1"},"canonical":"https:\/\/dreamcatcher.ws\/fr\/carrieres\/","og_locale":"fr_FR","og_type":"article","og_title":"Carri\u00e8res - Dreamcatcher","og_description":"CARRI\u00c8RES Offres d&#8217;emploi actuelles \u00c0 RIYADH, ARABIE SAOUDITE SIEGE R\u00c9GIONAL DREAMCATCHER est un employeur qui souscrit au principe de l&rsquo;\u00e9galit\u00e9 des chances. Les personnes \u00e0 la recherche d&rsquo;un emploi sont prises en consid\u00e9ration sans distinction de race, de couleur, de religion, d&rsquo;origine nationale, d&rsquo;\u00e2ge, de sexe, d&rsquo;\u00e9tat civil, d&rsquo;ascendance, de handicap physique ou mental, de [&hellip;]","og_url":"https:\/\/dreamcatcher.ws\/fr\/carrieres\/","og_site_name":"Dreamcatcher","article_modified_time":"2025-01-30T14:07:44+00:00","og_image":[{"width":536,"height":536,"url":"https:\/\/dreamcatcher.ws\/wp-content\/uploads\/2025\/01\/site-thum.png","type":"image\/png"}],"twitter_card":"summary_large_image","twitter_misc":{"Dur\u00e9e de lecture estim\u00e9e":"1 minute"},"schema":{"@context":"https:\/\/schema.org","@graph":[{"@type":"WebPage","@id":"https:\/\/dreamcatcher.ws\/fr\/carrieres\/","url":"https:\/\/dreamcatcher.ws\/fr\/carrieres\/","name":"Carri\u00e8res - Dreamcatcher","isPartOf":{"@id":"https:\/\/dreamcatcher.ws\/#website"},"primaryImageOfPage":{"@id":"https:\/\/dreamcatcher.ws\/fr\/carrieres\/#primaryimage"},"image":{"@id":"https:\/\/dreamcatcher.ws\/fr\/carrieres\/#primaryimage"},"thumbnailUrl":"https:\/\/dreamcatcher.ws\/wp-content\/uploads\/2025\/01\/site-thum.png","datePublished":"2025-01-09T12:53:31+00:00","dateModified":"2025-01-30T14:07:44+00:00","breadcrumb":{"@id":"https:\/\/dreamcatcher.ws\/fr\/carrieres\/#breadcrumb"},"inLanguage":"fr-FR","potentialAction":[{"@type":"ReadAction","target":["https:\/\/dreamcatcher.ws\/fr\/carrieres\/"]}]},{"@type":"ImageObject","inLanguage":"fr-FR","@id":"https:\/\/dreamcatcher.ws\/fr\/carrieres\/#primaryimage","url":"https:\/\/dreamcatcher.ws\/wp-content\/uploads\/2025\/01\/site-thum.png","contentUrl":"https:\/\/dreamcatcher.ws\/wp-content\/uploads\/2025\/01\/site-thum.png","width":536,"height":536},{"@type":"BreadcrumbList","@id":"https:\/\/dreamcatcher.ws\/fr\/carrieres\/#breadcrumb","itemListElement":[{"@type":"ListItem","position":1,"name":"Home","item":"https:\/\/dreamcatcher.ws\/"},{"@type":"ListItem","position":2,"name":"Carri\u00e8res"}]},{"@type":"WebSite","@id":"https:\/\/dreamcatcher.ws\/#website","url":"https:\/\/dreamcatcher.ws\/","name":"Dreamcatcher","description":"","publisher":{"@id":"https:\/\/dreamcatcher.ws\/#organization"},"potentialAction":[{"@type":"SearchAction","target":{"@type":"EntryPoint","urlTemplate":"https:\/\/dreamcatcher.ws\/?s={search_term_string}"},"query-input":{"@type":"PropertyValueSpecification","valueRequired":true,"valueName":"search_term_string"}}],"inLanguage":"fr-FR"},{"@type":"Organization","@id":"https:\/\/dreamcatcher.ws\/#organization","name":"Dreamcatcher","url":"https:\/\/dreamcatcher.ws\/","logo":{"@type":"ImageObject","inLanguage":"fr-FR","@id":"https:\/\/dreamcatcher.ws\/#\/schema\/logo\/image\/","url":"https:\/\/dreamcatcher.ws\/wp-content\/uploads\/2025\/01\/site-thum.png","contentUrl":"https:\/\/dreamcatcher.ws\/wp-content\/uploads\/2025\/01\/site-thum.png","width":536,"height":536,"caption":"Dreamcatcher"},"image":{"@id":"https:\/\/dreamcatcher.ws\/#\/schema\/logo\/image\/"}}]}},"_links":{"self":[{"href":"https:\/\/dreamcatcher.ws\/fr\/wp-json\/wp\/v2\/pages\/6781","targetHints":{"allow":["GET"]}}],"collection":[{"href":"https:\/\/dreamcatcher.ws\/fr\/wp-json\/wp\/v2\/pages"}],"about":[{"href":"https:\/\/dreamcatcher.ws\/fr\/wp-json\/wp\/v2\/types\/page"}],"author":[{"embeddable":true,"href":"https:\/\/dreamcatcher.ws\/fr\/wp-json\/wp\/v2\/users\/1"}],"replies":[{"embeddable":true,"href":"https:\/\/dreamcatcher.ws\/fr\/wp-json\/wp\/v2\/comments?post=6781"}],"version-history":[{"count":0,"href":"https:\/\/dreamcatcher.ws\/fr\/wp-json\/wp\/v2\/pages\/6781\/revisions"}],"wp:featuredmedia":[{"embeddable":true,"href":"https:\/\/dreamcatcher.ws\/fr\/wp-json\/wp\/v2\/media\/6770"}],"wp:attachment":[{"href":"https:\/\/dreamcatcher.ws\/fr\/wp-json\/wp\/v2\/media?parent=6781"}],"curies":[{"name":"wp","href":"https:\/\/api.w.org\/{rel}","templated":true}]}}