{"id":6767,"date":"2025-01-17T10:24:13","date_gmt":"2025-01-17T10:24:13","guid":{"rendered":"https:\/\/dreamcatcher.ws\/honayda\/"},"modified":"2025-02-03T07:50:54","modified_gmt":"2025-02-03T07:50:54","slug":"honayda","status":"publish","type":"page","link":"https:\/\/dreamcatcher.ws\/fr\/le-portefeuille\/honayda\/","title":{"rendered":"Honayda"},"content":{"rendered":"\t\t<div data-elementor-type=\"wp-page\" data-elementor-id=\"6767\" class=\"elementor elementor-6767\" data-elementor-post-type=\"page\">\n\t\t\t\t<div class=\"elementor-element elementor-element-b173e1e hm-banner e-flex e-con-boxed e-con e-parent\" data-id=\"b173e1e\" data-element_type=\"container\" data-e-type=\"container\" data-settings=\"{&quot;background_background&quot;:&quot;classic&quot;}\">\n\t\t\t\t\t<div class=\"e-con-inner\">\n\t\t<div class=\"elementor-element elementor-element-e1bb7b3 e-con-full banner-content-wrap e-flex e-con e-child\" data-id=\"e1bb7b3\" data-element_type=\"container\" data-e-type=\"container\" data-settings=\"{&quot;background_background&quot;:&quot;video&quot;}\">\n\t\t\t\t<div class=\"elementor-element elementor-element-ba1c8bd elementor-widget elementor-widget-heading\" data-id=\"ba1c8bd\" data-element_type=\"widget\" data-e-type=\"widget\" data-widget_type=\"heading.default\">\n\t\t\t\t<div class=\"elementor-widget-container\">\n\t\t\t\t\t<p class=\"elementor-heading-title elementor-size-default\">HONAYDA<\/p>\t\t\t\t<\/div>\n\t\t\t\t<\/div>\n\t\t\t\t<div class=\"elementor-element elementor-element-11ff0a9 elementor-widget__width-initial elementor-widget elementor-widget-heading\" data-id=\"11ff0a9\" data-element_type=\"widget\" data-e-type=\"widget\" data-widget_type=\"heading.default\">\n\t\t\t\t<div class=\"elementor-widget-container\">\n\t\t\t\t\t<h1 class=\"elementor-heading-title elementor-size-default\">\u00c9tabli en Arabie saoudite en 2016<br> par Honayda Serafi<\/h1>\t\t\t\t<\/div>\n\t\t\t\t<\/div>\n\t\t\t\t<div class=\"elementor-element elementor-element-a23e761 honayda-scroll-text elementor-hidden-mobile elementor-widget elementor-widget-text-editor\" data-id=\"a23e761\" data-element_type=\"widget\" data-e-type=\"widget\" id=\"scroll-down\" data-widget_type=\"text-editor.default\">\n\t\t\t\t<div class=\"elementor-widget-container\">\n\t\t\t\t\t\t\t\t\t<p><a href=\"#honayda\">D\u00e9filez pour plus de d\u00e9tails<\/a><\/p>\n\t\t\t\t\t\t\t\t<\/div>\n\t\t\t\t<\/div>\n\t\t\t\t<\/div>\n\t\t\t\t\t<\/div>\n\t\t\t\t<\/div>\n\t\t<div class=\"elementor-element elementor-element-efd6452 e-flex e-con-boxed e-con e-parent\" data-id=\"efd6452\" data-element_type=\"container\" data-e-type=\"container\" id=\"honayda\">\n\t\t\t\t\t<div class=\"e-con-inner\">\n\t\t<div class=\"elementor-element elementor-element-34aa762 e-con-full e-flex e-con e-child\" data-id=\"34aa762\" data-element_type=\"container\" data-e-type=\"container\">\n\t\t\t\t<div class=\"elementor-element elementor-element-7197535 elementor-widget elementor-widget-image\" data-id=\"7197535\" data-element_type=\"widget\" data-e-type=\"widget\" data-widget_type=\"image.default\">\n\t\t\t\t<div class=\"elementor-widget-container\">\n\t\t\t\t\t\t\t\t\t\t\t\t\t\t\t<img loading=\"lazy\" decoding=\"async\" width=\"1324\" height=\"207\" src=\"https:\/\/dreamcatcher.ws\/wp-content\/uploads\/2025\/01\/Image-63.png\" class=\"attachment-full size-full wp-image-6903\" alt=\"\" srcset=\"https:\/\/dreamcatcher.ws\/wp-content\/uploads\/2025\/01\/Image-63.png 1324w, https:\/\/dreamcatcher.ws\/wp-content\/uploads\/2025\/01\/Image-63-300x47.png 300w, https:\/\/dreamcatcher.ws\/wp-content\/uploads\/2025\/01\/Image-63-1024x160.png 1024w, https:\/\/dreamcatcher.ws\/wp-content\/uploads\/2025\/01\/Image-63-768x120.png 768w\" sizes=\"auto, (max-width: 1324px) 100vw, 1324px\" \/>\t\t\t\t\t\t\t\t\t\t\t\t\t\t\t<\/div>\n\t\t\t\t<\/div>\n\t\t\t\t<div class=\"elementor-element elementor-element-3e6f4ef csd-content elementor-widget elementor-widget-text-editor\" data-id=\"3e6f4ef\" data-element_type=\"widget\" data-e-type=\"widget\" data-widget_type=\"text-editor.default\">\n\t\t\t\t<div class=\"elementor-widget-container\">\n\t\t\t\t\t\t\t\t\t<div>\n<div>Fond\u00e9e en Arabie saoudite en 2016 par Honayda Serafi, HONAYDA est une marque internationale de pr\u00eat-\u00e0-porter de luxe qui cr\u00e9e des mod\u00e8les intemporels, contemporains et \u00e9l\u00e9gamment confortables pour les femmes modernes.<\/div>\n<p><\/p>\n<div>HONAYDA s&rsquo;est donn\u00e9 pour mission de favoriser l&rsquo;\u00e9mancipation des femmes \u00e0 travers chaque collection, en refl\u00e9tant l&rsquo;histoire d&rsquo;une femme m\u00e9morable qui a marqu\u00e9 l&rsquo;histoire \u00e0 un moment donn\u00e9 de l&rsquo;histoire \u00e0 travers chaque mod\u00e8le.<\/div>\n<p><\/p>\n<div>Ainsi, la directrice de la cr\u00e9ation, Honayda, injecte du sens et du symbolisme dans chacune de ses cr\u00e9ations, c\u00e9l\u00e9brant les femmes dans toute leur diversit\u00e9.<\/div>\n<p><\/p>\n<div>Nous cherchons constamment \u00e0 atteindre l&rsquo;excellence en cr\u00e9ant des produits r\u00e9pondant aux normes de qualit\u00e9 les plus \u00e9lev\u00e9es et des mod\u00e8les \u00e9ternels qui r\u00e9sistent \u00e0 l&rsquo;\u00e9preuve du temps et deviennent des \u00e9l\u00e9ments essentiels de la garde-robe d&rsquo;une femme dynamique et sophistiqu\u00e9e.<\/div>\n<p><\/p>\n<div>Notre \u00e9quipe a pris la d\u00e9cision de r\u00e9utiliser les tissus inutilis\u00e9s dans les prochaines collections et les nouvelles lignes de produits, afin de contribuer \u00e0 la r\u00e9duction des d\u00e9chets provenant de l&rsquo;industrie de la mode.<\/div>\n<p><\/p>\n<div>Li\u00e9e par des liens \u00e9troits avec les arts et la culture, la directrice de la cr\u00e9ation Honayda Serafi, qui a r\u00e9ussi \u00e0 maintenir l&rsquo;identit\u00e9 internationale de la marque en utilisant subtilement ses racines traditionnelles, s&rsquo;efforce de maintenir les traditions vivantes en combinant, dans ses cr\u00e9ations, des \u00e9l\u00e9ments de la tradition avec un savoir-faire artisanal moderne.<\/div>\n<\/div>\n\t\t\t\t\t\t\t\t<\/div>\n\t\t\t\t<\/div>\n\t\t\t\t<\/div>\n\t\t<div class=\"elementor-element elementor-element-e70b835 e-con-full e-flex e-con e-child\" data-id=\"e70b835\" data-element_type=\"container\" data-e-type=\"container\">\n\t\t\t\t<div class=\"elementor-element elementor-element-e65e2a7 elementor-widget elementor-widget-text-editor\" data-id=\"e65e2a7\" data-element_type=\"widget\" data-e-type=\"widget\" data-widget_type=\"text-editor.default\">\n\t\t\t\t<div class=\"elementor-widget-container\">\n\t\t\t\t\t\t\t\t\t<p>VOIR LE SITE<\/p>\n\t\t\t\t\t\t\t\t<\/div>\n\t\t\t\t<\/div>\n\t\t\t\t<div class=\"elementor-element elementor-element-cb27b19 shop-link elementor-widget elementor-widget-text-editor\" data-id=\"cb27b19\" data-element_type=\"widget\" data-e-type=\"widget\" data-widget_type=\"text-editor.default\">\n\t\t\t\t<div class=\"elementor-widget-container\">\n\t\t\t\t\t\t\t\t\t<p><a href=\"https:\/\/www.honayda.com\/\" target=\"_blank\" rel=\"noopener\">honayda.com<\/a><\/p>\n\t\t\t\t\t\t\t\t<\/div>\n\t\t\t\t<\/div>\n\t\t\t\t<div class=\"elementor-element elementor-element-a8ff310 shop-listing elementor-widget elementor-widget-text-editor\" data-id=\"a8ff310\" data-element_type=\"widget\" data-e-type=\"widget\" data-widget_type=\"text-editor.default\">\n\t\t\t\t<div class=\"elementor-widget-container\">\n\t\t\t\t\t\t\t\t\t<ul>\n<li><strong>L&rsquo;\u00e9l\u00e9gance intemporelle au service de l&rsquo;autonomie des femmes<\/strong><\/li>\n<li>F\u00e9minit\u00e9 moderne<\/li>\n<li>Patrimoine culturel<\/li>\n<li>Expression artistique<\/li>\n<li>L&rsquo;artisanat durable<\/li>\n<\/ul>\n\t\t\t\t\t\t\t\t<\/div>\n\t\t\t\t<\/div>\n\t\t\t\t<\/div>\n\t\t\t\t\t<\/div>\n\t\t\t\t<\/div>\n\t\t<div class=\"elementor-element elementor-element-b242ef9 e-flex e-con-boxed e-con e-parent\" data-id=\"b242ef9\" data-element_type=\"container\" data-e-type=\"container\" data-settings=\"{&quot;background_background&quot;:&quot;classic&quot;}\">\n\t\t\t\t\t<div class=\"e-con-inner\">\n\t\t\t\t<div class=\"elementor-element elementor-element-a10748f elementor-widget elementor-widget-image\" data-id=\"a10748f\" data-element_type=\"widget\" data-e-type=\"widget\" data-widget_type=\"image.default\">\n\t\t\t\t<div class=\"elementor-widget-container\">\n\t\t\t\t\t\t\t\t\t\t\t\t\t\t\t<img loading=\"lazy\" decoding=\"async\" width=\"2400\" height=\"1600\" src=\"https:\/\/dreamcatcher.ws\/wp-content\/uploads\/2025\/01\/fw23@2x.png\" class=\"attachment-full size-full wp-image-6769\" alt=\"\" srcset=\"https:\/\/dreamcatcher.ws\/wp-content\/uploads\/2025\/01\/fw23@2x.png 2400w, https:\/\/dreamcatcher.ws\/wp-content\/uploads\/2025\/01\/fw23@2x-300x200.png 300w, https:\/\/dreamcatcher.ws\/wp-content\/uploads\/2025\/01\/fw23@2x-1024x683.png 1024w, https:\/\/dreamcatcher.ws\/wp-content\/uploads\/2025\/01\/fw23@2x-768x512.png 768w, https:\/\/dreamcatcher.ws\/wp-content\/uploads\/2025\/01\/fw23@2x-1536x1024.png 1536w, https:\/\/dreamcatcher.ws\/wp-content\/uploads\/2025\/01\/fw23@2x-2048x1365.png 2048w\" sizes=\"auto, (max-width: 2400px) 100vw, 2400px\" \/>\t\t\t\t\t\t\t\t\t\t\t\t\t\t\t<\/div>\n\t\t\t\t<\/div>\n\t\t\t\t\t<\/div>\n\t\t\t\t<\/div>\n\t\t<div class=\"elementor-element elementor-element-f09c698 e-flex e-con-boxed e-con e-parent\" data-id=\"f09c698\" data-element_type=\"container\" data-e-type=\"container\">\n\t\t\t\t\t<div class=\"e-con-inner\">\n\t\t\t\t<div class=\"elementor-element elementor-element-7d50ee6 csd-text elementor-widget__width-initial elementor-widget elementor-widget-text-editor\" data-id=\"7d50ee6\" data-element_type=\"widget\" data-e-type=\"widget\" data-widget_type=\"text-editor.default\">\n\t\t\t\t<div class=\"elementor-widget-container\">\n\t\t\t\t\t\t\t\t\t<h2>Marque \u00e0 part enti\u00e8re, HONAYDA utilise l&rsquo;art comme un langage international au profit de sa mission principale : l&rsquo;autonomisation des femmes.<\/h2>\n\t\t\t\t\t\t\t\t<\/div>\n\t\t\t\t<\/div>\n\t\t\t\t\t<\/div>\n\t\t\t\t<\/div>\n\t\t<div class=\"elementor-element elementor-element-e8441f7 e-flex e-con-boxed e-con e-parent\" data-id=\"e8441f7\" data-element_type=\"container\" data-e-type=\"container\">\n\t\t\t\t\t<div class=\"e-con-inner\">\n\t\t\t\t<div class=\"elementor-element elementor-element-ce2dd81 start-new-project elementor-widget elementor-widget-text-editor\" data-id=\"ce2dd81\" data-element_type=\"widget\" data-e-type=\"widget\" data-widget_type=\"text-editor.default\">\n\t\t\t\t<div class=\"elementor-widget-container\">\n\t\t\t\t\t\t\t\t\t<h2>Vous d\u00e9marrez un nouveau projet ?<\/h2>\n\t\t\t\t\t\t\t\t<\/div>\n\t\t\t\t<\/div>\n\t\t\t\t<div class=\"elementor-element elementor-element-b552ac9 elementor-widget elementor-widget-button\" data-id=\"b552ac9\" data-element_type=\"widget\" data-e-type=\"widget\" data-widget_type=\"button.default\">\n\t\t\t\t<div class=\"elementor-widget-container\">\n\t\t\t\t\t\t\t\t\t<div class=\"elementor-button-wrapper\">\n\t\t\t\t\t<a class=\"elementor-button elementor-button-link elementor-size-sm\" href=\"https:\/\/dreamcatcher.ws\/fr\/contactez-nous\/\" id=\"df-btn\">\n\t\t\t\t\t\t<span class=\"elementor-button-content-wrapper\">\n\t\t\t\t\t\t\t\t\t<span class=\"elementor-button-text\">DITES-NOUS EN PLUS<\/span>\n\t\t\t\t\t<\/span>\n\t\t\t\t\t<\/a>\n\t\t\t\t<\/div>\n\t\t\t\t\t\t\t\t<\/div>\n\t\t\t\t<\/div>\n\t\t\t\t\t<\/div>\n\t\t\t\t<\/div>\n\t\t\t\t<\/div>\n\t\t","protected":false},"excerpt":{"rendered":"<p>HONAYDA \u00c9tabli en Arabie saoudite en 2016 par Honayda Serafi D\u00e9filez pour plus de d\u00e9tails Fond\u00e9e en Arabie saoudite en 2016 par Honayda Serafi, HONAYDA est une marque internationale de pr\u00eat-\u00e0-porter de luxe qui cr\u00e9e des mod\u00e8les intemporels, contemporains et \u00e9l\u00e9gamment confortables pour les femmes modernes. HONAYDA s&rsquo;est donn\u00e9 pour mission de favoriser l&rsquo;\u00e9mancipation des [&hellip;]<\/p>\n","protected":false},"author":1,"featured_media":6770,"parent":6868,"menu_order":0,"comment_status":"closed","ping_status":"closed","template":"elementor_header_footer","meta":{"footnotes":""},"class_list":["post-6767","page","type-page","status-publish","has-post-thumbnail","hentry"],"yoast_head":"<!-- This site is optimized with the Yoast SEO plugin v27.3 - https:\/\/yoast.com\/product\/yoast-seo-wordpress\/ -->\n<title>Honayda - Dreamcatcher<\/title>\n<meta name=\"robots\" content=\"index, follow, max-snippet:-1, max-image-preview:large, max-video-preview:-1\" \/>\n<link rel=\"canonical\" href=\"https:\/\/dreamcatcher.ws\/fr\/le-portefeuille\/honayda\/\" \/>\n<meta property=\"og:locale\" content=\"fr_FR\" \/>\n<meta property=\"og:type\" content=\"article\" \/>\n<meta property=\"og:title\" content=\"Honayda - Dreamcatcher\" \/>\n<meta property=\"og:description\" content=\"HONAYDA \u00c9tabli en Arabie saoudite en 2016 par Honayda Serafi D\u00e9filez pour plus de d\u00e9tails Fond\u00e9e en Arabie saoudite en 2016 par Honayda Serafi, HONAYDA est une marque internationale de pr\u00eat-\u00e0-porter de luxe qui cr\u00e9e des mod\u00e8les intemporels, contemporains et \u00e9l\u00e9gamment confortables pour les femmes modernes. HONAYDA s&rsquo;est donn\u00e9 pour mission de favoriser l&rsquo;\u00e9mancipation des [&hellip;]\" \/>\n<meta property=\"og:url\" content=\"https:\/\/dreamcatcher.ws\/fr\/le-portefeuille\/honayda\/\" \/>\n<meta property=\"og:site_name\" content=\"Dreamcatcher\" \/>\n<meta property=\"article:modified_time\" content=\"2025-02-03T07:50:54+00:00\" \/>\n<meta property=\"og:image\" content=\"https:\/\/dreamcatcher.ws\/wp-content\/uploads\/2025\/01\/site-thum.png\" \/>\n\t<meta property=\"og:image:width\" content=\"536\" \/>\n\t<meta property=\"og:image:height\" content=\"536\" \/>\n\t<meta property=\"og:image:type\" content=\"image\/png\" \/>\n<meta name=\"twitter:card\" content=\"summary_large_image\" \/>\n<meta name=\"twitter:label1\" content=\"Dur\u00e9e de lecture estim\u00e9e\" \/>\n\t<meta name=\"twitter:data1\" content=\"2 minutes\" \/>\n<script type=\"application\/ld+json\" class=\"yoast-schema-graph\">{\"@context\":\"https:\\\/\\\/schema.org\",\"@graph\":[{\"@type\":\"WebPage\",\"@id\":\"https:\\\/\\\/dreamcatcher.ws\\\/fr\\\/le-portefeuille\\\/honayda\\\/\",\"url\":\"https:\\\/\\\/dreamcatcher.ws\\\/fr\\\/le-portefeuille\\\/honayda\\\/\",\"name\":\"Honayda - Dreamcatcher\",\"isPartOf\":{\"@id\":\"https:\\\/\\\/dreamcatcher.ws\\\/#website\"},\"primaryImageOfPage\":{\"@id\":\"https:\\\/\\\/dreamcatcher.ws\\\/fr\\\/le-portefeuille\\\/honayda\\\/#primaryimage\"},\"image\":{\"@id\":\"https:\\\/\\\/dreamcatcher.ws\\\/fr\\\/le-portefeuille\\\/honayda\\\/#primaryimage\"},\"thumbnailUrl\":\"https:\\\/\\\/dreamcatcher.ws\\\/wp-content\\\/uploads\\\/2025\\\/01\\\/site-thum.png\",\"datePublished\":\"2025-01-17T10:24:13+00:00\",\"dateModified\":\"2025-02-03T07:50:54+00:00\",\"breadcrumb\":{\"@id\":\"https:\\\/\\\/dreamcatcher.ws\\\/fr\\\/le-portefeuille\\\/honayda\\\/#breadcrumb\"},\"inLanguage\":\"fr-FR\",\"potentialAction\":[{\"@type\":\"ReadAction\",\"target\":[\"https:\\\/\\\/dreamcatcher.ws\\\/fr\\\/le-portefeuille\\\/honayda\\\/\"]}]},{\"@type\":\"ImageObject\",\"inLanguage\":\"fr-FR\",\"@id\":\"https:\\\/\\\/dreamcatcher.ws\\\/fr\\\/le-portefeuille\\\/honayda\\\/#primaryimage\",\"url\":\"https:\\\/\\\/dreamcatcher.ws\\\/wp-content\\\/uploads\\\/2025\\\/01\\\/site-thum.png\",\"contentUrl\":\"https:\\\/\\\/dreamcatcher.ws\\\/wp-content\\\/uploads\\\/2025\\\/01\\\/site-thum.png\",\"width\":536,\"height\":536},{\"@type\":\"BreadcrumbList\",\"@id\":\"https:\\\/\\\/dreamcatcher.ws\\\/fr\\\/le-portefeuille\\\/honayda\\\/#breadcrumb\",\"itemListElement\":[{\"@type\":\"ListItem\",\"position\":1,\"name\":\"Home\",\"item\":\"https:\\\/\\\/dreamcatcher.ws\\\/\"},{\"@type\":\"ListItem\",\"position\":2,\"name\":\"Le portefeuille\",\"item\":\"https:\\\/\\\/dreamcatcher.ws\\\/fr\\\/le-portefeuille\\\/\"},{\"@type\":\"ListItem\",\"position\":3,\"name\":\"Honayda\"}]},{\"@type\":\"WebSite\",\"@id\":\"https:\\\/\\\/dreamcatcher.ws\\\/#website\",\"url\":\"https:\\\/\\\/dreamcatcher.ws\\\/\",\"name\":\"Dreamcatcher\",\"description\":\"\",\"publisher\":{\"@id\":\"https:\\\/\\\/dreamcatcher.ws\\\/#organization\"},\"potentialAction\":[{\"@type\":\"SearchAction\",\"target\":{\"@type\":\"EntryPoint\",\"urlTemplate\":\"https:\\\/\\\/dreamcatcher.ws\\\/?s={search_term_string}\"},\"query-input\":{\"@type\":\"PropertyValueSpecification\",\"valueRequired\":true,\"valueName\":\"search_term_string\"}}],\"inLanguage\":\"fr-FR\"},{\"@type\":\"Organization\",\"@id\":\"https:\\\/\\\/dreamcatcher.ws\\\/#organization\",\"name\":\"Dreamcatcher\",\"url\":\"https:\\\/\\\/dreamcatcher.ws\\\/\",\"logo\":{\"@type\":\"ImageObject\",\"inLanguage\":\"fr-FR\",\"@id\":\"https:\\\/\\\/dreamcatcher.ws\\\/#\\\/schema\\\/logo\\\/image\\\/\",\"url\":\"https:\\\/\\\/dreamcatcher.ws\\\/wp-content\\\/uploads\\\/2025\\\/01\\\/site-thum.png\",\"contentUrl\":\"https:\\\/\\\/dreamcatcher.ws\\\/wp-content\\\/uploads\\\/2025\\\/01\\\/site-thum.png\",\"width\":536,\"height\":536,\"caption\":\"Dreamcatcher\"},\"image\":{\"@id\":\"https:\\\/\\\/dreamcatcher.ws\\\/#\\\/schema\\\/logo\\\/image\\\/\"}}]}<\/script>\n<!-- \/ Yoast SEO plugin. -->","yoast_head_json":{"title":"Honayda - Dreamcatcher","robots":{"index":"index","follow":"follow","max-snippet":"max-snippet:-1","max-image-preview":"max-image-preview:large","max-video-preview":"max-video-preview:-1"},"canonical":"https:\/\/dreamcatcher.ws\/fr\/le-portefeuille\/honayda\/","og_locale":"fr_FR","og_type":"article","og_title":"Honayda - Dreamcatcher","og_description":"HONAYDA \u00c9tabli en Arabie saoudite en 2016 par Honayda Serafi D\u00e9filez pour plus de d\u00e9tails Fond\u00e9e en Arabie saoudite en 2016 par Honayda Serafi, HONAYDA est une marque internationale de pr\u00eat-\u00e0-porter de luxe qui cr\u00e9e des mod\u00e8les intemporels, contemporains et \u00e9l\u00e9gamment confortables pour les femmes modernes. HONAYDA s&rsquo;est donn\u00e9 pour mission de favoriser l&rsquo;\u00e9mancipation des [&hellip;]","og_url":"https:\/\/dreamcatcher.ws\/fr\/le-portefeuille\/honayda\/","og_site_name":"Dreamcatcher","article_modified_time":"2025-02-03T07:50:54+00:00","og_image":[{"width":536,"height":536,"url":"https:\/\/dreamcatcher.ws\/wp-content\/uploads\/2025\/01\/site-thum.png","type":"image\/png"}],"twitter_card":"summary_large_image","twitter_misc":{"Dur\u00e9e de lecture estim\u00e9e":"2 minutes"},"schema":{"@context":"https:\/\/schema.org","@graph":[{"@type":"WebPage","@id":"https:\/\/dreamcatcher.ws\/fr\/le-portefeuille\/honayda\/","url":"https:\/\/dreamcatcher.ws\/fr\/le-portefeuille\/honayda\/","name":"Honayda - Dreamcatcher","isPartOf":{"@id":"https:\/\/dreamcatcher.ws\/#website"},"primaryImageOfPage":{"@id":"https:\/\/dreamcatcher.ws\/fr\/le-portefeuille\/honayda\/#primaryimage"},"image":{"@id":"https:\/\/dreamcatcher.ws\/fr\/le-portefeuille\/honayda\/#primaryimage"},"thumbnailUrl":"https:\/\/dreamcatcher.ws\/wp-content\/uploads\/2025\/01\/site-thum.png","datePublished":"2025-01-17T10:24:13+00:00","dateModified":"2025-02-03T07:50:54+00:00","breadcrumb":{"@id":"https:\/\/dreamcatcher.ws\/fr\/le-portefeuille\/honayda\/#breadcrumb"},"inLanguage":"fr-FR","potentialAction":[{"@type":"ReadAction","target":["https:\/\/dreamcatcher.ws\/fr\/le-portefeuille\/honayda\/"]}]},{"@type":"ImageObject","inLanguage":"fr-FR","@id":"https:\/\/dreamcatcher.ws\/fr\/le-portefeuille\/honayda\/#primaryimage","url":"https:\/\/dreamcatcher.ws\/wp-content\/uploads\/2025\/01\/site-thum.png","contentUrl":"https:\/\/dreamcatcher.ws\/wp-content\/uploads\/2025\/01\/site-thum.png","width":536,"height":536},{"@type":"BreadcrumbList","@id":"https:\/\/dreamcatcher.ws\/fr\/le-portefeuille\/honayda\/#breadcrumb","itemListElement":[{"@type":"ListItem","position":1,"name":"Home","item":"https:\/\/dreamcatcher.ws\/"},{"@type":"ListItem","position":2,"name":"Le portefeuille","item":"https:\/\/dreamcatcher.ws\/fr\/le-portefeuille\/"},{"@type":"ListItem","position":3,"name":"Honayda"}]},{"@type":"WebSite","@id":"https:\/\/dreamcatcher.ws\/#website","url":"https:\/\/dreamcatcher.ws\/","name":"Dreamcatcher","description":"","publisher":{"@id":"https:\/\/dreamcatcher.ws\/#organization"},"potentialAction":[{"@type":"SearchAction","target":{"@type":"EntryPoint","urlTemplate":"https:\/\/dreamcatcher.ws\/?s={search_term_string}"},"query-input":{"@type":"PropertyValueSpecification","valueRequired":true,"valueName":"search_term_string"}}],"inLanguage":"fr-FR"},{"@type":"Organization","@id":"https:\/\/dreamcatcher.ws\/#organization","name":"Dreamcatcher","url":"https:\/\/dreamcatcher.ws\/","logo":{"@type":"ImageObject","inLanguage":"fr-FR","@id":"https:\/\/dreamcatcher.ws\/#\/schema\/logo\/image\/","url":"https:\/\/dreamcatcher.ws\/wp-content\/uploads\/2025\/01\/site-thum.png","contentUrl":"https:\/\/dreamcatcher.ws\/wp-content\/uploads\/2025\/01\/site-thum.png","width":536,"height":536,"caption":"Dreamcatcher"},"image":{"@id":"https:\/\/dreamcatcher.ws\/#\/schema\/logo\/image\/"}}]}},"_links":{"self":[{"href":"https:\/\/dreamcatcher.ws\/fr\/wp-json\/wp\/v2\/pages\/6767","targetHints":{"allow":["GET"]}}],"collection":[{"href":"https:\/\/dreamcatcher.ws\/fr\/wp-json\/wp\/v2\/pages"}],"about":[{"href":"https:\/\/dreamcatcher.ws\/fr\/wp-json\/wp\/v2\/types\/page"}],"author":[{"embeddable":true,"href":"https:\/\/dreamcatcher.ws\/fr\/wp-json\/wp\/v2\/users\/1"}],"replies":[{"embeddable":true,"href":"https:\/\/dreamcatcher.ws\/fr\/wp-json\/wp\/v2\/comments?post=6767"}],"version-history":[{"count":0,"href":"https:\/\/dreamcatcher.ws\/fr\/wp-json\/wp\/v2\/pages\/6767\/revisions"}],"up":[{"embeddable":true,"href":"https:\/\/dreamcatcher.ws\/fr\/wp-json\/wp\/v2\/pages\/6868"}],"wp:featuredmedia":[{"embeddable":true,"href":"https:\/\/dreamcatcher.ws\/fr\/wp-json\/wp\/v2\/media\/6770"}],"wp:attachment":[{"href":"https:\/\/dreamcatcher.ws\/fr\/wp-json\/wp\/v2\/media?parent=6767"}],"curies":[{"name":"wp","href":"https:\/\/api.w.org\/{rel}","templated":true}]}}