{"id":7308,"date":"2024-09-28T07:33:56","date_gmt":"2024-09-28T07:33:56","guid":{"rendered":"https:\/\/dreamcatcher.ws\/privacidad\/"},"modified":"2025-02-04T14:00:22","modified_gmt":"2025-02-04T14:00:22","slug":"privacidad","status":"publish","type":"page","link":"https:\/\/dreamcatcher.ws\/es\/privacidad\/","title":{"rendered":"Privacidad"},"content":{"rendered":"\t\t<div data-elementor-type=\"wp-page\" data-elementor-id=\"7308\" class=\"elementor elementor-7308 elementor-165\" data-elementor-post-type=\"page\">\n\t\t\t\t<div class=\"elementor-element elementor-element-6391c58 e-con-full cookies-content-section e-flex e-con e-parent\" data-id=\"6391c58\" data-element_type=\"container\" data-e-type=\"container\">\n\t\t<div class=\"elementor-element elementor-element-39bbeac cookies-content-wrap e-flex e-con-boxed e-con e-child\" data-id=\"39bbeac\" data-element_type=\"container\" data-e-type=\"container\">\n\t\t\t\t\t<div class=\"e-con-inner\">\n\t\t\t\t<div class=\"elementor-element elementor-element-2329ccf elementor-widget elementor-widget-heading\" data-id=\"2329ccf\" data-element_type=\"widget\" data-e-type=\"widget\" data-widget_type=\"heading.default\">\n\t\t\t\t<div class=\"elementor-widget-container\">\n\t\t\t\t\t<h1 class=\"elementor-heading-title elementor-size-default\">Pol\u00edtica de privacidad<\/h1>\t\t\t\t<\/div>\n\t\t\t\t<\/div>\n\t\t\t\t<div class=\"elementor-element elementor-element-fad227c the-content elementor-widget elementor-widget-text-editor\" data-id=\"fad227c\" data-element_type=\"widget\" data-e-type=\"widget\" data-widget_type=\"text-editor.default\">\n\t\t\t\t<div class=\"elementor-widget-container\">\n\t\t\t\t\t\t\t\t\t<h2>Introducci\u00f3n<\/h2><p>DreamCatcher (\u00abnosotros\u00bb, \u00abnuestro\u00bb o \u00abnos\u00bb) se compromete a salvaguardar la privacidad de los visitantes y usuarios de nuestro sitio web (\u00abt\u00fa\u00bb o \u00abtu\u00bb). Esta Pol\u00edtica de Privacidad describe c\u00f3mo recopilamos, utilizamos, revelamos y protegemos tus datos personales de acuerdo con la Ley de Protecci\u00f3n de Datos Personales (PDPL) de Arabia Saud\u00ed y las normas internacionales de protecci\u00f3n de datos.<\/p><h2>Recogida de datos<\/h2><p>Recogemos los datos personales que nos proporcionas voluntariamente al interactuar con nuestro sitio web, como tu nombre, direcci\u00f3n de correo electr\u00f3nico y cualquier otra informaci\u00f3n que decidas compartir. Adem\u00e1s, podemos recoger autom\u00e1ticamente cierta informaci\u00f3n a trav\u00e9s de cookies y tecnolog\u00edas similares, incluyendo tu direcci\u00f3n IP, tipo de navegador y comportamiento de navegaci\u00f3n.<\/p><h2>Uso de los datos<\/h2><p>Tus datos personales se utilizan para:<\/p><ul><li>Proporcionar y mejorar nuestros servicios<\/li><li>Responder a tus consultas<\/li><li>Mejorar la experiencia del usuario<\/li><li>Cumplir las obligaciones legales<\/li><\/ul><h2>Intercambio y divulgaci\u00f3n de datos<\/h2><p>No vendemos tus datos personales. Podemos compartir tus datos con terceros proveedores de servicios que nos ayuden en el funcionamiento de nuestro sitio web y en la realizaci\u00f3n de nuestras actividades, siempre que cumplan las obligaciones de confidencialidad. Tambi\u00e9n podemos revelar tus datos cuando lo exija la ley o para proteger nuestros derechos.<\/p><h2>Seguridad de los datos<\/h2><p>Aplicamos medidas t\u00e9cnicas y organizativas adecuadas para proteger tus datos personales contra el acceso no autorizado, la alteraci\u00f3n, la divulgaci\u00f3n o la destrucci\u00f3n.<\/p><h2>Tus derechos<\/h2><p>Con sujeci\u00f3n a la legislaci\u00f3n aplicable, tienes derecho a acceder a tus datos personales que obren en nuestro poder, rectificarlos o eliminarlos. Para ejercer estos derechos, <a href=\"https:\/\/dreamcatcher.ws\/es\/contacta-con-nosotros\/\">ponte en contacto con nosotros<\/a> en.<\/p><h2>Cambios en esta pol\u00edtica<\/h2><p>Podemos actualizar esta Pol\u00edtica de Privacidad de vez en cuando. Cualquier cambio se publicar\u00e1 en esta p\u00e1gina con una fecha de revisi\u00f3n actualizada.<\/p><h2>Contacta con nosotros<\/h2><p>Si tienes alguna pregunta o duda sobre esta Pol\u00edtica de Privacidad, <a href=\"https:\/\/dreamcatcher.ws\/es\/contacta-con-nosotros\/\">ponte en contacto con nosotros<\/a>.<\/p>\t\t\t\t\t\t\t\t<\/div>\n\t\t\t\t<\/div>\n\t\t\t\t\t<\/div>\n\t\t\t\t<\/div>\n\t\t\t\t<\/div>\n\t\t\t\t<\/div>\n\t\t","protected":false},"excerpt":{"rendered":"<p>Pol\u00edtica de privacidad Introducci\u00f3n DreamCatcher (\u00abnosotros\u00bb, \u00abnuestro\u00bb o \u00abnos\u00bb) se compromete a salvaguardar la privacidad de los visitantes y usuarios de nuestro sitio web (\u00abt\u00fa\u00bb o \u00abtu\u00bb). Esta Pol\u00edtica de Privacidad describe c\u00f3mo recopilamos, utilizamos, revelamos y protegemos tus datos personales de acuerdo con la Ley de Protecci\u00f3n de Datos Personales (PDPL) de Arabia Saud\u00ed [&hellip;]<\/p>\n","protected":false},"author":1,"featured_media":7191,"parent":0,"menu_order":0,"comment_status":"closed","ping_status":"closed","template":"elementor_header_footer","meta":{"footnotes":""},"class_list":["post-7308","page","type-page","status-publish","has-post-thumbnail","hentry"],"yoast_head":"<!-- This site is optimized with the Yoast SEO plugin v27.3 - https:\/\/yoast.com\/product\/yoast-seo-wordpress\/ -->\n<title>Privacidad - Dreamcatcher<\/title>\n<meta name=\"robots\" content=\"index, follow, max-snippet:-1, max-image-preview:large, max-video-preview:-1\" \/>\n<link rel=\"canonical\" href=\"https:\/\/dreamcatcher.ws\/privacy\/\" \/>\n<meta property=\"og:locale\" content=\"es_ES\" \/>\n<meta property=\"og:type\" content=\"article\" \/>\n<meta property=\"og:title\" content=\"Privacidad - Dreamcatcher\" \/>\n<meta property=\"og:description\" content=\"Pol\u00edtica de privacidad Introducci\u00f3n DreamCatcher (\u00abnosotros\u00bb, \u00abnuestro\u00bb o \u00abnos\u00bb) se compromete a salvaguardar la privacidad de los visitantes y usuarios de nuestro sitio web (\u00abt\u00fa\u00bb o \u00abtu\u00bb). Esta Pol\u00edtica de Privacidad describe c\u00f3mo recopilamos, utilizamos, revelamos y protegemos tus datos personales de acuerdo con la Ley de Protecci\u00f3n de Datos Personales (PDPL) de Arabia Saud\u00ed [&hellip;]\" \/>\n<meta property=\"og:url\" content=\"https:\/\/dreamcatcher.ws\/privacy\/\" \/>\n<meta property=\"og:site_name\" content=\"Dreamcatcher\" \/>\n<meta property=\"article:modified_time\" content=\"2025-02-04T14:00:22+00:00\" \/>\n<meta property=\"og:image\" content=\"https:\/\/dreamcatcher.ws\/wp-content\/uploads\/2025\/01\/site-thum.png\" \/>\n\t<meta property=\"og:image:width\" content=\"536\" \/>\n\t<meta property=\"og:image:height\" content=\"536\" \/>\n\t<meta property=\"og:image:type\" content=\"image\/png\" \/>\n<meta name=\"twitter:card\" content=\"summary_large_image\" \/>\n<meta name=\"twitter:label1\" content=\"Tiempo de lectura\" \/>\n\t<meta name=\"twitter:data1\" content=\"2 minutos\" \/>\n<script type=\"application\/ld+json\" class=\"yoast-schema-graph\">{\"@context\":\"https:\\\/\\\/schema.org\",\"@graph\":[{\"@type\":\"WebPage\",\"@id\":\"https:\\\/\\\/dreamcatcher.ws\\\/privacy\\\/\",\"url\":\"https:\\\/\\\/dreamcatcher.ws\\\/privacy\\\/\",\"name\":\"Privacidad - Dreamcatcher\",\"isPartOf\":{\"@id\":\"https:\\\/\\\/dreamcatcher.ws\\\/#website\"},\"primaryImageOfPage\":{\"@id\":\"https:\\\/\\\/dreamcatcher.ws\\\/privacy\\\/#primaryimage\"},\"image\":{\"@id\":\"https:\\\/\\\/dreamcatcher.ws\\\/privacy\\\/#primaryimage\"},\"thumbnailUrl\":\"https:\\\/\\\/dreamcatcher.ws\\\/wp-content\\\/uploads\\\/2025\\\/01\\\/site-thum.png\",\"datePublished\":\"2024-09-28T07:33:56+00:00\",\"dateModified\":\"2025-02-04T14:00:22+00:00\",\"breadcrumb\":{\"@id\":\"https:\\\/\\\/dreamcatcher.ws\\\/privacy\\\/#breadcrumb\"},\"inLanguage\":\"es\",\"potentialAction\":[{\"@type\":\"ReadAction\",\"target\":[\"https:\\\/\\\/dreamcatcher.ws\\\/privacy\\\/\"]}]},{\"@type\":\"ImageObject\",\"inLanguage\":\"es\",\"@id\":\"https:\\\/\\\/dreamcatcher.ws\\\/privacy\\\/#primaryimage\",\"url\":\"https:\\\/\\\/dreamcatcher.ws\\\/wp-content\\\/uploads\\\/2025\\\/01\\\/site-thum.png\",\"contentUrl\":\"https:\\\/\\\/dreamcatcher.ws\\\/wp-content\\\/uploads\\\/2025\\\/01\\\/site-thum.png\",\"width\":536,\"height\":536},{\"@type\":\"BreadcrumbList\",\"@id\":\"https:\\\/\\\/dreamcatcher.ws\\\/privacy\\\/#breadcrumb\",\"itemListElement\":[{\"@type\":\"ListItem\",\"position\":1,\"name\":\"Home\",\"item\":\"https:\\\/\\\/dreamcatcher.ws\\\/\"},{\"@type\":\"ListItem\",\"position\":2,\"name\":\"Privacidad\"}]},{\"@type\":\"WebSite\",\"@id\":\"https:\\\/\\\/dreamcatcher.ws\\\/#website\",\"url\":\"https:\\\/\\\/dreamcatcher.ws\\\/\",\"name\":\"Dreamcatcher\",\"description\":\"\",\"publisher\":{\"@id\":\"https:\\\/\\\/dreamcatcher.ws\\\/#organization\"},\"potentialAction\":[{\"@type\":\"SearchAction\",\"target\":{\"@type\":\"EntryPoint\",\"urlTemplate\":\"https:\\\/\\\/dreamcatcher.ws\\\/?s={search_term_string}\"},\"query-input\":{\"@type\":\"PropertyValueSpecification\",\"valueRequired\":true,\"valueName\":\"search_term_string\"}}],\"inLanguage\":\"es\"},{\"@type\":\"Organization\",\"@id\":\"https:\\\/\\\/dreamcatcher.ws\\\/#organization\",\"name\":\"Dreamcatcher\",\"url\":\"https:\\\/\\\/dreamcatcher.ws\\\/\",\"logo\":{\"@type\":\"ImageObject\",\"inLanguage\":\"es\",\"@id\":\"https:\\\/\\\/dreamcatcher.ws\\\/#\\\/schema\\\/logo\\\/image\\\/\",\"url\":\"https:\\\/\\\/dreamcatcher.ws\\\/wp-content\\\/uploads\\\/2025\\\/01\\\/site-thum.png\",\"contentUrl\":\"https:\\\/\\\/dreamcatcher.ws\\\/wp-content\\\/uploads\\\/2025\\\/01\\\/site-thum.png\",\"width\":536,\"height\":536,\"caption\":\"Dreamcatcher\"},\"image\":{\"@id\":\"https:\\\/\\\/dreamcatcher.ws\\\/#\\\/schema\\\/logo\\\/image\\\/\"}}]}<\/script>\n<!-- \/ Yoast SEO plugin. -->","yoast_head_json":{"title":"Privacidad - Dreamcatcher","robots":{"index":"index","follow":"follow","max-snippet":"max-snippet:-1","max-image-preview":"max-image-preview:large","max-video-preview":"max-video-preview:-1"},"canonical":"https:\/\/dreamcatcher.ws\/privacy\/","og_locale":"es_ES","og_type":"article","og_title":"Privacidad - Dreamcatcher","og_description":"Pol\u00edtica de privacidad Introducci\u00f3n DreamCatcher (\u00abnosotros\u00bb, \u00abnuestro\u00bb o \u00abnos\u00bb) se compromete a salvaguardar la privacidad de los visitantes y usuarios de nuestro sitio web (\u00abt\u00fa\u00bb o \u00abtu\u00bb). Esta Pol\u00edtica de Privacidad describe c\u00f3mo recopilamos, utilizamos, revelamos y protegemos tus datos personales de acuerdo con la Ley de Protecci\u00f3n de Datos Personales (PDPL) de Arabia Saud\u00ed [&hellip;]","og_url":"https:\/\/dreamcatcher.ws\/privacy\/","og_site_name":"Dreamcatcher","article_modified_time":"2025-02-04T14:00:22+00:00","og_image":[{"width":536,"height":536,"url":"https:\/\/dreamcatcher.ws\/wp-content\/uploads\/2025\/01\/site-thum.png","type":"image\/png"}],"twitter_card":"summary_large_image","twitter_misc":{"Tiempo de lectura":"2 minutos"},"schema":{"@context":"https:\/\/schema.org","@graph":[{"@type":"WebPage","@id":"https:\/\/dreamcatcher.ws\/privacy\/","url":"https:\/\/dreamcatcher.ws\/privacy\/","name":"Privacidad - Dreamcatcher","isPartOf":{"@id":"https:\/\/dreamcatcher.ws\/#website"},"primaryImageOfPage":{"@id":"https:\/\/dreamcatcher.ws\/privacy\/#primaryimage"},"image":{"@id":"https:\/\/dreamcatcher.ws\/privacy\/#primaryimage"},"thumbnailUrl":"https:\/\/dreamcatcher.ws\/wp-content\/uploads\/2025\/01\/site-thum.png","datePublished":"2024-09-28T07:33:56+00:00","dateModified":"2025-02-04T14:00:22+00:00","breadcrumb":{"@id":"https:\/\/dreamcatcher.ws\/privacy\/#breadcrumb"},"inLanguage":"es","potentialAction":[{"@type":"ReadAction","target":["https:\/\/dreamcatcher.ws\/privacy\/"]}]},{"@type":"ImageObject","inLanguage":"es","@id":"https:\/\/dreamcatcher.ws\/privacy\/#primaryimage","url":"https:\/\/dreamcatcher.ws\/wp-content\/uploads\/2025\/01\/site-thum.png","contentUrl":"https:\/\/dreamcatcher.ws\/wp-content\/uploads\/2025\/01\/site-thum.png","width":536,"height":536},{"@type":"BreadcrumbList","@id":"https:\/\/dreamcatcher.ws\/privacy\/#breadcrumb","itemListElement":[{"@type":"ListItem","position":1,"name":"Home","item":"https:\/\/dreamcatcher.ws\/"},{"@type":"ListItem","position":2,"name":"Privacidad"}]},{"@type":"WebSite","@id":"https:\/\/dreamcatcher.ws\/#website","url":"https:\/\/dreamcatcher.ws\/","name":"Dreamcatcher","description":"","publisher":{"@id":"https:\/\/dreamcatcher.ws\/#organization"},"potentialAction":[{"@type":"SearchAction","target":{"@type":"EntryPoint","urlTemplate":"https:\/\/dreamcatcher.ws\/?s={search_term_string}"},"query-input":{"@type":"PropertyValueSpecification","valueRequired":true,"valueName":"search_term_string"}}],"inLanguage":"es"},{"@type":"Organization","@id":"https:\/\/dreamcatcher.ws\/#organization","name":"Dreamcatcher","url":"https:\/\/dreamcatcher.ws\/","logo":{"@type":"ImageObject","inLanguage":"es","@id":"https:\/\/dreamcatcher.ws\/#\/schema\/logo\/image\/","url":"https:\/\/dreamcatcher.ws\/wp-content\/uploads\/2025\/01\/site-thum.png","contentUrl":"https:\/\/dreamcatcher.ws\/wp-content\/uploads\/2025\/01\/site-thum.png","width":536,"height":536,"caption":"Dreamcatcher"},"image":{"@id":"https:\/\/dreamcatcher.ws\/#\/schema\/logo\/image\/"}}]}},"_links":{"self":[{"href":"https:\/\/dreamcatcher.ws\/es\/wp-json\/wp\/v2\/pages\/7308","targetHints":{"allow":["GET"]}}],"collection":[{"href":"https:\/\/dreamcatcher.ws\/es\/wp-json\/wp\/v2\/pages"}],"about":[{"href":"https:\/\/dreamcatcher.ws\/es\/wp-json\/wp\/v2\/types\/page"}],"author":[{"embeddable":true,"href":"https:\/\/dreamcatcher.ws\/es\/wp-json\/wp\/v2\/users\/1"}],"replies":[{"embeddable":true,"href":"https:\/\/dreamcatcher.ws\/es\/wp-json\/wp\/v2\/comments?post=7308"}],"version-history":[{"count":0,"href":"https:\/\/dreamcatcher.ws\/es\/wp-json\/wp\/v2\/pages\/7308\/revisions"}],"wp:featuredmedia":[{"embeddable":true,"href":"https:\/\/dreamcatcher.ws\/es\/wp-json\/wp\/v2\/media\/7191"}],"wp:attachment":[{"href":"https:\/\/dreamcatcher.ws\/es\/wp-json\/wp\/v2\/media?parent=7308"}],"curies":[{"name":"wp","href":"https:\/\/api.w.org\/{rel}","templated":true}]}}