{"id":7303,"date":"2024-09-28T07:34:38","date_gmt":"2024-09-28T07:34:38","guid":{"rendered":"https:\/\/dreamcatcher.ws\/plazo-de-uso\/"},"modified":"2025-01-30T14:47:23","modified_gmt":"2025-01-30T14:47:23","slug":"plazo-de-uso","status":"publish","type":"page","link":"https:\/\/dreamcatcher.ws\/es\/plazo-de-uso\/","title":{"rendered":"Plazo de uso"},"content":{"rendered":"\t\t<div data-elementor-type=\"wp-page\" data-elementor-id=\"7303\" class=\"elementor elementor-7303 elementor-168\" data-elementor-post-type=\"page\">\n\t\t\t\t<div class=\"elementor-element elementor-element-e7d726c e-con-full cookies-content-section e-flex e-con e-parent\" data-id=\"e7d726c\" data-element_type=\"container\" data-e-type=\"container\">\n\t\t<div class=\"elementor-element elementor-element-6aeead5 cookies-content-wrap e-flex e-con-boxed e-con e-child\" data-id=\"6aeead5\" data-element_type=\"container\" data-e-type=\"container\">\n\t\t\t\t\t<div class=\"e-con-inner\">\n\t\t\t\t<div class=\"elementor-element elementor-element-4648f99 elementor-widget elementor-widget-heading\" data-id=\"4648f99\" data-element_type=\"widget\" data-e-type=\"widget\" data-widget_type=\"heading.default\">\n\t\t\t\t<div class=\"elementor-widget-container\">\n\t\t\t\t\t<h1 class=\"elementor-heading-title elementor-size-default\">Condiciones de uso<\/h1>\t\t\t\t<\/div>\n\t\t\t\t<\/div>\n\t\t\t\t<div class=\"elementor-element elementor-element-1827646 the-content elementor-widget elementor-widget-text-editor\" data-id=\"1827646\" data-element_type=\"widget\" data-e-type=\"widget\" data-widget_type=\"text-editor.default\">\n\t\t\t\t<div class=\"elementor-widget-container\">\n\t\t\t\t\t\t\t\t\t<h2>Aceptaci\u00f3n de las condiciones<\/h2>\n<p>Al acceder y utilizar el sitio web DreamCatcher (\u00abSitio\u00bb), aceptas cumplir estas Condiciones de uso y todas las leyes y normativas aplicables. Si no est\u00e1s de acuerdo con estas condiciones, abstente de utilizar el Sitio. <\/p>\n<h2>Uso del sitio<\/h2>\n<p>Se te concede una licencia limitada, no exclusiva e intransferible para acceder y utilizar el Sitio con fines personales e informativos. Aceptas no hacerlo: <\/p>\n<ul>\n<li>Utilizar el Sitio para cualquier fin il\u00edcito<\/li>\n<li>Participar en cualquier actividad que pueda perjudicar al Sitio o a su funcionamiento<\/li>\n<li>Intentar acceder sin autorizaci\u00f3n a cualquier parte del Sitio<\/li>\n<\/ul>\n<h2>Propiedad intelectual<\/h2>\n<p>Todo el contenido del Sitio, incluyendo texto, gr\u00e1ficos, logotipos e im\u00e1genes, es propiedad de DreamCatcher o de sus proveedores de contenido y est\u00e1 protegido por las leyes de propiedad intelectual aplicables. El uso no autorizado de cualquier contenido puede violar estas leyes. <\/p>\n<h2>Limitaci\u00f3n de responsabilidad<\/h2>\n<p>DreamCatcher no ser\u00e1 responsable de ning\u00fan da\u00f1o derivado de tu uso o imposibilidad de uso del Sitio, incluidos, entre otros, los da\u00f1os directos, indirectos, incidentales o consecuentes.<\/p>\n<h2>Ley aplicable<\/h2>\n<p>Estas Condiciones de uso se rigen por las leyes del Reino de Arabia Saud\u00ed. Cualquier disputa derivada de estos t\u00e9rminos se resolver\u00e1 en los tribunales de Arabia Saud\u00ed. <\/p>\n\t\t\t\t\t\t\t\t<\/div>\n\t\t\t\t<\/div>\n\t\t\t\t\t<\/div>\n\t\t\t\t<\/div>\n\t\t\t\t<\/div>\n\t\t\t\t<\/div>\n\t\t","protected":false},"excerpt":{"rendered":"<p>Condiciones de uso Aceptaci\u00f3n de las condiciones Al acceder y utilizar el sitio web DreamCatcher (\u00abSitio\u00bb), aceptas cumplir estas Condiciones de uso y todas las leyes y normativas aplicables. Si no est\u00e1s de acuerdo con estas condiciones, abstente de utilizar el Sitio. Uso del sitio Se te concede una licencia limitada, no exclusiva e intransferible [&hellip;]<\/p>\n","protected":false},"author":1,"featured_media":7191,"parent":0,"menu_order":0,"comment_status":"closed","ping_status":"closed","template":"elementor_header_footer","meta":{"footnotes":""},"class_list":["post-7303","page","type-page","status-publish","has-post-thumbnail","hentry"],"yoast_head":"<!-- This site is optimized with the Yoast SEO plugin v27.3 - https:\/\/yoast.com\/product\/yoast-seo-wordpress\/ -->\n<title>Plazo de uso - Dreamcatcher<\/title>\n<meta name=\"robots\" content=\"noindex, nofollow\" \/>\n<meta property=\"og:locale\" content=\"es_ES\" \/>\n<meta property=\"og:type\" content=\"article\" \/>\n<meta property=\"og:title\" content=\"Plazo de uso - Dreamcatcher\" \/>\n<meta property=\"og:description\" content=\"Condiciones de uso Aceptaci\u00f3n de las condiciones Al acceder y utilizar el sitio web DreamCatcher (\u00abSitio\u00bb), aceptas cumplir estas Condiciones de uso y todas las leyes y normativas aplicables. Si no est\u00e1s de acuerdo con estas condiciones, abstente de utilizar el Sitio. Uso del sitio Se te concede una licencia limitada, no exclusiva e intransferible [&hellip;]\" \/>\n<meta property=\"og:url\" content=\"https:\/\/dreamcatcher.ws\/es\/plazo-de-uso\/\" \/>\n<meta property=\"og:site_name\" content=\"Dreamcatcher\" \/>\n<meta property=\"article:modified_time\" content=\"2025-01-30T14:47:23+00:00\" \/>\n<meta property=\"og:image\" content=\"https:\/\/dreamcatcher.ws\/wp-content\/uploads\/2025\/01\/site-thum.png\" \/>\n\t<meta property=\"og:image:width\" content=\"536\" \/>\n\t<meta property=\"og:image:height\" content=\"536\" \/>\n\t<meta property=\"og:image:type\" content=\"image\/png\" \/>\n<meta name=\"twitter:card\" content=\"summary_large_image\" \/>\n<meta name=\"twitter:label1\" content=\"Tiempo de lectura\" \/>\n\t<meta name=\"twitter:data1\" content=\"2 minutos\" \/>\n<script type=\"application\/ld+json\" class=\"yoast-schema-graph\">{\"@context\":\"https:\\\/\\\/schema.org\",\"@graph\":[{\"@type\":\"WebPage\",\"@id\":\"https:\\\/\\\/dreamcatcher.ws\\\/es\\\/plazo-de-uso\\\/\",\"url\":\"https:\\\/\\\/dreamcatcher.ws\\\/es\\\/plazo-de-uso\\\/\",\"name\":\"Plazo de uso - Dreamcatcher\",\"isPartOf\":{\"@id\":\"https:\\\/\\\/dreamcatcher.ws\\\/#website\"},\"primaryImageOfPage\":{\"@id\":\"https:\\\/\\\/dreamcatcher.ws\\\/es\\\/plazo-de-uso\\\/#primaryimage\"},\"image\":{\"@id\":\"https:\\\/\\\/dreamcatcher.ws\\\/es\\\/plazo-de-uso\\\/#primaryimage\"},\"thumbnailUrl\":\"https:\\\/\\\/dreamcatcher.ws\\\/wp-content\\\/uploads\\\/2025\\\/01\\\/site-thum.png\",\"datePublished\":\"2024-09-28T07:34:38+00:00\",\"dateModified\":\"2025-01-30T14:47:23+00:00\",\"breadcrumb\":{\"@id\":\"https:\\\/\\\/dreamcatcher.ws\\\/es\\\/plazo-de-uso\\\/#breadcrumb\"},\"inLanguage\":\"es\",\"potentialAction\":[{\"@type\":\"ReadAction\",\"target\":[\"https:\\\/\\\/dreamcatcher.ws\\\/es\\\/plazo-de-uso\\\/\"]}]},{\"@type\":\"ImageObject\",\"inLanguage\":\"es\",\"@id\":\"https:\\\/\\\/dreamcatcher.ws\\\/es\\\/plazo-de-uso\\\/#primaryimage\",\"url\":\"https:\\\/\\\/dreamcatcher.ws\\\/wp-content\\\/uploads\\\/2025\\\/01\\\/site-thum.png\",\"contentUrl\":\"https:\\\/\\\/dreamcatcher.ws\\\/wp-content\\\/uploads\\\/2025\\\/01\\\/site-thum.png\",\"width\":536,\"height\":536},{\"@type\":\"BreadcrumbList\",\"@id\":\"https:\\\/\\\/dreamcatcher.ws\\\/es\\\/plazo-de-uso\\\/#breadcrumb\",\"itemListElement\":[{\"@type\":\"ListItem\",\"position\":1,\"name\":\"Home\",\"item\":\"https:\\\/\\\/dreamcatcher.ws\\\/\"},{\"@type\":\"ListItem\",\"position\":2,\"name\":\"Plazo de uso\"}]},{\"@type\":\"WebSite\",\"@id\":\"https:\\\/\\\/dreamcatcher.ws\\\/#website\",\"url\":\"https:\\\/\\\/dreamcatcher.ws\\\/\",\"name\":\"Dreamcatcher\",\"description\":\"\",\"publisher\":{\"@id\":\"https:\\\/\\\/dreamcatcher.ws\\\/#organization\"},\"potentialAction\":[{\"@type\":\"SearchAction\",\"target\":{\"@type\":\"EntryPoint\",\"urlTemplate\":\"https:\\\/\\\/dreamcatcher.ws\\\/?s={search_term_string}\"},\"query-input\":{\"@type\":\"PropertyValueSpecification\",\"valueRequired\":true,\"valueName\":\"search_term_string\"}}],\"inLanguage\":\"es\"},{\"@type\":\"Organization\",\"@id\":\"https:\\\/\\\/dreamcatcher.ws\\\/#organization\",\"name\":\"Dreamcatcher\",\"url\":\"https:\\\/\\\/dreamcatcher.ws\\\/\",\"logo\":{\"@type\":\"ImageObject\",\"inLanguage\":\"es\",\"@id\":\"https:\\\/\\\/dreamcatcher.ws\\\/#\\\/schema\\\/logo\\\/image\\\/\",\"url\":\"https:\\\/\\\/dreamcatcher.ws\\\/wp-content\\\/uploads\\\/2025\\\/01\\\/site-thum.png\",\"contentUrl\":\"https:\\\/\\\/dreamcatcher.ws\\\/wp-content\\\/uploads\\\/2025\\\/01\\\/site-thum.png\",\"width\":536,\"height\":536,\"caption\":\"Dreamcatcher\"},\"image\":{\"@id\":\"https:\\\/\\\/dreamcatcher.ws\\\/#\\\/schema\\\/logo\\\/image\\\/\"}}]}<\/script>\n<!-- \/ Yoast SEO plugin. -->","yoast_head_json":{"title":"Plazo de uso - Dreamcatcher","robots":{"index":"noindex","follow":"nofollow"},"og_locale":"es_ES","og_type":"article","og_title":"Plazo de uso - Dreamcatcher","og_description":"Condiciones de uso Aceptaci\u00f3n de las condiciones Al acceder y utilizar el sitio web DreamCatcher (\u00abSitio\u00bb), aceptas cumplir estas Condiciones de uso y todas las leyes y normativas aplicables. Si no est\u00e1s de acuerdo con estas condiciones, abstente de utilizar el Sitio. Uso del sitio Se te concede una licencia limitada, no exclusiva e intransferible [&hellip;]","og_url":"https:\/\/dreamcatcher.ws\/es\/plazo-de-uso\/","og_site_name":"Dreamcatcher","article_modified_time":"2025-01-30T14:47:23+00:00","og_image":[{"width":536,"height":536,"url":"https:\/\/dreamcatcher.ws\/wp-content\/uploads\/2025\/01\/site-thum.png","type":"image\/png"}],"twitter_card":"summary_large_image","twitter_misc":{"Tiempo de lectura":"2 minutos"},"schema":{"@context":"https:\/\/schema.org","@graph":[{"@type":"WebPage","@id":"https:\/\/dreamcatcher.ws\/es\/plazo-de-uso\/","url":"https:\/\/dreamcatcher.ws\/es\/plazo-de-uso\/","name":"Plazo de uso - Dreamcatcher","isPartOf":{"@id":"https:\/\/dreamcatcher.ws\/#website"},"primaryImageOfPage":{"@id":"https:\/\/dreamcatcher.ws\/es\/plazo-de-uso\/#primaryimage"},"image":{"@id":"https:\/\/dreamcatcher.ws\/es\/plazo-de-uso\/#primaryimage"},"thumbnailUrl":"https:\/\/dreamcatcher.ws\/wp-content\/uploads\/2025\/01\/site-thum.png","datePublished":"2024-09-28T07:34:38+00:00","dateModified":"2025-01-30T14:47:23+00:00","breadcrumb":{"@id":"https:\/\/dreamcatcher.ws\/es\/plazo-de-uso\/#breadcrumb"},"inLanguage":"es","potentialAction":[{"@type":"ReadAction","target":["https:\/\/dreamcatcher.ws\/es\/plazo-de-uso\/"]}]},{"@type":"ImageObject","inLanguage":"es","@id":"https:\/\/dreamcatcher.ws\/es\/plazo-de-uso\/#primaryimage","url":"https:\/\/dreamcatcher.ws\/wp-content\/uploads\/2025\/01\/site-thum.png","contentUrl":"https:\/\/dreamcatcher.ws\/wp-content\/uploads\/2025\/01\/site-thum.png","width":536,"height":536},{"@type":"BreadcrumbList","@id":"https:\/\/dreamcatcher.ws\/es\/plazo-de-uso\/#breadcrumb","itemListElement":[{"@type":"ListItem","position":1,"name":"Home","item":"https:\/\/dreamcatcher.ws\/"},{"@type":"ListItem","position":2,"name":"Plazo de uso"}]},{"@type":"WebSite","@id":"https:\/\/dreamcatcher.ws\/#website","url":"https:\/\/dreamcatcher.ws\/","name":"Dreamcatcher","description":"","publisher":{"@id":"https:\/\/dreamcatcher.ws\/#organization"},"potentialAction":[{"@type":"SearchAction","target":{"@type":"EntryPoint","urlTemplate":"https:\/\/dreamcatcher.ws\/?s={search_term_string}"},"query-input":{"@type":"PropertyValueSpecification","valueRequired":true,"valueName":"search_term_string"}}],"inLanguage":"es"},{"@type":"Organization","@id":"https:\/\/dreamcatcher.ws\/#organization","name":"Dreamcatcher","url":"https:\/\/dreamcatcher.ws\/","logo":{"@type":"ImageObject","inLanguage":"es","@id":"https:\/\/dreamcatcher.ws\/#\/schema\/logo\/image\/","url":"https:\/\/dreamcatcher.ws\/wp-content\/uploads\/2025\/01\/site-thum.png","contentUrl":"https:\/\/dreamcatcher.ws\/wp-content\/uploads\/2025\/01\/site-thum.png","width":536,"height":536,"caption":"Dreamcatcher"},"image":{"@id":"https:\/\/dreamcatcher.ws\/#\/schema\/logo\/image\/"}}]}},"_links":{"self":[{"href":"https:\/\/dreamcatcher.ws\/es\/wp-json\/wp\/v2\/pages\/7303","targetHints":{"allow":["GET"]}}],"collection":[{"href":"https:\/\/dreamcatcher.ws\/es\/wp-json\/wp\/v2\/pages"}],"about":[{"href":"https:\/\/dreamcatcher.ws\/es\/wp-json\/wp\/v2\/types\/page"}],"author":[{"embeddable":true,"href":"https:\/\/dreamcatcher.ws\/es\/wp-json\/wp\/v2\/users\/1"}],"replies":[{"embeddable":true,"href":"https:\/\/dreamcatcher.ws\/es\/wp-json\/wp\/v2\/comments?post=7303"}],"version-history":[{"count":0,"href":"https:\/\/dreamcatcher.ws\/es\/wp-json\/wp\/v2\/pages\/7303\/revisions"}],"wp:featuredmedia":[{"embeddable":true,"href":"https:\/\/dreamcatcher.ws\/es\/wp-json\/wp\/v2\/media\/7191"}],"wp:attachment":[{"href":"https:\/\/dreamcatcher.ws\/es\/wp-json\/wp\/v2\/media?parent=7303"}],"curies":[{"name":"wp","href":"https:\/\/api.w.org\/{rel}","templated":true}]}}