{"id":7263,"date":"2024-10-03T08:29:10","date_gmt":"2024-10-03T08:29:10","guid":{"rendered":"https:\/\/dreamcatcher.ws\/consignado-sellado-entregado\/"},"modified":"2025-02-14T11:59:33","modified_gmt":"2025-02-14T11:59:33","slug":"consignado-sellado-entregado","status":"publish","type":"page","link":"https:\/\/dreamcatcher.ws\/es\/cartera\/consignado-sellado-entregado\/","title":{"rendered":"Consignado Sellado Entregado"},"content":{"rendered":"\t\t<div data-elementor-type=\"wp-page\" data-elementor-id=\"7263\" class=\"elementor elementor-7263 elementor-2281\" data-elementor-post-type=\"page\">\n\t\t\t\t<div class=\"elementor-element elementor-element-5e4efd8 hm-banner e-flex e-con-boxed e-con e-parent\" data-id=\"5e4efd8\" data-element_type=\"container\" data-e-type=\"container\" data-settings=\"{&quot;background_background&quot;:&quot;classic&quot;}\">\n\t\t\t\t\t<div class=\"e-con-inner\">\n\t\t<div class=\"elementor-element elementor-element-f27b889 e-con-full banner-content-wrap e-flex e-con e-child\" data-id=\"f27b889\" data-element_type=\"container\" data-e-type=\"container\" data-settings=\"{&quot;background_background&quot;:&quot;video&quot;}\">\n\t\t\t\t<div class=\"elementor-element elementor-element-479e38a elementor-widget elementor-widget-heading\" data-id=\"479e38a\" data-element_type=\"widget\" data-e-type=\"widget\" data-widget_type=\"heading.default\">\n\t\t\t\t<div class=\"elementor-widget-container\">\n\t\t\t\t\t<p class=\"elementor-heading-title elementor-size-default\">CONSIGNADO SELLADO ENTREGADO<\/p>\t\t\t\t<\/div>\n\t\t\t\t<\/div>\n\t\t\t\t<div class=\"elementor-element elementor-element-749471b elementor-widget__width-initial elementor-widget elementor-widget-heading\" data-id=\"749471b\" data-element_type=\"widget\" data-e-type=\"widget\" data-widget_type=\"heading.default\">\n\t\t\t\t<div class=\"elementor-widget-container\">\n\t\t\t\t\t<h1 class=\"elementor-heading-title elementor-size-default\">Moda de dise\u00f1o de segunda mano, nueva y vintage\n<\/h1>\t\t\t\t<\/div>\n\t\t\t\t<\/div>\n\t\t\t\t<div class=\"elementor-element elementor-element-b2cb5a2 elementor-widget elementor-widget-text-editor\" data-id=\"b2cb5a2\" data-element_type=\"widget\" data-e-type=\"widget\" id=\"scroll-down\" data-widget_type=\"text-editor.default\">\n\t\t\t\t<div class=\"elementor-widget-container\">\n\t\t\t\t\t\t\t\t\t<p><a href=\"#CSD\">Despl\u00e1zate para ver los detalles<\/a><\/p>\n\t\t\t\t\t\t\t\t<\/div>\n\t\t\t\t<\/div>\n\t\t\t\t<\/div>\n\t\t\t\t\t<\/div>\n\t\t\t\t<\/div>\n\t\t<div class=\"elementor-element elementor-element-0e51dde hm-banner elementor-hidden-desktop elementor-hidden-laptop elementor-hidden-tablet elementor-hidden-mobile e-flex e-con-boxed e-con e-parent\" data-id=\"0e51dde\" data-element_type=\"container\" data-e-type=\"container\" data-settings=\"{&quot;background_background&quot;:&quot;classic&quot;}\">\n\t\t\t\t\t<div class=\"e-con-inner\">\n\t\t<div class=\"elementor-element elementor-element-eafb985 e-con-full banner-content-wrap e-flex e-con e-child\" data-id=\"eafb985\" data-element_type=\"container\" data-e-type=\"container\" data-settings=\"{&quot;background_background&quot;:&quot;classic&quot;}\">\n\t\t\t\t<div class=\"elementor-element elementor-element-da2c3e0 elementor-widget elementor-widget-heading\" data-id=\"da2c3e0\" data-element_type=\"widget\" data-e-type=\"widget\" data-widget_type=\"heading.default\">\n\t\t\t\t<div class=\"elementor-widget-container\">\n\t\t\t\t\t<p class=\"elementor-heading-title elementor-size-default\">CONSIGNADO SELLADO ENTREGADO<\/p>\t\t\t\t<\/div>\n\t\t\t\t<\/div>\n\t\t\t\t<div class=\"elementor-element elementor-element-a57e308 elementor-widget__width-initial elementor-widget elementor-widget-heading\" data-id=\"a57e308\" data-element_type=\"widget\" data-e-type=\"widget\" data-widget_type=\"heading.default\">\n\t\t\t\t<div class=\"elementor-widget-container\">\n\t\t\t\t\t<h1 class=\"elementor-heading-title elementor-size-default\">Dise\u00f1o de segunda mano, nuevo y vintage\n\n<\/h1>\t\t\t\t<\/div>\n\t\t\t\t<\/div>\n\t\t\t\t<div class=\"elementor-element elementor-element-2e1bf22 elementor-widget elementor-widget-text-editor\" data-id=\"2e1bf22\" data-element_type=\"widget\" data-e-type=\"widget\" id=\"scroll-down\" data-widget_type=\"text-editor.default\">\n\t\t\t\t<div class=\"elementor-widget-container\">\n\t\t\t\t\t\t\t\t\t<p><a href=\"#wo-were-sec\" data-wplink-edit=\"true\">Despl\u00e1zate para ver los detalles<\/a><\/p>\n\t\t\t\t\t\t\t\t<\/div>\n\t\t\t\t<\/div>\n\t\t\t\t<\/div>\n\t\t\t\t\t<\/div>\n\t\t\t\t<\/div>\n\t\t<div class=\"elementor-element elementor-element-38bf057 e-flex e-con-boxed e-con e-parent\" data-id=\"38bf057\" data-element_type=\"container\" data-e-type=\"container\" id=\"CSD\">\n\t\t\t\t\t<div class=\"e-con-inner\">\n\t\t<div class=\"elementor-element elementor-element-f50f0e9 e-con-full e-flex e-con e-child\" data-id=\"f50f0e9\" data-element_type=\"container\" data-e-type=\"container\">\n\t\t\t\t<div class=\"elementor-element elementor-element-e746e61 elementor-widget elementor-widget-image\" data-id=\"e746e61\" data-element_type=\"widget\" data-e-type=\"widget\" data-widget_type=\"image.default\">\n\t\t\t\t<div class=\"elementor-widget-container\">\n\t\t\t\t\t\t\t\t\t\t\t\t\t\t\t<img loading=\"lazy\" decoding=\"async\" width=\"185\" height=\"59\" src=\"https:\/\/dreamcatcher.ws\/wp-content\/uploads\/2025\/01\/csd-logo-2.jpg\" class=\"attachment-full size-full wp-image-7267\" alt=\"\" \/>\t\t\t\t\t\t\t\t\t\t\t\t\t\t\t<\/div>\n\t\t\t\t<\/div>\n\t\t\t\t<div class=\"elementor-element elementor-element-7299417 csd-content elementor-widget elementor-widget-text-editor\" data-id=\"7299417\" data-element_type=\"widget\" data-e-type=\"widget\" data-widget_type=\"text-editor.default\">\n\t\t\t\t<div class=\"elementor-widget-container\">\n\t\t\t\t\t\t\t\t\t<p>Consigned Sealed Delivered (CSD) es una plataforma de consignaci\u00f3n de lujo con sede en Londres dedicada a revolucionar la industria de la moda mediante la sostenibilidad y la circularidad. Lanzada en marzo de 2021, CSD ofrece una cuidada selecci\u00f3n de ropa, zapatos, bolsos y accesorios de segunda mano de dise\u00f1adores de lujo de renombradas casas de moda como Chanel, Gucci y Herm\u00e8s. <\/p>\n<p>Al ampliar el ciclo de vida de los art\u00edculos de lujo, CSD aborda los problemas de la sobreproducci\u00f3n y el consumo excesivo, promoviendo pr\u00e1cticas respetuosas con el medio ambiente en el sector de la moda. La empresa emplea un enfoque de venta global, integrando el comercio electr\u00f3nico, los escaparates de venta al por menor y las relaciones de mercado a nivel empresarial para proporcionar una experiencia fluida y personalizada tanto a los compradores como a los expedidores. CSD ofrece a los consignadores una forma de ganar dinero sin complicaciones vendiendo sus art\u00edculos de lujo usados, ocup\u00e1ndose de todo, desde la autentificaci\u00f3n hasta el marketing y las ventas.  <\/p>\n<p>CSD se distingue por su meticuloso proceso de selecci\u00f3n, su variada selecci\u00f3n de categor\u00edas y precios, y sus exhaustivas p\u00e1ginas de productos, que ofrecen a los compradores un nivel de detalle y confianza sin precedentes a la hora de comprar moda de lujo. Con una creciente presencia internacional en el comercio electr\u00f3nico, CSD se compromete a redefinir el lujo moderno como una mezcla de estilo, sostenibilidad y responsabilidad social. <\/p>\n\t\t\t\t\t\t\t\t<\/div>\n\t\t\t\t<\/div>\n\t\t\t\t<\/div>\n\t\t<div class=\"elementor-element elementor-element-86049d8 e-con-full right-col-portf e-flex e-con e-child\" data-id=\"86049d8\" data-element_type=\"container\" data-e-type=\"container\">\n\t\t\t\t<div class=\"elementor-element elementor-element-947b85a elementor-widget elementor-widget-text-editor\" data-id=\"947b85a\" data-element_type=\"widget\" data-e-type=\"widget\" data-widget_type=\"text-editor.default\">\n\t\t\t\t<div class=\"elementor-widget-container\">\n\t\t\t\t\t\t\t\t\t<p>VER EL SITIO<\/p>\n\t\t\t\t\t\t\t\t<\/div>\n\t\t\t\t<\/div>\n\t\t\t\t<div class=\"elementor-element elementor-element-382e0c8 shop-link elementor-widget elementor-widget-text-editor\" data-id=\"382e0c8\" data-element_type=\"widget\" data-e-type=\"widget\" data-widget_type=\"text-editor.default\">\n\t\t\t\t<div class=\"elementor-widget-container\">\n\t\t\t\t\t\t\t\t\t<p><a href=\"https:\/\/csd.shop\/\" target=\"_blank\" rel=\"nofollow noindex noopener\">tienda.csd<\/a><\/p>\n\t\t\t\t\t\t\t\t<\/div>\n\t\t\t\t<\/div>\n\t\t\t\t<div class=\"elementor-element elementor-element-578359c shop-listing elementor-widget elementor-widget-text-editor\" data-id=\"578359c\" data-element_type=\"widget\" data-e-type=\"widget\" data-widget_type=\"text-editor.default\">\n\t\t\t\t<div class=\"elementor-widget-container\">\n\t\t\t\t\t\t\t\t\t<ul>\n<li><strong>Revolucionar el ciclo de vida del lujo<\/strong><\/li>\n<li>Moda sostenible<\/li>\n<li>Lujo curado<\/li>\n<li>Omni-canal sin fisuras<\/li>\n<li>Detalle excepcional del producto<\/li>\n<\/ul>\n\t\t\t\t\t\t\t\t<\/div>\n\t\t\t\t<\/div>\n\t\t\t\t<\/div>\n\t\t\t\t\t<\/div>\n\t\t\t\t<\/div>\n\t\t<div class=\"elementor-element elementor-element-0b8fa6b e-flex e-con-boxed e-con e-parent\" data-id=\"0b8fa6b\" data-element_type=\"container\" data-e-type=\"container\" data-settings=\"{&quot;background_background&quot;:&quot;classic&quot;}\">\n\t\t\t\t\t<div class=\"e-con-inner\">\n\t\t\t\t<div class=\"elementor-element elementor-element-b6ed844 elementor-widget elementor-widget-image\" data-id=\"b6ed844\" data-element_type=\"widget\" data-e-type=\"widget\" data-widget_type=\"image.default\">\n\t\t\t\t<div class=\"elementor-widget-container\">\n\t\t\t\t\t\t\t\t\t\t\t\t\t\t\t<img loading=\"lazy\" decoding=\"async\" width=\"1200\" height=\"800\" src=\"https:\/\/dreamcatcher.ws\/wp-content\/uploads\/2025\/01\/new-CSD-img.png\" class=\"attachment-full size-full wp-image-7271\" alt=\"\" srcset=\"https:\/\/dreamcatcher.ws\/wp-content\/uploads\/2025\/01\/new-CSD-img.png 1200w, https:\/\/dreamcatcher.ws\/wp-content\/uploads\/2025\/01\/new-CSD-img-300x200.png 300w, https:\/\/dreamcatcher.ws\/wp-content\/uploads\/2025\/01\/new-CSD-img-1024x683.png 1024w, https:\/\/dreamcatcher.ws\/wp-content\/uploads\/2025\/01\/new-CSD-img-768x512.png 768w\" sizes=\"auto, (max-width: 1200px) 100vw, 1200px\" \/>\t\t\t\t\t\t\t\t\t\t\t\t\t\t\t<\/div>\n\t\t\t\t<\/div>\n\t\t\t\t\t<\/div>\n\t\t\t\t<\/div>\n\t\t<div class=\"elementor-element elementor-element-8b9cef0 e-flex e-con-boxed e-con e-parent\" data-id=\"8b9cef0\" data-element_type=\"container\" data-e-type=\"container\">\n\t\t\t\t\t<div class=\"e-con-inner\">\n\t\t\t\t<div class=\"elementor-element elementor-element-cbd5e1a csd-text elementor-widget__width-initial elementor-widget elementor-widget-text-editor\" data-id=\"cbd5e1a\" data-element_type=\"widget\" data-e-type=\"widget\" data-widget_type=\"text-editor.default\">\n\t\t\t\t<div class=\"elementor-widget-container\">\n\t\t\t\t\t\t\t\t\t<h2>CSD, una plataforma que redefine la consignaci\u00f3n de lujo, combina sostenibilidad, un servicio impecable y una selecci\u00f3n inigualable para elevar la experiencia de compra y venta.<\/h2>\n\t\t\t\t\t\t\t\t<\/div>\n\t\t\t\t<\/div>\n\t\t\t\t\t<\/div>\n\t\t\t\t<\/div>\n\t\t<div class=\"elementor-element elementor-element-ce3c41c e-flex e-con-boxed e-con e-parent\" data-id=\"ce3c41c\" data-element_type=\"container\" data-e-type=\"container\">\n\t\t\t\t\t<div class=\"e-con-inner\">\n\t\t\t\t<div class=\"elementor-element elementor-element-c2ea1b3 start-new-project elementor-widget elementor-widget-text-editor\" data-id=\"c2ea1b3\" data-element_type=\"widget\" data-e-type=\"widget\" data-widget_type=\"text-editor.default\">\n\t\t\t\t<div class=\"elementor-widget-container\">\n\t\t\t\t\t\t\t\t\t<h2>\u00bfEmpiezas un nuevo proyecto?<\/h2>\n\t\t\t\t\t\t\t\t<\/div>\n\t\t\t\t<\/div>\n\t\t\t\t<div class=\"elementor-element elementor-element-d869a90 elementor-widget elementor-widget-button\" data-id=\"d869a90\" data-element_type=\"widget\" data-e-type=\"widget\" data-widget_type=\"button.default\">\n\t\t\t\t<div class=\"elementor-widget-container\">\n\t\t\t\t\t\t\t\t\t<div class=\"elementor-button-wrapper\">\n\t\t\t\t\t<a class=\"elementor-button elementor-button-link elementor-size-sm\" href=\"https:\/\/dreamcatcher.ws\/es\/contacta-con-nosotros\/\" id=\"df-btn\">\n\t\t\t\t\t\t<span class=\"elementor-button-content-wrapper\">\n\t\t\t\t\t\t\t\t\t<span class=\"elementor-button-text\">DINOS M\u00c1S<\/span>\n\t\t\t\t\t<\/span>\n\t\t\t\t\t<\/a>\n\t\t\t\t<\/div>\n\t\t\t\t\t\t\t\t<\/div>\n\t\t\t\t<\/div>\n\t\t\t\t\t<\/div>\n\t\t\t\t<\/div>\n\t\t\t\t<\/div>\n\t\t","protected":false},"excerpt":{"rendered":"<p>CONSIGNADO SELLADO ENTREGADO Moda de dise\u00f1o de segunda mano, nueva y vintage Despl\u00e1zate para ver los detalles CONSIGNADO SELLADO ENTREGADO Dise\u00f1o de segunda mano, nuevo y vintage Despl\u00e1zate para ver los detalles Consigned Sealed Delivered (CSD) es una plataforma de consignaci\u00f3n de lujo con sede en Londres dedicada a revolucionar la industria de la moda [&hellip;]<\/p>\n","protected":false},"author":1,"featured_media":7191,"parent":7278,"menu_order":0,"comment_status":"closed","ping_status":"closed","template":"elementor_header_footer","meta":{"footnotes":""},"class_list":["post-7263","page","type-page","status-publish","has-post-thumbnail","hentry"],"yoast_head":"<!-- This site is optimized with the Yoast SEO plugin v27.3 - https:\/\/yoast.com\/product\/yoast-seo-wordpress\/ -->\n<title>Consignado Sellado Entregado - Dreamcatcher<\/title>\n<meta name=\"robots\" content=\"index, follow, max-snippet:-1, max-image-preview:large, max-video-preview:-1\" \/>\n<link rel=\"canonical\" href=\"https:\/\/dreamcatcher.ws\/es\/cartera\/consignado-sellado-entregado\/\" \/>\n<meta property=\"og:locale\" content=\"es_ES\" \/>\n<meta property=\"og:type\" content=\"article\" \/>\n<meta property=\"og:title\" content=\"Consignado Sellado Entregado - Dreamcatcher\" \/>\n<meta property=\"og:description\" content=\"CONSIGNADO SELLADO ENTREGADO Moda de dise\u00f1o de segunda mano, nueva y vintage Despl\u00e1zate para ver los detalles CONSIGNADO SELLADO ENTREGADO Dise\u00f1o de segunda mano, nuevo y vintage Despl\u00e1zate para ver los detalles Consigned Sealed Delivered (CSD) es una plataforma de consignaci\u00f3n de lujo con sede en Londres dedicada a revolucionar la industria de la moda [&hellip;]\" \/>\n<meta property=\"og:url\" content=\"https:\/\/dreamcatcher.ws\/es\/cartera\/consignado-sellado-entregado\/\" \/>\n<meta property=\"og:site_name\" content=\"Dreamcatcher\" \/>\n<meta property=\"article:modified_time\" content=\"2025-02-14T11:59:33+00:00\" \/>\n<meta property=\"og:image\" content=\"https:\/\/dreamcatcher.ws\/wp-content\/uploads\/2025\/01\/site-thum.png\" \/>\n\t<meta property=\"og:image:width\" content=\"536\" \/>\n\t<meta property=\"og:image:height\" content=\"536\" \/>\n\t<meta property=\"og:image:type\" content=\"image\/png\" \/>\n<meta name=\"twitter:card\" content=\"summary_large_image\" \/>\n<meta name=\"twitter:label1\" content=\"Tiempo de lectura\" \/>\n\t<meta name=\"twitter:data1\" content=\"2 minutos\" \/>\n<script type=\"application\/ld+json\" class=\"yoast-schema-graph\">{\"@context\":\"https:\\\/\\\/schema.org\",\"@graph\":[{\"@type\":\"WebPage\",\"@id\":\"https:\\\/\\\/dreamcatcher.ws\\\/es\\\/cartera\\\/consignado-sellado-entregado\\\/\",\"url\":\"https:\\\/\\\/dreamcatcher.ws\\\/es\\\/cartera\\\/consignado-sellado-entregado\\\/\",\"name\":\"Consignado Sellado Entregado - Dreamcatcher\",\"isPartOf\":{\"@id\":\"https:\\\/\\\/dreamcatcher.ws\\\/#website\"},\"primaryImageOfPage\":{\"@id\":\"https:\\\/\\\/dreamcatcher.ws\\\/es\\\/cartera\\\/consignado-sellado-entregado\\\/#primaryimage\"},\"image\":{\"@id\":\"https:\\\/\\\/dreamcatcher.ws\\\/es\\\/cartera\\\/consignado-sellado-entregado\\\/#primaryimage\"},\"thumbnailUrl\":\"https:\\\/\\\/dreamcatcher.ws\\\/wp-content\\\/uploads\\\/2025\\\/01\\\/site-thum.png\",\"datePublished\":\"2024-10-03T08:29:10+00:00\",\"dateModified\":\"2025-02-14T11:59:33+00:00\",\"breadcrumb\":{\"@id\":\"https:\\\/\\\/dreamcatcher.ws\\\/es\\\/cartera\\\/consignado-sellado-entregado\\\/#breadcrumb\"},\"inLanguage\":\"es\",\"potentialAction\":[{\"@type\":\"ReadAction\",\"target\":[\"https:\\\/\\\/dreamcatcher.ws\\\/es\\\/cartera\\\/consignado-sellado-entregado\\\/\"]}]},{\"@type\":\"ImageObject\",\"inLanguage\":\"es\",\"@id\":\"https:\\\/\\\/dreamcatcher.ws\\\/es\\\/cartera\\\/consignado-sellado-entregado\\\/#primaryimage\",\"url\":\"https:\\\/\\\/dreamcatcher.ws\\\/wp-content\\\/uploads\\\/2025\\\/01\\\/site-thum.png\",\"contentUrl\":\"https:\\\/\\\/dreamcatcher.ws\\\/wp-content\\\/uploads\\\/2025\\\/01\\\/site-thum.png\",\"width\":536,\"height\":536},{\"@type\":\"BreadcrumbList\",\"@id\":\"https:\\\/\\\/dreamcatcher.ws\\\/es\\\/cartera\\\/consignado-sellado-entregado\\\/#breadcrumb\",\"itemListElement\":[{\"@type\":\"ListItem\",\"position\":1,\"name\":\"Home\",\"item\":\"https:\\\/\\\/dreamcatcher.ws\\\/\"},{\"@type\":\"ListItem\",\"position\":2,\"name\":\"Cartera\",\"item\":\"https:\\\/\\\/dreamcatcher.ws\\\/es\\\/cartera\\\/\"},{\"@type\":\"ListItem\",\"position\":3,\"name\":\"Consignado Sellado Entregado\"}]},{\"@type\":\"WebSite\",\"@id\":\"https:\\\/\\\/dreamcatcher.ws\\\/#website\",\"url\":\"https:\\\/\\\/dreamcatcher.ws\\\/\",\"name\":\"Dreamcatcher\",\"description\":\"\",\"publisher\":{\"@id\":\"https:\\\/\\\/dreamcatcher.ws\\\/#organization\"},\"potentialAction\":[{\"@type\":\"SearchAction\",\"target\":{\"@type\":\"EntryPoint\",\"urlTemplate\":\"https:\\\/\\\/dreamcatcher.ws\\\/?s={search_term_string}\"},\"query-input\":{\"@type\":\"PropertyValueSpecification\",\"valueRequired\":true,\"valueName\":\"search_term_string\"}}],\"inLanguage\":\"es\"},{\"@type\":\"Organization\",\"@id\":\"https:\\\/\\\/dreamcatcher.ws\\\/#organization\",\"name\":\"Dreamcatcher\",\"url\":\"https:\\\/\\\/dreamcatcher.ws\\\/\",\"logo\":{\"@type\":\"ImageObject\",\"inLanguage\":\"es\",\"@id\":\"https:\\\/\\\/dreamcatcher.ws\\\/#\\\/schema\\\/logo\\\/image\\\/\",\"url\":\"https:\\\/\\\/dreamcatcher.ws\\\/wp-content\\\/uploads\\\/2025\\\/01\\\/site-thum.png\",\"contentUrl\":\"https:\\\/\\\/dreamcatcher.ws\\\/wp-content\\\/uploads\\\/2025\\\/01\\\/site-thum.png\",\"width\":536,\"height\":536,\"caption\":\"Dreamcatcher\"},\"image\":{\"@id\":\"https:\\\/\\\/dreamcatcher.ws\\\/#\\\/schema\\\/logo\\\/image\\\/\"}}]}<\/script>\n<!-- \/ Yoast SEO plugin. -->","yoast_head_json":{"title":"Consignado Sellado Entregado - Dreamcatcher","robots":{"index":"index","follow":"follow","max-snippet":"max-snippet:-1","max-image-preview":"max-image-preview:large","max-video-preview":"max-video-preview:-1"},"canonical":"https:\/\/dreamcatcher.ws\/es\/cartera\/consignado-sellado-entregado\/","og_locale":"es_ES","og_type":"article","og_title":"Consignado Sellado Entregado - Dreamcatcher","og_description":"CONSIGNADO SELLADO ENTREGADO Moda de dise\u00f1o de segunda mano, nueva y vintage Despl\u00e1zate para ver los detalles CONSIGNADO SELLADO ENTREGADO Dise\u00f1o de segunda mano, nuevo y vintage Despl\u00e1zate para ver los detalles Consigned Sealed Delivered (CSD) es una plataforma de consignaci\u00f3n de lujo con sede en Londres dedicada a revolucionar la industria de la moda [&hellip;]","og_url":"https:\/\/dreamcatcher.ws\/es\/cartera\/consignado-sellado-entregado\/","og_site_name":"Dreamcatcher","article_modified_time":"2025-02-14T11:59:33+00:00","og_image":[{"width":536,"height":536,"url":"https:\/\/dreamcatcher.ws\/wp-content\/uploads\/2025\/01\/site-thum.png","type":"image\/png"}],"twitter_card":"summary_large_image","twitter_misc":{"Tiempo de lectura":"2 minutos"},"schema":{"@context":"https:\/\/schema.org","@graph":[{"@type":"WebPage","@id":"https:\/\/dreamcatcher.ws\/es\/cartera\/consignado-sellado-entregado\/","url":"https:\/\/dreamcatcher.ws\/es\/cartera\/consignado-sellado-entregado\/","name":"Consignado Sellado Entregado - Dreamcatcher","isPartOf":{"@id":"https:\/\/dreamcatcher.ws\/#website"},"primaryImageOfPage":{"@id":"https:\/\/dreamcatcher.ws\/es\/cartera\/consignado-sellado-entregado\/#primaryimage"},"image":{"@id":"https:\/\/dreamcatcher.ws\/es\/cartera\/consignado-sellado-entregado\/#primaryimage"},"thumbnailUrl":"https:\/\/dreamcatcher.ws\/wp-content\/uploads\/2025\/01\/site-thum.png","datePublished":"2024-10-03T08:29:10+00:00","dateModified":"2025-02-14T11:59:33+00:00","breadcrumb":{"@id":"https:\/\/dreamcatcher.ws\/es\/cartera\/consignado-sellado-entregado\/#breadcrumb"},"inLanguage":"es","potentialAction":[{"@type":"ReadAction","target":["https:\/\/dreamcatcher.ws\/es\/cartera\/consignado-sellado-entregado\/"]}]},{"@type":"ImageObject","inLanguage":"es","@id":"https:\/\/dreamcatcher.ws\/es\/cartera\/consignado-sellado-entregado\/#primaryimage","url":"https:\/\/dreamcatcher.ws\/wp-content\/uploads\/2025\/01\/site-thum.png","contentUrl":"https:\/\/dreamcatcher.ws\/wp-content\/uploads\/2025\/01\/site-thum.png","width":536,"height":536},{"@type":"BreadcrumbList","@id":"https:\/\/dreamcatcher.ws\/es\/cartera\/consignado-sellado-entregado\/#breadcrumb","itemListElement":[{"@type":"ListItem","position":1,"name":"Home","item":"https:\/\/dreamcatcher.ws\/"},{"@type":"ListItem","position":2,"name":"Cartera","item":"https:\/\/dreamcatcher.ws\/es\/cartera\/"},{"@type":"ListItem","position":3,"name":"Consignado Sellado Entregado"}]},{"@type":"WebSite","@id":"https:\/\/dreamcatcher.ws\/#website","url":"https:\/\/dreamcatcher.ws\/","name":"Dreamcatcher","description":"","publisher":{"@id":"https:\/\/dreamcatcher.ws\/#organization"},"potentialAction":[{"@type":"SearchAction","target":{"@type":"EntryPoint","urlTemplate":"https:\/\/dreamcatcher.ws\/?s={search_term_string}"},"query-input":{"@type":"PropertyValueSpecification","valueRequired":true,"valueName":"search_term_string"}}],"inLanguage":"es"},{"@type":"Organization","@id":"https:\/\/dreamcatcher.ws\/#organization","name":"Dreamcatcher","url":"https:\/\/dreamcatcher.ws\/","logo":{"@type":"ImageObject","inLanguage":"es","@id":"https:\/\/dreamcatcher.ws\/#\/schema\/logo\/image\/","url":"https:\/\/dreamcatcher.ws\/wp-content\/uploads\/2025\/01\/site-thum.png","contentUrl":"https:\/\/dreamcatcher.ws\/wp-content\/uploads\/2025\/01\/site-thum.png","width":536,"height":536,"caption":"Dreamcatcher"},"image":{"@id":"https:\/\/dreamcatcher.ws\/#\/schema\/logo\/image\/"}}]}},"_links":{"self":[{"href":"https:\/\/dreamcatcher.ws\/es\/wp-json\/wp\/v2\/pages\/7263","targetHints":{"allow":["GET"]}}],"collection":[{"href":"https:\/\/dreamcatcher.ws\/es\/wp-json\/wp\/v2\/pages"}],"about":[{"href":"https:\/\/dreamcatcher.ws\/es\/wp-json\/wp\/v2\/types\/page"}],"author":[{"embeddable":true,"href":"https:\/\/dreamcatcher.ws\/es\/wp-json\/wp\/v2\/users\/1"}],"replies":[{"embeddable":true,"href":"https:\/\/dreamcatcher.ws\/es\/wp-json\/wp\/v2\/comments?post=7263"}],"version-history":[{"count":3,"href":"https:\/\/dreamcatcher.ws\/es\/wp-json\/wp\/v2\/pages\/7263\/revisions"}],"predecessor-version":[{"id":7996,"href":"https:\/\/dreamcatcher.ws\/es\/wp-json\/wp\/v2\/pages\/7263\/revisions\/7996"}],"up":[{"embeddable":true,"href":"https:\/\/dreamcatcher.ws\/es\/wp-json\/wp\/v2\/pages\/7278"}],"wp:featuredmedia":[{"embeddable":true,"href":"https:\/\/dreamcatcher.ws\/es\/wp-json\/wp\/v2\/media\/7191"}],"wp:attachment":[{"href":"https:\/\/dreamcatcher.ws\/es\/wp-json\/wp\/v2\/media?parent=7263"}],"curies":[{"name":"wp","href":"https:\/\/api.w.org\/{rel}","templated":true}]}}