{"id":7246,"date":"2025-01-17T10:54:59","date_gmt":"2025-01-17T10:54:59","guid":{"rendered":"https:\/\/dreamcatcher.ws\/melody\/"},"modified":"2025-12-08T15:37:17","modified_gmt":"2025-12-08T15:37:17","slug":"melody","status":"publish","type":"page","link":"https:\/\/dreamcatcher.ws\/es\/cartera\/melody\/","title":{"rendered":"Melody"},"content":{"rendered":"\t\t<div data-elementor-type=\"wp-page\" data-elementor-id=\"7246\" class=\"elementor elementor-7246 elementor-4784\" data-elementor-post-type=\"page\">\n\t\t\t\t<div class=\"elementor-element elementor-element-61bc2f4 hm-banner e-flex e-con-boxed e-con e-parent\" data-id=\"61bc2f4\" data-element_type=\"container\" data-e-type=\"container\" data-settings=\"{&quot;background_background&quot;:&quot;classic&quot;}\">\n\t\t\t\t\t<div class=\"e-con-inner\">\n\t\t<div class=\"elementor-element elementor-element-95e7c35 e-con-full banner-content-wrap e-flex e-con e-child\" data-id=\"95e7c35\" data-element_type=\"container\" data-e-type=\"container\" data-settings=\"{&quot;background_background&quot;:&quot;video&quot;}\">\n\t\t\t\t<div class=\"elementor-element elementor-element-5ab3455 elementor-widget elementor-widget-heading\" data-id=\"5ab3455\" data-element_type=\"widget\" data-e-type=\"widget\" data-widget_type=\"heading.default\">\n\t\t\t\t<div class=\"elementor-widget-container\">\n\t\t\t\t\t<p class=\"elementor-heading-title elementor-size-default\">Melody<\/p>\t\t\t\t<\/div>\n\t\t\t\t<\/div>\n\t\t\t\t<div class=\"elementor-element elementor-element-5f71e12 elementor-widget__width-initial elementor-widget elementor-widget-heading\" data-id=\"5f71e12\" data-element_type=\"widget\" data-e-type=\"widget\" data-widget_type=\"heading.default\">\n\t\t\t\t<div class=\"elementor-widget-container\">\n\t\t\t\t\t<h1 class=\"elementor-heading-title elementor-size-default\">Revolucionando el entretenimiento y la cultura ic\u00f3nicos<\/h1>\t\t\t\t<\/div>\n\t\t\t\t<\/div>\n\t\t\t\t<div class=\"elementor-element elementor-element-dc7cabb elementor-hidden-mobile elementor-widget elementor-widget-text-editor\" data-id=\"dc7cabb\" data-element_type=\"widget\" data-e-type=\"widget\" id=\"scroll-down\" data-widget_type=\"text-editor.default\">\n\t\t\t\t<div class=\"elementor-widget-container\">\n\t\t\t\t\t\t\t\t\t<p><a href=\"#melody\">Despl\u00e1zate para ver los detalles<\/a><\/p>\n\t\t\t\t\t\t\t\t<\/div>\n\t\t\t\t<\/div>\n\t\t\t\t<\/div>\n\t\t\t\t\t<\/div>\n\t\t\t\t<\/div>\n\t\t<div class=\"elementor-element elementor-element-fb5b301 e-flex e-con-boxed e-con e-parent\" data-id=\"fb5b301\" data-element_type=\"container\" data-e-type=\"container\" id=\"melody\">\n\t\t\t\t\t<div class=\"e-con-inner\">\n\t\t<div class=\"elementor-element elementor-element-e2abe06 e-con-full e-flex e-con e-child\" data-id=\"e2abe06\" data-element_type=\"container\" data-e-type=\"container\">\n\t\t\t\t<div class=\"elementor-element elementor-element-d138979 elementor-widget elementor-widget-image\" data-id=\"d138979\" data-element_type=\"widget\" data-e-type=\"widget\" data-widget_type=\"image.default\">\n\t\t\t\t<div class=\"elementor-widget-container\">\n\t\t\t\t\t\t\t\t\t\t\t\t\t\t\t<img loading=\"lazy\" decoding=\"async\" width=\"139\" height=\"110\" src=\"https:\/\/dreamcatcher.ws\/wp-content\/uploads\/2025\/01\/Layer-1.png\" class=\"attachment-full size-full wp-image-7300\" alt=\"\" \/>\t\t\t\t\t\t\t\t\t\t\t\t\t\t\t<\/div>\n\t\t\t\t<\/div>\n\t\t\t\t<div class=\"elementor-element elementor-element-764c168 csd-content elementor-widget elementor-widget-text-editor\" data-id=\"764c168\" data-element_type=\"widget\" data-e-type=\"widget\" data-widget_type=\"text-editor.default\">\n\t\t\t\t<div class=\"elementor-widget-container\">\n\t\t\t\t\t\t\t\t\t<div>\n<div>Melody Entertainment, pionera en el panorama de los medios de comunicaci\u00f3n y el entretenimiento de Oriente Medio durante la d\u00e9cada de 2000 y principios de 2010, se relanza bajo el liderazgo visionario de Gamal Marwan y DreamCatcher. Conocida por revolucionar el panorama medi\u00e1tico de la regi\u00f3n con campa\u00f1as publicitarias galardonadas, cadenas de televisi\u00f3n y radio emblem\u00e1ticas y producciones revolucionarias, Melody entra ahora en una nueva era en Arabia Saud\u00ed. Con un enfoque renovado en las experiencias culturales, Melody Entertainment crear\u00e1 eventos e iniciativas de talla mundial que celebren el arte, la creatividad y la conexi\u00f3n humana, al tiempo que seguir\u00e1 atrayendo al p\u00fablico mediante proyectos medi\u00e1ticos innovadores.  <\/div>\n<p><\/p>\n<div>Como parte de la visi\u00f3n de DreamCatcher de las inversiones transformadoras, Melody pretende desempe\u00f1ar un papel fundamental en el renacimiento cultural de Arabia Saud\u00ed. Introduciendo conceptos innovadores y fomentando colaboraciones \u00fanicas, Melody aportar\u00e1 experiencias inolvidables que inspirar\u00e1n y capacitar\u00e1n a la creciente comunidad creativa del Reino. Con su renovada presencia, Melody Entertainment pretende redefinir c\u00f3mo se comparte, celebra y eleva la cultura en la regi\u00f3n.  <\/div>\n<\/div>\n\t\t\t\t\t\t\t\t<\/div>\n\t\t\t\t<\/div>\n\t\t\t\t<\/div>\n\t\t<div class=\"elementor-element elementor-element-f9028cb e-con-full e-flex e-con e-child\" data-id=\"f9028cb\" data-element_type=\"container\" data-e-type=\"container\">\n\t\t\t\t<div class=\"elementor-element elementor-element-1878012 elementor-widget elementor-widget-text-editor\" data-id=\"1878012\" data-element_type=\"widget\" data-e-type=\"widget\" data-widget_type=\"text-editor.default\">\n\t\t\t\t<div class=\"elementor-widget-container\">\n\t\t\t\t\t\t\t\t\t<p>VER EL SITIO<\/p>\n\t\t\t\t\t\t\t\t<\/div>\n\t\t\t\t<\/div>\n\t\t\t\t<div class=\"elementor-element elementor-element-1bca75f shop-link elementor-widget elementor-widget-text-editor\" data-id=\"1bca75f\" data-element_type=\"widget\" data-e-type=\"widget\" data-widget_type=\"text-editor.default\">\n\t\t\t\t<div class=\"elementor-widget-container\">\n\t\t\t\t\t\t\t\t\t<p><a href=\"https:\/\/melody.net\" target=\"_blank\" rel=\"noopener\">melody.net<\/a><\/p>\n\t\t\t\t\t\t\t\t<\/div>\n\t\t\t\t<\/div>\n\t\t\t\t<div class=\"elementor-element elementor-element-68586ed shop-listing elementor-widget elementor-widget-text-editor\" data-id=\"68586ed\" data-element_type=\"widget\" data-e-type=\"widget\" data-widget_type=\"text-editor.default\">\n\t\t\t\t<div class=\"elementor-widget-container\">\n\t\t\t\t\t\t\t\t\t<ul>\n<li><strong>Donde la creatividad se une a la cultura<\/strong><\/li>\n<li>Experiencias transformadoras<\/li>\n<li>Presencia ic\u00f3nica<\/li>\n<li>Legado de renombre<\/li>\n<li>Ambici\u00f3n pionera<\/li>\n<\/ul>\n\t\t\t\t\t\t\t\t<\/div>\n\t\t\t\t<\/div>\n\t\t\t\t<\/div>\n\t\t\t\t\t<\/div>\n\t\t\t\t<\/div>\n\t\t<div class=\"elementor-element elementor-element-95944f5 e-flex e-con-boxed e-con e-parent\" data-id=\"95944f5\" data-element_type=\"container\" data-e-type=\"container\" data-settings=\"{&quot;background_background&quot;:&quot;classic&quot;}\">\n\t\t\t\t\t<div class=\"e-con-inner\">\n\t\t\t\t<div class=\"elementor-element elementor-element-7eee317 elementor-widget elementor-widget-image\" data-id=\"7eee317\" data-element_type=\"widget\" data-e-type=\"widget\" data-widget_type=\"image.default\">\n\t\t\t\t<div class=\"elementor-widget-container\">\n\t\t\t\t\t\t\t\t\t\t\t\t\t\t\t<img loading=\"lazy\" decoding=\"async\" width=\"1200\" height=\"800\" src=\"https:\/\/dreamcatcher.ws\/wp-content\/uploads\/2025\/01\/Untitled-3.jpg\" class=\"attachment-full size-full wp-image-7254\" alt=\"\" srcset=\"https:\/\/dreamcatcher.ws\/wp-content\/uploads\/2025\/01\/Untitled-3.jpg 1200w, https:\/\/dreamcatcher.ws\/wp-content\/uploads\/2025\/01\/Untitled-3-300x200.jpg 300w, https:\/\/dreamcatcher.ws\/wp-content\/uploads\/2025\/01\/Untitled-3-1024x683.jpg 1024w, https:\/\/dreamcatcher.ws\/wp-content\/uploads\/2025\/01\/Untitled-3-768x512.jpg 768w\" sizes=\"auto, (max-width: 1200px) 100vw, 1200px\" \/>\t\t\t\t\t\t\t\t\t\t\t\t\t\t\t<\/div>\n\t\t\t\t<\/div>\n\t\t\t\t\t<\/div>\n\t\t\t\t<\/div>\n\t\t<div class=\"elementor-element elementor-element-db0dc49 e-flex e-con-boxed e-con e-parent\" data-id=\"db0dc49\" data-element_type=\"container\" data-e-type=\"container\">\n\t\t\t\t\t<div class=\"e-con-inner\">\n\t\t\t\t<div class=\"elementor-element elementor-element-42247bb csd-text elementor-widget__width-initial elementor-widget elementor-widget-text-editor\" data-id=\"42247bb\" data-element_type=\"widget\" data-e-type=\"widget\" data-widget_type=\"text-editor.default\">\n\t\t\t\t<div class=\"elementor-widget-container\">\n\t\t\t\t\t\t\t\t\t<h2>Melody Entertainment, una plataforma arraigada en la innovaci\u00f3n, se basa en su legado ic\u00f3nico para crear experiencias culturales audaces e inspirar una nueva era de creatividad.<\/h2>\n\t\t\t\t\t\t\t\t<\/div>\n\t\t\t\t<\/div>\n\t\t\t\t\t<\/div>\n\t\t\t\t<\/div>\n\t\t<div class=\"elementor-element elementor-element-85a80a1 e-flex e-con-boxed e-con e-parent\" data-id=\"85a80a1\" data-element_type=\"container\" data-e-type=\"container\">\n\t\t\t\t\t<div class=\"e-con-inner\">\n\t\t\t\t<div class=\"elementor-element elementor-element-1fe7aea start-new-project elementor-widget elementor-widget-text-editor\" data-id=\"1fe7aea\" data-element_type=\"widget\" data-e-type=\"widget\" data-widget_type=\"text-editor.default\">\n\t\t\t\t<div class=\"elementor-widget-container\">\n\t\t\t\t\t\t\t\t\t<h2>\u00bfEmpiezas un nuevo proyecto?<\/h2>\n\t\t\t\t\t\t\t\t<\/div>\n\t\t\t\t<\/div>\n\t\t\t\t<div class=\"elementor-element elementor-element-8485ba2 elementor-widget elementor-widget-button\" data-id=\"8485ba2\" data-element_type=\"widget\" data-e-type=\"widget\" data-widget_type=\"button.default\">\n\t\t\t\t<div class=\"elementor-widget-container\">\n\t\t\t\t\t\t\t\t\t<div class=\"elementor-button-wrapper\">\n\t\t\t\t\t<a class=\"elementor-button elementor-button-link elementor-size-sm\" href=\"https:\/\/dreamcatcher.ws\/es\/contacta-con-nosotros\/\" id=\"df-btn\">\n\t\t\t\t\t\t<span class=\"elementor-button-content-wrapper\">\n\t\t\t\t\t\t\t\t\t<span class=\"elementor-button-text\">DINOS M\u00c1S<\/span>\n\t\t\t\t\t<\/span>\n\t\t\t\t\t<\/a>\n\t\t\t\t<\/div>\n\t\t\t\t\t\t\t\t<\/div>\n\t\t\t\t<\/div>\n\t\t\t\t\t<\/div>\n\t\t\t\t<\/div>\n\t\t\t\t<\/div>\n\t\t","protected":false},"excerpt":{"rendered":"<p>Melody Revolucionando el entretenimiento y la cultura ic\u00f3nicos Despl\u00e1zate para ver los detalles Melody Entertainment, pionera en el panorama de los medios de comunicaci\u00f3n y el entretenimiento de Oriente Medio durante la d\u00e9cada de 2000 y principios de 2010, se relanza bajo el liderazgo visionario de Gamal Marwan y DreamCatcher. Conocida por revolucionar el panorama [&hellip;]<\/p>\n","protected":false},"author":1,"featured_media":7191,"parent":7278,"menu_order":0,"comment_status":"closed","ping_status":"closed","template":"elementor_header_footer","meta":{"footnotes":""},"class_list":["post-7246","page","type-page","status-publish","has-post-thumbnail","hentry"],"yoast_head":"<!-- This site is optimized with the Yoast SEO plugin v27.3 - https:\/\/yoast.com\/product\/yoast-seo-wordpress\/ -->\n<title>Melody - Dreamcatcher<\/title>\n<meta name=\"robots\" content=\"index, follow, max-snippet:-1, max-image-preview:large, max-video-preview:-1\" \/>\n<link rel=\"canonical\" href=\"https:\/\/dreamcatcher.ws\/es\/cartera\/melody\/\" \/>\n<meta property=\"og:locale\" content=\"es_ES\" \/>\n<meta property=\"og:type\" content=\"article\" \/>\n<meta property=\"og:title\" content=\"Melody - Dreamcatcher\" \/>\n<meta property=\"og:description\" content=\"Melody Revolucionando el entretenimiento y la cultura ic\u00f3nicos Despl\u00e1zate para ver los detalles Melody Entertainment, pionera en el panorama de los medios de comunicaci\u00f3n y el entretenimiento de Oriente Medio durante la d\u00e9cada de 2000 y principios de 2010, se relanza bajo el liderazgo visionario de Gamal Marwan y DreamCatcher. Conocida por revolucionar el panorama [&hellip;]\" \/>\n<meta property=\"og:url\" content=\"https:\/\/dreamcatcher.ws\/es\/cartera\/melody\/\" \/>\n<meta property=\"og:site_name\" content=\"Dreamcatcher\" \/>\n<meta property=\"article:modified_time\" content=\"2025-12-08T15:37:17+00:00\" \/>\n<meta property=\"og:image\" content=\"https:\/\/dreamcatcher.ws\/wp-content\/uploads\/2025\/01\/site-thum.png\" \/>\n\t<meta property=\"og:image:width\" content=\"536\" \/>\n\t<meta property=\"og:image:height\" content=\"536\" \/>\n\t<meta property=\"og:image:type\" content=\"image\/png\" \/>\n<meta name=\"twitter:card\" content=\"summary_large_image\" \/>\n<meta name=\"twitter:label1\" content=\"Tiempo de lectura\" \/>\n\t<meta name=\"twitter:data1\" content=\"2 minutos\" \/>\n<script type=\"application\/ld+json\" class=\"yoast-schema-graph\">{\"@context\":\"https:\\\/\\\/schema.org\",\"@graph\":[{\"@type\":\"WebPage\",\"@id\":\"https:\\\/\\\/dreamcatcher.ws\\\/es\\\/cartera\\\/melody\\\/\",\"url\":\"https:\\\/\\\/dreamcatcher.ws\\\/es\\\/cartera\\\/melody\\\/\",\"name\":\"Melody - Dreamcatcher\",\"isPartOf\":{\"@id\":\"https:\\\/\\\/dreamcatcher.ws\\\/#website\"},\"primaryImageOfPage\":{\"@id\":\"https:\\\/\\\/dreamcatcher.ws\\\/es\\\/cartera\\\/melody\\\/#primaryimage\"},\"image\":{\"@id\":\"https:\\\/\\\/dreamcatcher.ws\\\/es\\\/cartera\\\/melody\\\/#primaryimage\"},\"thumbnailUrl\":\"https:\\\/\\\/dreamcatcher.ws\\\/wp-content\\\/uploads\\\/2025\\\/01\\\/site-thum.png\",\"datePublished\":\"2025-01-17T10:54:59+00:00\",\"dateModified\":\"2025-12-08T15:37:17+00:00\",\"breadcrumb\":{\"@id\":\"https:\\\/\\\/dreamcatcher.ws\\\/es\\\/cartera\\\/melody\\\/#breadcrumb\"},\"inLanguage\":\"es\",\"potentialAction\":[{\"@type\":\"ReadAction\",\"target\":[\"https:\\\/\\\/dreamcatcher.ws\\\/es\\\/cartera\\\/melody\\\/\"]}]},{\"@type\":\"ImageObject\",\"inLanguage\":\"es\",\"@id\":\"https:\\\/\\\/dreamcatcher.ws\\\/es\\\/cartera\\\/melody\\\/#primaryimage\",\"url\":\"https:\\\/\\\/dreamcatcher.ws\\\/wp-content\\\/uploads\\\/2025\\\/01\\\/site-thum.png\",\"contentUrl\":\"https:\\\/\\\/dreamcatcher.ws\\\/wp-content\\\/uploads\\\/2025\\\/01\\\/site-thum.png\",\"width\":536,\"height\":536},{\"@type\":\"BreadcrumbList\",\"@id\":\"https:\\\/\\\/dreamcatcher.ws\\\/es\\\/cartera\\\/melody\\\/#breadcrumb\",\"itemListElement\":[{\"@type\":\"ListItem\",\"position\":1,\"name\":\"Home\",\"item\":\"https:\\\/\\\/dreamcatcher.ws\\\/\"},{\"@type\":\"ListItem\",\"position\":2,\"name\":\"Cartera\",\"item\":\"https:\\\/\\\/dreamcatcher.ws\\\/es\\\/cartera\\\/\"},{\"@type\":\"ListItem\",\"position\":3,\"name\":\"Melody\"}]},{\"@type\":\"WebSite\",\"@id\":\"https:\\\/\\\/dreamcatcher.ws\\\/#website\",\"url\":\"https:\\\/\\\/dreamcatcher.ws\\\/\",\"name\":\"Dreamcatcher\",\"description\":\"\",\"publisher\":{\"@id\":\"https:\\\/\\\/dreamcatcher.ws\\\/#organization\"},\"potentialAction\":[{\"@type\":\"SearchAction\",\"target\":{\"@type\":\"EntryPoint\",\"urlTemplate\":\"https:\\\/\\\/dreamcatcher.ws\\\/?s={search_term_string}\"},\"query-input\":{\"@type\":\"PropertyValueSpecification\",\"valueRequired\":true,\"valueName\":\"search_term_string\"}}],\"inLanguage\":\"es\"},{\"@type\":\"Organization\",\"@id\":\"https:\\\/\\\/dreamcatcher.ws\\\/#organization\",\"name\":\"Dreamcatcher\",\"url\":\"https:\\\/\\\/dreamcatcher.ws\\\/\",\"logo\":{\"@type\":\"ImageObject\",\"inLanguage\":\"es\",\"@id\":\"https:\\\/\\\/dreamcatcher.ws\\\/#\\\/schema\\\/logo\\\/image\\\/\",\"url\":\"https:\\\/\\\/dreamcatcher.ws\\\/wp-content\\\/uploads\\\/2025\\\/01\\\/site-thum.png\",\"contentUrl\":\"https:\\\/\\\/dreamcatcher.ws\\\/wp-content\\\/uploads\\\/2025\\\/01\\\/site-thum.png\",\"width\":536,\"height\":536,\"caption\":\"Dreamcatcher\"},\"image\":{\"@id\":\"https:\\\/\\\/dreamcatcher.ws\\\/#\\\/schema\\\/logo\\\/image\\\/\"}}]}<\/script>\n<!-- \/ Yoast SEO plugin. -->","yoast_head_json":{"title":"Melody - Dreamcatcher","robots":{"index":"index","follow":"follow","max-snippet":"max-snippet:-1","max-image-preview":"max-image-preview:large","max-video-preview":"max-video-preview:-1"},"canonical":"https:\/\/dreamcatcher.ws\/es\/cartera\/melody\/","og_locale":"es_ES","og_type":"article","og_title":"Melody - Dreamcatcher","og_description":"Melody Revolucionando el entretenimiento y la cultura ic\u00f3nicos Despl\u00e1zate para ver los detalles Melody Entertainment, pionera en el panorama de los medios de comunicaci\u00f3n y el entretenimiento de Oriente Medio durante la d\u00e9cada de 2000 y principios de 2010, se relanza bajo el liderazgo visionario de Gamal Marwan y DreamCatcher. Conocida por revolucionar el panorama [&hellip;]","og_url":"https:\/\/dreamcatcher.ws\/es\/cartera\/melody\/","og_site_name":"Dreamcatcher","article_modified_time":"2025-12-08T15:37:17+00:00","og_image":[{"width":536,"height":536,"url":"https:\/\/dreamcatcher.ws\/wp-content\/uploads\/2025\/01\/site-thum.png","type":"image\/png"}],"twitter_card":"summary_large_image","twitter_misc":{"Tiempo de lectura":"2 minutos"},"schema":{"@context":"https:\/\/schema.org","@graph":[{"@type":"WebPage","@id":"https:\/\/dreamcatcher.ws\/es\/cartera\/melody\/","url":"https:\/\/dreamcatcher.ws\/es\/cartera\/melody\/","name":"Melody - Dreamcatcher","isPartOf":{"@id":"https:\/\/dreamcatcher.ws\/#website"},"primaryImageOfPage":{"@id":"https:\/\/dreamcatcher.ws\/es\/cartera\/melody\/#primaryimage"},"image":{"@id":"https:\/\/dreamcatcher.ws\/es\/cartera\/melody\/#primaryimage"},"thumbnailUrl":"https:\/\/dreamcatcher.ws\/wp-content\/uploads\/2025\/01\/site-thum.png","datePublished":"2025-01-17T10:54:59+00:00","dateModified":"2025-12-08T15:37:17+00:00","breadcrumb":{"@id":"https:\/\/dreamcatcher.ws\/es\/cartera\/melody\/#breadcrumb"},"inLanguage":"es","potentialAction":[{"@type":"ReadAction","target":["https:\/\/dreamcatcher.ws\/es\/cartera\/melody\/"]}]},{"@type":"ImageObject","inLanguage":"es","@id":"https:\/\/dreamcatcher.ws\/es\/cartera\/melody\/#primaryimage","url":"https:\/\/dreamcatcher.ws\/wp-content\/uploads\/2025\/01\/site-thum.png","contentUrl":"https:\/\/dreamcatcher.ws\/wp-content\/uploads\/2025\/01\/site-thum.png","width":536,"height":536},{"@type":"BreadcrumbList","@id":"https:\/\/dreamcatcher.ws\/es\/cartera\/melody\/#breadcrumb","itemListElement":[{"@type":"ListItem","position":1,"name":"Home","item":"https:\/\/dreamcatcher.ws\/"},{"@type":"ListItem","position":2,"name":"Cartera","item":"https:\/\/dreamcatcher.ws\/es\/cartera\/"},{"@type":"ListItem","position":3,"name":"Melody"}]},{"@type":"WebSite","@id":"https:\/\/dreamcatcher.ws\/#website","url":"https:\/\/dreamcatcher.ws\/","name":"Dreamcatcher","description":"","publisher":{"@id":"https:\/\/dreamcatcher.ws\/#organization"},"potentialAction":[{"@type":"SearchAction","target":{"@type":"EntryPoint","urlTemplate":"https:\/\/dreamcatcher.ws\/?s={search_term_string}"},"query-input":{"@type":"PropertyValueSpecification","valueRequired":true,"valueName":"search_term_string"}}],"inLanguage":"es"},{"@type":"Organization","@id":"https:\/\/dreamcatcher.ws\/#organization","name":"Dreamcatcher","url":"https:\/\/dreamcatcher.ws\/","logo":{"@type":"ImageObject","inLanguage":"es","@id":"https:\/\/dreamcatcher.ws\/#\/schema\/logo\/image\/","url":"https:\/\/dreamcatcher.ws\/wp-content\/uploads\/2025\/01\/site-thum.png","contentUrl":"https:\/\/dreamcatcher.ws\/wp-content\/uploads\/2025\/01\/site-thum.png","width":536,"height":536,"caption":"Dreamcatcher"},"image":{"@id":"https:\/\/dreamcatcher.ws\/#\/schema\/logo\/image\/"}}]}},"_links":{"self":[{"href":"https:\/\/dreamcatcher.ws\/es\/wp-json\/wp\/v2\/pages\/7246","targetHints":{"allow":["GET"]}}],"collection":[{"href":"https:\/\/dreamcatcher.ws\/es\/wp-json\/wp\/v2\/pages"}],"about":[{"href":"https:\/\/dreamcatcher.ws\/es\/wp-json\/wp\/v2\/types\/page"}],"author":[{"embeddable":true,"href":"https:\/\/dreamcatcher.ws\/es\/wp-json\/wp\/v2\/users\/1"}],"replies":[{"embeddable":true,"href":"https:\/\/dreamcatcher.ws\/es\/wp-json\/wp\/v2\/comments?post=7246"}],"version-history":[{"count":1,"href":"https:\/\/dreamcatcher.ws\/es\/wp-json\/wp\/v2\/pages\/7246\/revisions"}],"predecessor-version":[{"id":8279,"href":"https:\/\/dreamcatcher.ws\/es\/wp-json\/wp\/v2\/pages\/7246\/revisions\/8279"}],"up":[{"embeddable":true,"href":"https:\/\/dreamcatcher.ws\/es\/wp-json\/wp\/v2\/pages\/7278"}],"wp:featuredmedia":[{"embeddable":true,"href":"https:\/\/dreamcatcher.ws\/es\/wp-json\/wp\/v2\/media\/7191"}],"wp:attachment":[{"href":"https:\/\/dreamcatcher.ws\/es\/wp-json\/wp\/v2\/media?parent=7246"}],"curies":[{"name":"wp","href":"https:\/\/api.w.org\/{rel}","templated":true}]}}