{"id":7190,"date":"2025-01-09T12:53:31","date_gmt":"2025-01-09T12:53:31","guid":{"rendered":"https:\/\/dreamcatcher.ws\/empleo\/"},"modified":"2025-01-30T14:46:39","modified_gmt":"2025-01-30T14:46:39","slug":"empleo","status":"publish","type":"page","link":"https:\/\/dreamcatcher.ws\/es\/empleo\/","title":{"rendered":"Empleo"},"content":{"rendered":"\t\t<div data-elementor-type=\"wp-page\" data-elementor-id=\"7190\" class=\"elementor elementor-7190 elementor-3897\" data-elementor-post-type=\"page\">\n\t\t\t\t<div class=\"elementor-element elementor-element-cc35365 wo-were-sec  e-flex e-con-boxed e-con e-parent\" data-id=\"cc35365\" data-element_type=\"container\" data-e-type=\"container\">\n\t\t\t\t\t<div class=\"e-con-inner\">\n\t\t<div class=\"elementor-element elementor-element-c6b8899 who-we-are-container e-flex e-con-boxed e-con e-child\" data-id=\"c6b8899\" data-element_type=\"container\" data-e-type=\"container\">\n\t\t\t\t\t<div class=\"e-con-inner\">\n\t\t<div class=\"elementor-element elementor-element-1fdc882 e-flex e-con-boxed e-con e-child\" data-id=\"1fdc882\" data-element_type=\"container\" data-e-type=\"container\">\n\t\t\t\t\t<div class=\"e-con-inner\">\n\t\t\t\t<div class=\"elementor-element elementor-element-fe625e4 elementor-widget elementor-widget-heading\" data-id=\"fe625e4\" data-element_type=\"widget\" data-e-type=\"widget\" data-widget_type=\"heading.default\">\n\t\t\t\t<div class=\"elementor-widget-container\">\n\t\t\t\t\t<p class=\"elementor-heading-title elementor-size-default\">CARRERAS<\/p>\t\t\t\t<\/div>\n\t\t\t\t<\/div>\n\t\t\t\t<div class=\"elementor-element elementor-element-254d4d8 elementor-widget__width-initial elementor-widget-mobile__width-inherit elementor-widget elementor-widget-heading\" data-id=\"254d4d8\" data-element_type=\"widget\" data-e-type=\"widget\" data-widget_type=\"heading.default\">\n\t\t\t\t<div class=\"elementor-widget-container\">\n\t\t\t\t\t<h1 class=\"elementor-heading-title elementor-size-default\">Ofertas de empleo actuales EN RIYADH, SEDE REGIONAL DE ARABIA SAUD\u00cd<\/h1>\t\t\t\t<\/div>\n\t\t\t\t<\/div>\n\t\t<div class=\"elementor-element elementor-element-282299e e-con-full e-flex e-con e-child\" data-id=\"282299e\" data-element_type=\"container\" data-e-type=\"container\">\n\t\t\t\t<div class=\"elementor-element elementor-element-e0f579d founder-wrap we-invest-content elementor-widget__width-initial elementor-widget elementor-widget-text-editor\" data-id=\"e0f579d\" data-element_type=\"widget\" data-e-type=\"widget\" data-widget_type=\"text-editor.default\">\n\t\t\t\t<div class=\"elementor-widget-container\">\n\t\t\t\t\t\t\t\t\t<p>DREAMCATCHER es una empresa que ofrece igualdad de oportunidades. Las personas que buscan empleo son consideradas sin distinci\u00f3n de raza, color, religi\u00f3n, origen nacional, edad, sexo, estado civil, ascendencia, discapacidad f\u00edsica o mental, condici\u00f3n de veterano, orientaci\u00f3n sexual o cualquier otra categor\u00eda protegida por la legislaci\u00f3n aplicable. <\/p>\n\t\t\t\t\t\t\t\t<\/div>\n\t\t\t\t<\/div>\n\t\t\t\t<\/div>\n\t\t\t\t\t<\/div>\n\t\t\t\t<\/div>\n\t\t\t\t\t<\/div>\n\t\t\t\t<\/div>\n\t\t\t\t\t<\/div>\n\t\t\t\t<\/div>\n\t\t<div class=\"elementor-element elementor-element-83db28c e-flex e-con-boxed e-con e-parent\" data-id=\"83db28c\" data-element_type=\"container\" data-e-type=\"container\">\n\t\t\t\t\t<div class=\"e-con-inner\">\n\t\t\t\t<div class=\"elementor-element elementor-element-97db1ee elementor-widget elementor-widget-heading\" data-id=\"97db1ee\" data-element_type=\"widget\" data-e-type=\"widget\" data-widget_type=\"heading.default\">\n\t\t\t\t<div class=\"elementor-widget-container\">\n\t\t\t\t\t<h2 class=\"elementor-heading-title elementor-size-default\">Ofertas de empleo actuales<\/h2>\t\t\t\t<\/div>\n\t\t\t\t<\/div>\n\t\t\t\t<div class=\"elementor-element elementor-element-fc345e2 dept-tag elementor-hidden-desktop elementor-hidden-laptop elementor-hidden-tablet elementor-hidden-mobile elementor-widget elementor-widget-heading\" data-id=\"fc345e2\" data-element_type=\"widget\" data-e-type=\"widget\" data-widget_type=\"heading.default\">\n\t\t\t\t<div class=\"elementor-widget-container\">\n\t\t\t\t\t<h3 class=\"elementor-heading-title elementor-size-default\">DEPARTAMENTO<\/h3>\t\t\t\t<\/div>\n\t\t\t\t<\/div>\n\t\t\t\t<div class=\"elementor-element elementor-element-149e3d3 elementor-widget elementor-widget-shortcode\" data-id=\"149e3d3\" data-element_type=\"widget\" data-e-type=\"widget\" data-widget_type=\"shortcode.default\">\n\t\t\t\t<div class=\"elementor-widget-container\">\n\t\t\t\t\t\t\t<div class=\"elementor-shortcode\"><form id=\"career-filter-form\" method=\"GET\"><select id=\"career-category-filter\" name=\"category_filter\"><option value=\"\">All Departments<\/option><option value=\"50\">M\u00e9dico<\/option><option value=\"55\">Operaciones globales<\/option><option value=\"46\">Sin categorizar<\/option><\/select><\/form><div id=\"career-posts-container\"><div class=\"career-category-section\"><h3>M\u00e9dico<\/h3><div class=\"career-post\"><p class=\"job-post-title\"><a href=\"https:\/\/dreamcatcher.ws\/es\/career\/director-administrativo-clinica-de-medicina-convergente\/\">Director Administrativo &#8211; Cl\u00ednica de Medicina Convergente<\/a><\/p><div class=\"post-name\">Riad, Reino de Arabia Saud\u00ed<\/div><\/div><div class=\"career-post\"><p class=\"job-post-title\"><a href=\"https:\/\/dreamcatcher.ws\/es\/career\/medico-especialista-en-medicina-general-y-salud-de-la-mujer\/\">M\u00e9dico especialista en Medicina General y Salud de la Mujer<\/a><\/p><div class=\"post-name\">Riad, Reino de Arabia Saud\u00ed<\/div><\/div><\/div><div class=\"career-category-section\"><h3>Sin categorizar<\/h3><div class=\"career-post\"><p class=\"job-post-title\"><a href=\"https:\/\/dreamcatcher.ws\/es\/career\/asistente-ejecutiva-del-director-general\/\">Asistente Ejecutiva del Director General<\/a><\/p><div class=\"post-name\">Riad, Reino de Arabia Saud\u00ed<\/div><\/div><\/div><div class=\"career-category-section\"><h3>Operaciones globales<\/h3><div class=\"career-post\"><p class=\"job-post-title\"><a href=\"https:\/\/dreamcatcher.ws\/es\/career\/consultor-estrategico\/\">Consultor Estrat\u00e9gico<\/a><\/p><div class=\"post-name\">Riad, Reino de Arabia Saud\u00ed<\/div><\/div><\/div><\/div>\n    <script type=\"text\/javascript\">\n        document.addEventListener(\"DOMContentLoaded\", function() {\n            \/\/ Handle filter selection change\n            document.getElementById(\"career-category-filter\").addEventListener(\"change\", function() {\n                var selectedCategory = this.value;\n                fetchCareerPosts(selectedCategory);\n            });\n\n            \/\/ Function to fetch posts via AJAX based on selected category\n            function fetchCareerPosts(selectedCategory = \"\") {\n                var data = { action: \"filter_career_posts\", category_id: selectedCategory };\n                jQuery.ajax({\n                    url: \"https:\/\/dreamcatcher.ws\/wp-admin\/admin-ajax.php\",\n                    method: \"GET\",\n                    data: data,\n                    success: function(response) {\n                        document.getElementById(\"career-posts-container\").innerHTML = response;\n                    },\n                    error: function(xhr, status, error) {\n                        console.log(\"AJAX error: \" + status + \": \" + error);\n                    }\n                });\n            }\n        });\n    <\/script><\/div>\n\t\t\t\t\t\t<\/div>\n\t\t\t\t<\/div>\n\t\t\t\t\t<\/div>\n\t\t\t\t<\/div>\n\t\t\t\t<\/div>\n\t\t","protected":false},"excerpt":{"rendered":"<p>CARRERAS Ofertas de empleo actuales EN RIYADH, SEDE REGIONAL DE ARABIA SAUD\u00cd DREAMCATCHER es una empresa que ofrece igualdad de oportunidades. Las personas que buscan empleo son consideradas sin distinci\u00f3n de raza, color, religi\u00f3n, origen nacional, edad, sexo, estado civil, ascendencia, discapacidad f\u00edsica o mental, condici\u00f3n de veterano, orientaci\u00f3n sexual o cualquier otra categor\u00eda protegida [&hellip;]<\/p>\n","protected":false},"author":1,"featured_media":7191,"parent":0,"menu_order":0,"comment_status":"closed","ping_status":"closed","template":"elementor_header_footer","meta":{"footnotes":""},"class_list":["post-7190","page","type-page","status-publish","has-post-thumbnail","hentry"],"yoast_head":"<!-- This site is optimized with the Yoast SEO plugin v27.3 - https:\/\/yoast.com\/product\/yoast-seo-wordpress\/ -->\n<title>Empleo - Dreamcatcher<\/title>\n<meta name=\"robots\" content=\"index, follow, max-snippet:-1, max-image-preview:large, max-video-preview:-1\" \/>\n<link rel=\"canonical\" href=\"https:\/\/dreamcatcher.ws\/careers\/\" \/>\n<meta property=\"og:locale\" content=\"es_ES\" \/>\n<meta property=\"og:type\" content=\"article\" \/>\n<meta property=\"og:title\" content=\"Empleo - Dreamcatcher\" \/>\n<meta property=\"og:description\" content=\"CARRERAS Ofertas de empleo actuales EN RIYADH, SEDE REGIONAL DE ARABIA SAUD\u00cd DREAMCATCHER es una empresa que ofrece igualdad de oportunidades. Las personas que buscan empleo son consideradas sin distinci\u00f3n de raza, color, religi\u00f3n, origen nacional, edad, sexo, estado civil, ascendencia, discapacidad f\u00edsica o mental, condici\u00f3n de veterano, orientaci\u00f3n sexual o cualquier otra categor\u00eda protegida [&hellip;]\" \/>\n<meta property=\"og:url\" content=\"https:\/\/dreamcatcher.ws\/careers\/\" \/>\n<meta property=\"og:site_name\" content=\"Dreamcatcher\" \/>\n<meta property=\"article:modified_time\" content=\"2025-01-30T14:46:39+00:00\" \/>\n<meta property=\"og:image\" content=\"https:\/\/dreamcatcher.ws\/wp-content\/uploads\/2025\/01\/site-thum.png\" \/>\n\t<meta property=\"og:image:width\" content=\"536\" \/>\n\t<meta property=\"og:image:height\" content=\"536\" \/>\n\t<meta property=\"og:image:type\" content=\"image\/png\" \/>\n<meta name=\"twitter:card\" content=\"summary_large_image\" \/>\n<meta name=\"twitter:label1\" content=\"Tiempo de lectura\" \/>\n\t<meta name=\"twitter:data1\" content=\"1 minuto\" \/>\n<script type=\"application\/ld+json\" class=\"yoast-schema-graph\">{\"@context\":\"https:\\\/\\\/schema.org\",\"@graph\":[{\"@type\":\"WebPage\",\"@id\":\"https:\\\/\\\/dreamcatcher.ws\\\/careers\\\/\",\"url\":\"https:\\\/\\\/dreamcatcher.ws\\\/careers\\\/\",\"name\":\"Empleo - Dreamcatcher\",\"isPartOf\":{\"@id\":\"https:\\\/\\\/dreamcatcher.ws\\\/#website\"},\"primaryImageOfPage\":{\"@id\":\"https:\\\/\\\/dreamcatcher.ws\\\/careers\\\/#primaryimage\"},\"image\":{\"@id\":\"https:\\\/\\\/dreamcatcher.ws\\\/careers\\\/#primaryimage\"},\"thumbnailUrl\":\"https:\\\/\\\/dreamcatcher.ws\\\/wp-content\\\/uploads\\\/2025\\\/01\\\/site-thum.png\",\"datePublished\":\"2025-01-09T12:53:31+00:00\",\"dateModified\":\"2025-01-30T14:46:39+00:00\",\"breadcrumb\":{\"@id\":\"https:\\\/\\\/dreamcatcher.ws\\\/careers\\\/#breadcrumb\"},\"inLanguage\":\"es\",\"potentialAction\":[{\"@type\":\"ReadAction\",\"target\":[\"https:\\\/\\\/dreamcatcher.ws\\\/careers\\\/\"]}]},{\"@type\":\"ImageObject\",\"inLanguage\":\"es\",\"@id\":\"https:\\\/\\\/dreamcatcher.ws\\\/careers\\\/#primaryimage\",\"url\":\"https:\\\/\\\/dreamcatcher.ws\\\/wp-content\\\/uploads\\\/2025\\\/01\\\/site-thum.png\",\"contentUrl\":\"https:\\\/\\\/dreamcatcher.ws\\\/wp-content\\\/uploads\\\/2025\\\/01\\\/site-thum.png\",\"width\":536,\"height\":536},{\"@type\":\"BreadcrumbList\",\"@id\":\"https:\\\/\\\/dreamcatcher.ws\\\/careers\\\/#breadcrumb\",\"itemListElement\":[{\"@type\":\"ListItem\",\"position\":1,\"name\":\"Home\",\"item\":\"https:\\\/\\\/dreamcatcher.ws\\\/\"},{\"@type\":\"ListItem\",\"position\":2,\"name\":\"Empleo\"}]},{\"@type\":\"WebSite\",\"@id\":\"https:\\\/\\\/dreamcatcher.ws\\\/#website\",\"url\":\"https:\\\/\\\/dreamcatcher.ws\\\/\",\"name\":\"Dreamcatcher\",\"description\":\"\",\"publisher\":{\"@id\":\"https:\\\/\\\/dreamcatcher.ws\\\/#organization\"},\"potentialAction\":[{\"@type\":\"SearchAction\",\"target\":{\"@type\":\"EntryPoint\",\"urlTemplate\":\"https:\\\/\\\/dreamcatcher.ws\\\/?s={search_term_string}\"},\"query-input\":{\"@type\":\"PropertyValueSpecification\",\"valueRequired\":true,\"valueName\":\"search_term_string\"}}],\"inLanguage\":\"es\"},{\"@type\":\"Organization\",\"@id\":\"https:\\\/\\\/dreamcatcher.ws\\\/#organization\",\"name\":\"Dreamcatcher\",\"url\":\"https:\\\/\\\/dreamcatcher.ws\\\/\",\"logo\":{\"@type\":\"ImageObject\",\"inLanguage\":\"es\",\"@id\":\"https:\\\/\\\/dreamcatcher.ws\\\/#\\\/schema\\\/logo\\\/image\\\/\",\"url\":\"https:\\\/\\\/dreamcatcher.ws\\\/wp-content\\\/uploads\\\/2025\\\/01\\\/site-thum.png\",\"contentUrl\":\"https:\\\/\\\/dreamcatcher.ws\\\/wp-content\\\/uploads\\\/2025\\\/01\\\/site-thum.png\",\"width\":536,\"height\":536,\"caption\":\"Dreamcatcher\"},\"image\":{\"@id\":\"https:\\\/\\\/dreamcatcher.ws\\\/#\\\/schema\\\/logo\\\/image\\\/\"}}]}<\/script>\n<!-- \/ Yoast SEO plugin. -->","yoast_head_json":{"title":"Empleo - Dreamcatcher","robots":{"index":"index","follow":"follow","max-snippet":"max-snippet:-1","max-image-preview":"max-image-preview:large","max-video-preview":"max-video-preview:-1"},"canonical":"https:\/\/dreamcatcher.ws\/careers\/","og_locale":"es_ES","og_type":"article","og_title":"Empleo - Dreamcatcher","og_description":"CARRERAS Ofertas de empleo actuales EN RIYADH, SEDE REGIONAL DE ARABIA SAUD\u00cd DREAMCATCHER es una empresa que ofrece igualdad de oportunidades. Las personas que buscan empleo son consideradas sin distinci\u00f3n de raza, color, religi\u00f3n, origen nacional, edad, sexo, estado civil, ascendencia, discapacidad f\u00edsica o mental, condici\u00f3n de veterano, orientaci\u00f3n sexual o cualquier otra categor\u00eda protegida [&hellip;]","og_url":"https:\/\/dreamcatcher.ws\/careers\/","og_site_name":"Dreamcatcher","article_modified_time":"2025-01-30T14:46:39+00:00","og_image":[{"width":536,"height":536,"url":"https:\/\/dreamcatcher.ws\/wp-content\/uploads\/2025\/01\/site-thum.png","type":"image\/png"}],"twitter_card":"summary_large_image","twitter_misc":{"Tiempo de lectura":"1 minuto"},"schema":{"@context":"https:\/\/schema.org","@graph":[{"@type":"WebPage","@id":"https:\/\/dreamcatcher.ws\/careers\/","url":"https:\/\/dreamcatcher.ws\/careers\/","name":"Empleo - Dreamcatcher","isPartOf":{"@id":"https:\/\/dreamcatcher.ws\/#website"},"primaryImageOfPage":{"@id":"https:\/\/dreamcatcher.ws\/careers\/#primaryimage"},"image":{"@id":"https:\/\/dreamcatcher.ws\/careers\/#primaryimage"},"thumbnailUrl":"https:\/\/dreamcatcher.ws\/wp-content\/uploads\/2025\/01\/site-thum.png","datePublished":"2025-01-09T12:53:31+00:00","dateModified":"2025-01-30T14:46:39+00:00","breadcrumb":{"@id":"https:\/\/dreamcatcher.ws\/careers\/#breadcrumb"},"inLanguage":"es","potentialAction":[{"@type":"ReadAction","target":["https:\/\/dreamcatcher.ws\/careers\/"]}]},{"@type":"ImageObject","inLanguage":"es","@id":"https:\/\/dreamcatcher.ws\/careers\/#primaryimage","url":"https:\/\/dreamcatcher.ws\/wp-content\/uploads\/2025\/01\/site-thum.png","contentUrl":"https:\/\/dreamcatcher.ws\/wp-content\/uploads\/2025\/01\/site-thum.png","width":536,"height":536},{"@type":"BreadcrumbList","@id":"https:\/\/dreamcatcher.ws\/careers\/#breadcrumb","itemListElement":[{"@type":"ListItem","position":1,"name":"Home","item":"https:\/\/dreamcatcher.ws\/"},{"@type":"ListItem","position":2,"name":"Empleo"}]},{"@type":"WebSite","@id":"https:\/\/dreamcatcher.ws\/#website","url":"https:\/\/dreamcatcher.ws\/","name":"Dreamcatcher","description":"","publisher":{"@id":"https:\/\/dreamcatcher.ws\/#organization"},"potentialAction":[{"@type":"SearchAction","target":{"@type":"EntryPoint","urlTemplate":"https:\/\/dreamcatcher.ws\/?s={search_term_string}"},"query-input":{"@type":"PropertyValueSpecification","valueRequired":true,"valueName":"search_term_string"}}],"inLanguage":"es"},{"@type":"Organization","@id":"https:\/\/dreamcatcher.ws\/#organization","name":"Dreamcatcher","url":"https:\/\/dreamcatcher.ws\/","logo":{"@type":"ImageObject","inLanguage":"es","@id":"https:\/\/dreamcatcher.ws\/#\/schema\/logo\/image\/","url":"https:\/\/dreamcatcher.ws\/wp-content\/uploads\/2025\/01\/site-thum.png","contentUrl":"https:\/\/dreamcatcher.ws\/wp-content\/uploads\/2025\/01\/site-thum.png","width":536,"height":536,"caption":"Dreamcatcher"},"image":{"@id":"https:\/\/dreamcatcher.ws\/#\/schema\/logo\/image\/"}}]}},"_links":{"self":[{"href":"https:\/\/dreamcatcher.ws\/es\/wp-json\/wp\/v2\/pages\/7190","targetHints":{"allow":["GET"]}}],"collection":[{"href":"https:\/\/dreamcatcher.ws\/es\/wp-json\/wp\/v2\/pages"}],"about":[{"href":"https:\/\/dreamcatcher.ws\/es\/wp-json\/wp\/v2\/types\/page"}],"author":[{"embeddable":true,"href":"https:\/\/dreamcatcher.ws\/es\/wp-json\/wp\/v2\/users\/1"}],"replies":[{"embeddable":true,"href":"https:\/\/dreamcatcher.ws\/es\/wp-json\/wp\/v2\/comments?post=7190"}],"version-history":[{"count":0,"href":"https:\/\/dreamcatcher.ws\/es\/wp-json\/wp\/v2\/pages\/7190\/revisions"}],"wp:featuredmedia":[{"embeddable":true,"href":"https:\/\/dreamcatcher.ws\/es\/wp-json\/wp\/v2\/media\/7191"}],"wp:attachment":[{"href":"https:\/\/dreamcatcher.ws\/es\/wp-json\/wp\/v2\/media?parent=7190"}],"curies":[{"name":"wp","href":"https:\/\/api.w.org\/{rel}","templated":true}]}}